{"id":21444,"date":"2026-04-30T09:01:57","date_gmt":"2026-04-30T16:01:57","guid":{"rendered":"https:\/\/acfa.ab.ca\/product\/lanire-acfa-paquet-de-25\/"},"modified":"2026-04-30T09:03:37","modified_gmt":"2026-04-30T16:03:37","slug":"lanire-acfa-paquet-de-25","status":"publish","type":"product","link":"https:\/\/acfa.ab.ca\/en\/product\/lanire-acfa-paquet-de-25\/","title":{"rendered":"Lani\u00e8re \u201cACFA\u201d &#8211; Paquet de 25"},"content":{"rendered":"","protected":false},"excerpt":{"rendered":"<p>Lani\u00e8re &#8220;ACFA&#8221; avec syst\u00e8me de s\u00e9curit\u00e9.<\/p>\n<p>Dimensions : 48cmx2cm \/ 18,9&#8243;x0,78&#8243;<\/p>\n<p>&nbsp;<\/p>\n<p>Montrez votre appartenance \u00e0 l\u2019ACFA o\u00f9 que vous alliez gr\u00e2ce \u00e0 cette lani\u00e8re \u00e9l\u00e9gante et pratique.<\/p>\n<p>Avec son logo ACFA bien en vue et son syst\u00e8me de s\u00e9curit\u00e9 int\u00e9gr\u00e9, elle est parfaite pour garder vos cl\u00e9s, cartes ou badges \u00e0 port\u00e9e de main.<\/p>\n<p>Un accessoire simple, utile et rempli de sens communautaire\u202f!<\/p>\n<p>&nbsp;<\/p>\n<p>&nbsp;<\/p>\n","protected":false},"featured_media":19988,"comment_status":"closed","ping_status":"closed","template":"","meta":[],"product_brand":[],"product_cat":[193,61,60],"product_tag":[],"class_list":{"0":"post-21444","1":"product","2":"type-product","3":"status-publish","4":"has-post-thumbnail","6":"product_cat-objets-pratiques-et-evenements","7":"product_cat-tous-les-produits","8":"product_cat-accessoires","9":"product_shipping_class-domestic","12":"first","13":"instock","14":"taxable","15":"shipping-taxable","16":"purchasable","17":"product-type-simple"},"yoast_head":"<!-- This site is optimized with the Yoast SEO plugin v27.3 - https:\/\/yoast.com\/product\/yoast-seo-wordpress\/ -->\n<title>Lani\u00e8re \u201cACFA\u201d - Paquet de 25 - ACFA<\/title>\n<meta name=\"robots\" content=\"index, follow, max-snippet:-1, max-image-preview:large, max-video-preview:-1\" \/>\n<link rel=\"canonical\" href=\"https:\/\/acfa.ab.ca\/produit\/lanire-acfa-paquet-de-25\/\" \/>\n<meta property=\"og:locale\" content=\"en_US\" \/>\n<meta property=\"og:type\" content=\"article\" \/>\n<meta property=\"og:title\" content=\"Lani\u00e8re \u201cACFA\u201d - Paquet de 25 - ACFA\" \/>\n<meta property=\"og:description\" content=\"Lani\u00e8re &quot;ACFA&quot; avec syst\u00e8me de s\u00e9curit\u00e9.  Dimensions : 48cmx2cm \/ 18,9&quot;x0,78&quot;  &nbsp;  Montrez votre appartenance \u00e0 l\u2019ACFA o\u00f9 que vous alliez gr\u00e2ce \u00e0 cette lani\u00e8re \u00e9l\u00e9gante et pratique.  Avec son logo ACFA bien en vue et son syst\u00e8me de s\u00e9curit\u00e9 int\u00e9gr\u00e9, elle est parfaite pour garder vos cl\u00e9s, cartes ou badges \u00e0 port\u00e9e de main.  Un accessoire simple, utile et rempli de sens communautaire\u202f!  &nbsp;  &nbsp;\" \/>\n<meta property=\"og:url\" content=\"https:\/\/acfa.ab.ca\/produit\/lanire-acfa-paquet-de-25\/\" \/>\n<meta property=\"og:site_name\" content=\"ACFA\" \/>\n<meta property=\"article:modified_time\" content=\"2026-04-30T16:03:37+00:00\" \/>\n<meta property=\"og:image\" content=\"https:\/\/acfa.ab.ca\/wp-content\/uploads\/2022\/08\/ChatGPT-Image-14-janv.-2026-01_02_05.png\" \/>\n\t<meta property=\"og:image:width\" content=\"1024\" \/>\n\t<meta property=\"og:image:height\" content=\"1536\" \/>\n\t<meta property=\"og:image:type\" content=\"image\/png\" \/>\n<meta name=\"twitter:card\" content=\"summary_large_image\" \/>\n<meta name=\"twitter:label1\" content=\"Est. reading time\" \/>\n\t<meta name=\"twitter:data1\" content=\"1 minute\" \/>\n<script type=\"application\/ld+json\" class=\"yoast-schema-graph\">{\"@context\":\"https:\\\/\\\/schema.org\",\"@graph\":[{\"@type\":\"WebPage\",\"@id\":\"https:\\\/\\\/acfa.ab.ca\\\/produit\\\/lanire-acfa-paquet-de-25\\\/\",\"url\":\"https:\\\/\\\/acfa.ab.ca\\\/produit\\\/lanire-acfa-paquet-de-25\\\/\",\"name\":\"Lani\u00e8re \u201cACFA\u201d - Paquet de 25 - ACFA\",\"isPartOf\":{\"@id\":\"https:\\\/\\\/acfa.ab.ca\\\/#website\"},\"primaryImageOfPage\":{\"@id\":\"https:\\\/\\\/acfa.ab.ca\\\/produit\\\/lanire-acfa-paquet-de-25\\\/#primaryimage\"},\"image\":{\"@id\":\"https:\\\/\\\/acfa.ab.ca\\\/produit\\\/lanire-acfa-paquet-de-25\\\/#primaryimage\"},\"thumbnailUrl\":\"https:\\\/\\\/acfa.ab.ca\\\/wp-content\\\/uploads\\\/2022\\\/08\\\/ChatGPT-Image-14-janv.-2026-01_02_05.png\",\"datePublished\":\"2026-04-30T16:01:57+00:00\",\"dateModified\":\"2026-04-30T16:03:37+00:00\",\"breadcrumb\":{\"@id\":\"https:\\\/\\\/acfa.ab.ca\\\/produit\\\/lanire-acfa-paquet-de-25\\\/#breadcrumb\"},\"inLanguage\":\"en-US\",\"potentialAction\":[{\"@type\":\"ReadAction\",\"target\":[\"https:\\\/\\\/acfa.ab.ca\\\/produit\\\/lanire-acfa-paquet-de-25\\\/\"]}]},{\"@type\":\"ImageObject\",\"inLanguage\":\"en-US\",\"@id\":\"https:\\\/\\\/acfa.ab.ca\\\/produit\\\/lanire-acfa-paquet-de-25\\\/#primaryimage\",\"url\":\"https:\\\/\\\/acfa.ab.ca\\\/wp-content\\\/uploads\\\/2022\\\/08\\\/ChatGPT-Image-14-janv.-2026-01_02_05.png\",\"contentUrl\":\"https:\\\/\\\/acfa.ab.ca\\\/wp-content\\\/uploads\\\/2022\\\/08\\\/ChatGPT-Image-14-janv.-2026-01_02_05.png\",\"width\":1024,\"height\":1536},{\"@type\":\"BreadcrumbList\",\"@id\":\"https:\\\/\\\/acfa.ab.ca\\\/produit\\\/lanire-acfa-paquet-de-25\\\/#breadcrumb\",\"itemListElement\":[{\"@type\":\"ListItem\",\"position\":1,\"name\":\"Accueil\",\"item\":\"https:\\\/\\\/acfa.ab.ca\\\/en\\\/\"},{\"@type\":\"ListItem\",\"position\":2,\"name\":\"Shop\",\"item\":\"https:\\\/\\\/acfa.ab.ca\\\/en\\\/boutique\\\/\"},{\"@type\":\"ListItem\",\"position\":3,\"name\":\"Lani\u00e8re \u201cACFA\u201d &#8211; Paquet de 25\"}]},{\"@type\":\"WebSite\",\"@id\":\"https:\\\/\\\/acfa.ab.ca\\\/#website\",\"url\":\"https:\\\/\\\/acfa.ab.ca\\\/\",\"name\":\"ACFA\",\"description\":\"Association de tous les francophones en Alberta\",\"publisher\":{\"@id\":\"https:\\\/\\\/acfa.ab.ca\\\/#organization\"},\"potentialAction\":[{\"@type\":\"SearchAction\",\"target\":{\"@type\":\"EntryPoint\",\"urlTemplate\":\"https:\\\/\\\/acfa.ab.ca\\\/?s={search_term_string}\"},\"query-input\":{\"@type\":\"PropertyValueSpecification\",\"valueRequired\":true,\"valueName\":\"search_term_string\"}}],\"inLanguage\":\"en-US\"},{\"@type\":\"Organization\",\"@id\":\"https:\\\/\\\/acfa.ab.ca\\\/#organization\",\"name\":\"ACFA : Association canadienne-fran\u00e7aise de l'Alberta\",\"url\":\"https:\\\/\\\/acfa.ab.ca\\\/\",\"logo\":{\"@type\":\"ImageObject\",\"inLanguage\":\"en-US\",\"@id\":\"https:\\\/\\\/acfa.ab.ca\\\/#\\\/schema\\\/logo\\\/image\\\/\",\"url\":\"https:\\\/\\\/acfa.ab.ca\\\/wp-content\\\/uploads\\\/2022\\\/07\\\/logo-white.png\",\"contentUrl\":\"https:\\\/\\\/acfa.ab.ca\\\/wp-content\\\/uploads\\\/2022\\\/07\\\/logo-white.png\",\"width\":3414,\"height\":1228,\"caption\":\"ACFA : Association canadienne-fran\u00e7aise de l'Alberta\"},\"image\":{\"@id\":\"https:\\\/\\\/acfa.ab.ca\\\/#\\\/schema\\\/logo\\\/image\\\/\"}}]}<\/script>\n<!-- \/ Yoast SEO plugin. -->","yoast_head_json":{"title":"Lani\u00e8re \u201cACFA\u201d - Paquet de 25 - ACFA","robots":{"index":"index","follow":"follow","max-snippet":"max-snippet:-1","max-image-preview":"max-image-preview:large","max-video-preview":"max-video-preview:-1"},"canonical":"https:\/\/acfa.ab.ca\/produit\/lanire-acfa-paquet-de-25\/","og_locale":"en_US","og_type":"article","og_title":"Lani\u00e8re \u201cACFA\u201d - Paquet de 25 - ACFA","og_description":"Lani\u00e8re \"ACFA\" avec syst\u00e8me de s\u00e9curit\u00e9.  Dimensions : 48cmx2cm \/ 18,9\"x0,78\"  &nbsp;  Montrez votre appartenance \u00e0 l\u2019ACFA o\u00f9 que vous alliez gr\u00e2ce \u00e0 cette lani\u00e8re \u00e9l\u00e9gante et pratique.  Avec son logo ACFA bien en vue et son syst\u00e8me de s\u00e9curit\u00e9 int\u00e9gr\u00e9, elle est parfaite pour garder vos cl\u00e9s, cartes ou badges \u00e0 port\u00e9e de main.  Un accessoire simple, utile et rempli de sens communautaire\u202f!  &nbsp;  &nbsp;","og_url":"https:\/\/acfa.ab.ca\/produit\/lanire-acfa-paquet-de-25\/","og_site_name":"ACFA","article_modified_time":"2026-04-30T16:03:37+00:00","og_image":[{"width":1024,"height":1536,"url":"https:\/\/acfa.ab.ca\/wp-content\/uploads\/2022\/08\/ChatGPT-Image-14-janv.-2026-01_02_05.png","type":"image\/png"}],"twitter_card":"summary_large_image","twitter_misc":{"Est. reading time":"1 minute"},"schema":{"@context":"https:\/\/schema.org","@graph":[{"@type":"WebPage","@id":"https:\/\/acfa.ab.ca\/produit\/lanire-acfa-paquet-de-25\/","url":"https:\/\/acfa.ab.ca\/produit\/lanire-acfa-paquet-de-25\/","name":"Lani\u00e8re \u201cACFA\u201d - Paquet de 25 - ACFA","isPartOf":{"@id":"https:\/\/acfa.ab.ca\/#website"},"primaryImageOfPage":{"@id":"https:\/\/acfa.ab.ca\/produit\/lanire-acfa-paquet-de-25\/#primaryimage"},"image":{"@id":"https:\/\/acfa.ab.ca\/produit\/lanire-acfa-paquet-de-25\/#primaryimage"},"thumbnailUrl":"https:\/\/acfa.ab.ca\/wp-content\/uploads\/2022\/08\/ChatGPT-Image-14-janv.-2026-01_02_05.png","datePublished":"2026-04-30T16:01:57+00:00","dateModified":"2026-04-30T16:03:37+00:00","breadcrumb":{"@id":"https:\/\/acfa.ab.ca\/produit\/lanire-acfa-paquet-de-25\/#breadcrumb"},"inLanguage":"en-US","potentialAction":[{"@type":"ReadAction","target":["https:\/\/acfa.ab.ca\/produit\/lanire-acfa-paquet-de-25\/"]}]},{"@type":"ImageObject","inLanguage":"en-US","@id":"https:\/\/acfa.ab.ca\/produit\/lanire-acfa-paquet-de-25\/#primaryimage","url":"https:\/\/acfa.ab.ca\/wp-content\/uploads\/2022\/08\/ChatGPT-Image-14-janv.-2026-01_02_05.png","contentUrl":"https:\/\/acfa.ab.ca\/wp-content\/uploads\/2022\/08\/ChatGPT-Image-14-janv.-2026-01_02_05.png","width":1024,"height":1536},{"@type":"BreadcrumbList","@id":"https:\/\/acfa.ab.ca\/produit\/lanire-acfa-paquet-de-25\/#breadcrumb","itemListElement":[{"@type":"ListItem","position":1,"name":"Accueil","item":"https:\/\/acfa.ab.ca\/en\/"},{"@type":"ListItem","position":2,"name":"Shop","item":"https:\/\/acfa.ab.ca\/en\/boutique\/"},{"@type":"ListItem","position":3,"name":"Lani\u00e8re \u201cACFA\u201d &#8211; Paquet de 25"}]},{"@type":"WebSite","@id":"https:\/\/acfa.ab.ca\/#website","url":"https:\/\/acfa.ab.ca\/","name":"ACFA","description":"Association de tous les francophones en Alberta","publisher":{"@id":"https:\/\/acfa.ab.ca\/#organization"},"potentialAction":[{"@type":"SearchAction","target":{"@type":"EntryPoint","urlTemplate":"https:\/\/acfa.ab.ca\/?s={search_term_string}"},"query-input":{"@type":"PropertyValueSpecification","valueRequired":true,"valueName":"search_term_string"}}],"inLanguage":"en-US"},{"@type":"Organization","@id":"https:\/\/acfa.ab.ca\/#organization","name":"ACFA : Association canadienne-fran\u00e7aise de l'Alberta","url":"https:\/\/acfa.ab.ca\/","logo":{"@type":"ImageObject","inLanguage":"en-US","@id":"https:\/\/acfa.ab.ca\/#\/schema\/logo\/image\/","url":"https:\/\/acfa.ab.ca\/wp-content\/uploads\/2022\/07\/logo-white.png","contentUrl":"https:\/\/acfa.ab.ca\/wp-content\/uploads\/2022\/07\/logo-white.png","width":3414,"height":1228,"caption":"ACFA : Association canadienne-fran\u00e7aise de l'Alberta"},"image":{"@id":"https:\/\/acfa.ab.ca\/#\/schema\/logo\/image\/"}}]}},"_links":{"self":[{"href":"https:\/\/acfa.ab.ca\/en\/wp-json\/wp\/v2\/product\/21444","targetHints":{"allow":["GET"]}}],"collection":[{"href":"https:\/\/acfa.ab.ca\/en\/wp-json\/wp\/v2\/product"}],"about":[{"href":"https:\/\/acfa.ab.ca\/en\/wp-json\/wp\/v2\/types\/product"}],"replies":[{"embeddable":true,"href":"https:\/\/acfa.ab.ca\/en\/wp-json\/wp\/v2\/comments?post=21444"}],"wp:featuredmedia":[{"embeddable":true,"href":"https:\/\/acfa.ab.ca\/en\/wp-json\/wp\/v2\/media\/19988"}],"wp:attachment":[{"href":"https:\/\/acfa.ab.ca\/en\/wp-json\/wp\/v2\/media?parent=21444"}],"wp:term":[{"taxonomy":"product_brand","embeddable":true,"href":"https:\/\/acfa.ab.ca\/en\/wp-json\/wp\/v2\/product_brand?post=21444"},{"taxonomy":"product_cat","embeddable":true,"href":"https:\/\/acfa.ab.ca\/en\/wp-json\/wp\/v2\/product_cat?post=21444"},{"taxonomy":"product_tag","embeddable":true,"href":"https:\/\/acfa.ab.ca\/en\/wp-json\/wp\/v2\/product_tag?post=21444"}],"curies":[{"name":"wp","href":"https:\/\/api.w.org\/{rel}","templated":true}]}}