{"id":20116,"date":"2026-01-20T14:00:33","date_gmt":"2026-01-20T21:00:33","guid":{"rendered":"https:\/\/acfa.ab.ca\/?post_type=product&#038;p=20116"},"modified":"2026-02-27T11:30:18","modified_gmt":"2026-02-27T18:30:18","slug":"epinglette-a-leffigie-du-drapeau-franco-albertain-copy-copy","status":"publish","type":"product","link":"https:\/\/acfa.ab.ca\/en\/product\/epinglette-a-leffigie-du-drapeau-franco-albertain-copy-copy\/","title":{"rendered":"\u00c9pinglette \u2013 ACFA 100 ans d\u2019accomplissement &#8211; Paquet de 12"},"content":{"rendered":"","protected":false},"excerpt":{"rendered":"<p data-start=\"294\" data-end=\"562\">C\u00e9l\u00e9brez un si\u00e8cle d\u2019engagement et de fiert\u00e9 francophone avec l\u2019<strong data-start=\"358\" data-end=\"423\">\u00e9pinglette officielle \u00ab 100 ans d\u2019accomplissement de l\u2019ACFA \u00bb<\/strong>. Cet article comm\u00e9moratif rend hommage \u00e0 100 ann\u00e9es de travail, de r\u00e9silience et de r\u00e9alisations au service de la francophonie albertaine.<\/p>\n<p data-start=\"564\" data-end=\"888\">Cette \u00e9pinglette a \u00e9t\u00e9 cr\u00e9\u00e9e pour souligner le <strong data-start=\"611\" data-end=\"643\">centenaire de l\u2019ACFA en 2026<\/strong>, une ann\u00e9e d\u2019autant plus significative qu\u2019elle a \u00e9t\u00e9 <strong data-start=\"697\" data-end=\"767\">d\u00e9clar\u00e9e Ann\u00e9e de la francophonie par le gouvernement de l\u2019Alberta<\/strong>. \u00c9l\u00e9gante et symbolique, elle incarne l\u2019histoire, la reconnaissance et l\u2019avenir de la communaut\u00e9 francophone en Alberta.<\/p>\n<p data-start=\"890\" data-end=\"1065\">Id\u00e9ale \u00e0 porter lors d\u2019\u00e9v\u00e9nements, \u00e0 offrir en cadeau ou \u00e0 conserver comme souvenir, cette \u00e9pinglette permet d\u2019afficher fi\u00e8rement son attachement \u00e0 la francophonie albertaine.<\/p>\n<p data-start=\"1067\" data-end=\"1167\"><strong data-start=\"1069\" data-end=\"1167\">Un objet porteur de sens pour c\u00e9l\u00e9brer le pass\u00e9, honorer le pr\u00e9sent et regarder vers l\u2019avenir.<\/strong><\/p>\n","protected":false},"featured_media":19925,"comment_status":"closed","ping_status":"closed","template":"","meta":[],"product_brand":[],"product_cat":[191,93,61,60],"product_tag":[],"class_list":{"0":"post-20116","1":"product","2":"type-product","3":"status-publish","4":"has-post-thumbnail","6":"product_cat-vetements-et-accessoires","7":"product_cat-nouveautes","8":"product_cat-tous-les-produits","9":"product_cat-accessoires","10":"product_shipping_class-domestic","13":"first","14":"instock","15":"taxable","16":"shipping-taxable","17":"purchasable","18":"product-type-simple"},"yoast_head":"<!-- This site is optimized with the Yoast SEO plugin v27.3 - https:\/\/yoast.com\/product\/yoast-seo-wordpress\/ -->\n<title>\u00c9pinglette \u2013 ACFA 100 ans d\u2019accomplissement - Paquet de 12 - ACFA<\/title>\n<meta name=\"robots\" content=\"index, follow, max-snippet:-1, max-image-preview:large, max-video-preview:-1\" \/>\n<link rel=\"canonical\" href=\"https:\/\/acfa.ab.ca\/produit\/epinglette-a-leffigie-du-drapeau-franco-albertain-copy-copy\/\" \/>\n<meta property=\"og:locale\" content=\"en_US\" \/>\n<meta property=\"og:type\" content=\"article\" \/>\n<meta property=\"og:title\" content=\"\u00c9pinglette \u2013 ACFA 100 ans d\u2019accomplissement - Paquet de 12 - ACFA\" \/>\n<meta property=\"og:description\" content=\"C\u00e9l\u00e9brez un si\u00e8cle d\u2019engagement et de fiert\u00e9 francophone avec l\u2019\u00e9pinglette officielle \u00ab 100 ans d\u2019accomplissement de l\u2019ACFA \u00bb. Cet article comm\u00e9moratif rend hommage \u00e0 100 ann\u00e9es de travail, de r\u00e9silience et de r\u00e9alisations au service de la francophonie albertaine. Cette \u00e9pinglette a \u00e9t\u00e9 cr\u00e9\u00e9e pour souligner le centenaire de l\u2019ACFA en 2026, une ann\u00e9e d\u2019autant plus significative qu\u2019elle a \u00e9t\u00e9 d\u00e9clar\u00e9e Ann\u00e9e de la francophonie par le gouvernement de l\u2019Alberta. \u00c9l\u00e9gante et symbolique, elle incarne l\u2019histoire, la reconnaissance et l\u2019avenir de la communaut\u00e9 francophone en Alberta. Id\u00e9ale \u00e0 porter lors d\u2019\u00e9v\u00e9nements, \u00e0 offrir en cadeau ou \u00e0 conserver comme souvenir, cette \u00e9pinglette permet d\u2019afficher fi\u00e8rement son attachement \u00e0 la francophonie albertaine. Un objet porteur de sens pour c\u00e9l\u00e9brer le pass\u00e9, honorer le pr\u00e9sent et regarder vers l\u2019avenir.\" \/>\n<meta property=\"og:url\" content=\"https:\/\/acfa.ab.ca\/produit\/epinglette-a-leffigie-du-drapeau-franco-albertain-copy-copy\/\" \/>\n<meta property=\"og:site_name\" content=\"ACFA\" \/>\n<meta property=\"article:modified_time\" content=\"2026-02-27T18:30:18+00:00\" \/>\n<meta property=\"og:image\" content=\"https:\/\/acfa.ab.ca\/wp-content\/uploads\/2026\/01\/Images-Boutique-epinglette-100-ans.png\" \/>\n\t<meta property=\"og:image:width\" content=\"880\" \/>\n\t<meta property=\"og:image:height\" content=\"1200\" \/>\n\t<meta property=\"og:image:type\" content=\"image\/png\" \/>\n<meta name=\"twitter:card\" content=\"summary_large_image\" \/>\n<meta name=\"twitter:label1\" content=\"Est. reading time\" \/>\n\t<meta name=\"twitter:data1\" content=\"1 minute\" \/>\n<script type=\"application\/ld+json\" class=\"yoast-schema-graph\">{\"@context\":\"https:\\\/\\\/schema.org\",\"@graph\":[{\"@type\":\"WebPage\",\"@id\":\"https:\\\/\\\/acfa.ab.ca\\\/produit\\\/epinglette-a-leffigie-du-drapeau-franco-albertain-copy-copy\\\/\",\"url\":\"https:\\\/\\\/acfa.ab.ca\\\/produit\\\/epinglette-a-leffigie-du-drapeau-franco-albertain-copy-copy\\\/\",\"name\":\"\u00c9pinglette \u2013 ACFA 100 ans d\u2019accomplissement - Paquet de 12 - ACFA\",\"isPartOf\":{\"@id\":\"https:\\\/\\\/acfa.ab.ca\\\/#website\"},\"primaryImageOfPage\":{\"@id\":\"https:\\\/\\\/acfa.ab.ca\\\/produit\\\/epinglette-a-leffigie-du-drapeau-franco-albertain-copy-copy\\\/#primaryimage\"},\"image\":{\"@id\":\"https:\\\/\\\/acfa.ab.ca\\\/produit\\\/epinglette-a-leffigie-du-drapeau-franco-albertain-copy-copy\\\/#primaryimage\"},\"thumbnailUrl\":\"https:\\\/\\\/acfa.ab.ca\\\/wp-content\\\/uploads\\\/2026\\\/01\\\/Images-Boutique-epinglette-100-ans.png\",\"datePublished\":\"2026-01-20T21:00:33+00:00\",\"dateModified\":\"2026-02-27T18:30:18+00:00\",\"breadcrumb\":{\"@id\":\"https:\\\/\\\/acfa.ab.ca\\\/produit\\\/epinglette-a-leffigie-du-drapeau-franco-albertain-copy-copy\\\/#breadcrumb\"},\"inLanguage\":\"en-US\",\"potentialAction\":[{\"@type\":\"ReadAction\",\"target\":[\"https:\\\/\\\/acfa.ab.ca\\\/produit\\\/epinglette-a-leffigie-du-drapeau-franco-albertain-copy-copy\\\/\"]}]},{\"@type\":\"ImageObject\",\"inLanguage\":\"en-US\",\"@id\":\"https:\\\/\\\/acfa.ab.ca\\\/produit\\\/epinglette-a-leffigie-du-drapeau-franco-albertain-copy-copy\\\/#primaryimage\",\"url\":\"https:\\\/\\\/acfa.ab.ca\\\/wp-content\\\/uploads\\\/2026\\\/01\\\/Images-Boutique-epinglette-100-ans.png\",\"contentUrl\":\"https:\\\/\\\/acfa.ab.ca\\\/wp-content\\\/uploads\\\/2026\\\/01\\\/Images-Boutique-epinglette-100-ans.png\",\"width\":880,\"height\":1200},{\"@type\":\"BreadcrumbList\",\"@id\":\"https:\\\/\\\/acfa.ab.ca\\\/produit\\\/epinglette-a-leffigie-du-drapeau-franco-albertain-copy-copy\\\/#breadcrumb\",\"itemListElement\":[{\"@type\":\"ListItem\",\"position\":1,\"name\":\"Accueil\",\"item\":\"https:\\\/\\\/acfa.ab.ca\\\/en\\\/\"},{\"@type\":\"ListItem\",\"position\":2,\"name\":\"Shop\",\"item\":\"https:\\\/\\\/acfa.ab.ca\\\/en\\\/boutique\\\/\"},{\"@type\":\"ListItem\",\"position\":3,\"name\":\"\u00c9pinglette \u2013 ACFA 100 ans d\u2019accomplissement &#8211; Paquet de 12\"}]},{\"@type\":\"WebSite\",\"@id\":\"https:\\\/\\\/acfa.ab.ca\\\/#website\",\"url\":\"https:\\\/\\\/acfa.ab.ca\\\/\",\"name\":\"ACFA\",\"description\":\"Association de tous les francophones en Alberta\",\"publisher\":{\"@id\":\"https:\\\/\\\/acfa.ab.ca\\\/#organization\"},\"potentialAction\":[{\"@type\":\"SearchAction\",\"target\":{\"@type\":\"EntryPoint\",\"urlTemplate\":\"https:\\\/\\\/acfa.ab.ca\\\/?s={search_term_string}\"},\"query-input\":{\"@type\":\"PropertyValueSpecification\",\"valueRequired\":true,\"valueName\":\"search_term_string\"}}],\"inLanguage\":\"en-US\"},{\"@type\":\"Organization\",\"@id\":\"https:\\\/\\\/acfa.ab.ca\\\/#organization\",\"name\":\"ACFA : Association canadienne-fran\u00e7aise de l'Alberta\",\"url\":\"https:\\\/\\\/acfa.ab.ca\\\/\",\"logo\":{\"@type\":\"ImageObject\",\"inLanguage\":\"en-US\",\"@id\":\"https:\\\/\\\/acfa.ab.ca\\\/#\\\/schema\\\/logo\\\/image\\\/\",\"url\":\"https:\\\/\\\/acfa.ab.ca\\\/wp-content\\\/uploads\\\/2022\\\/07\\\/logo-white.png\",\"contentUrl\":\"https:\\\/\\\/acfa.ab.ca\\\/wp-content\\\/uploads\\\/2022\\\/07\\\/logo-white.png\",\"width\":3414,\"height\":1228,\"caption\":\"ACFA : Association canadienne-fran\u00e7aise de l'Alberta\"},\"image\":{\"@id\":\"https:\\\/\\\/acfa.ab.ca\\\/#\\\/schema\\\/logo\\\/image\\\/\"}}]}<\/script>\n<!-- \/ Yoast SEO plugin. -->","yoast_head_json":{"title":"\u00c9pinglette \u2013 ACFA 100 ans d\u2019accomplissement - Paquet de 12 - ACFA","robots":{"index":"index","follow":"follow","max-snippet":"max-snippet:-1","max-image-preview":"max-image-preview:large","max-video-preview":"max-video-preview:-1"},"canonical":"https:\/\/acfa.ab.ca\/produit\/epinglette-a-leffigie-du-drapeau-franco-albertain-copy-copy\/","og_locale":"en_US","og_type":"article","og_title":"\u00c9pinglette \u2013 ACFA 100 ans d\u2019accomplissement - Paquet de 12 - ACFA","og_description":"C\u00e9l\u00e9brez un si\u00e8cle d\u2019engagement et de fiert\u00e9 francophone avec l\u2019\u00e9pinglette officielle \u00ab 100 ans d\u2019accomplissement de l\u2019ACFA \u00bb. Cet article comm\u00e9moratif rend hommage \u00e0 100 ann\u00e9es de travail, de r\u00e9silience et de r\u00e9alisations au service de la francophonie albertaine. Cette \u00e9pinglette a \u00e9t\u00e9 cr\u00e9\u00e9e pour souligner le centenaire de l\u2019ACFA en 2026, une ann\u00e9e d\u2019autant plus significative qu\u2019elle a \u00e9t\u00e9 d\u00e9clar\u00e9e Ann\u00e9e de la francophonie par le gouvernement de l\u2019Alberta. \u00c9l\u00e9gante et symbolique, elle incarne l\u2019histoire, la reconnaissance et l\u2019avenir de la communaut\u00e9 francophone en Alberta. Id\u00e9ale \u00e0 porter lors d\u2019\u00e9v\u00e9nements, \u00e0 offrir en cadeau ou \u00e0 conserver comme souvenir, cette \u00e9pinglette permet d\u2019afficher fi\u00e8rement son attachement \u00e0 la francophonie albertaine. Un objet porteur de sens pour c\u00e9l\u00e9brer le pass\u00e9, honorer le pr\u00e9sent et regarder vers l\u2019avenir.","og_url":"https:\/\/acfa.ab.ca\/produit\/epinglette-a-leffigie-du-drapeau-franco-albertain-copy-copy\/","og_site_name":"ACFA","article_modified_time":"2026-02-27T18:30:18+00:00","og_image":[{"width":880,"height":1200,"url":"https:\/\/acfa.ab.ca\/wp-content\/uploads\/2026\/01\/Images-Boutique-epinglette-100-ans.png","type":"image\/png"}],"twitter_card":"summary_large_image","twitter_misc":{"Est. reading time":"1 minute"},"schema":{"@context":"https:\/\/schema.org","@graph":[{"@type":"WebPage","@id":"https:\/\/acfa.ab.ca\/produit\/epinglette-a-leffigie-du-drapeau-franco-albertain-copy-copy\/","url":"https:\/\/acfa.ab.ca\/produit\/epinglette-a-leffigie-du-drapeau-franco-albertain-copy-copy\/","name":"\u00c9pinglette \u2013 ACFA 100 ans d\u2019accomplissement - Paquet de 12 - ACFA","isPartOf":{"@id":"https:\/\/acfa.ab.ca\/#website"},"primaryImageOfPage":{"@id":"https:\/\/acfa.ab.ca\/produit\/epinglette-a-leffigie-du-drapeau-franco-albertain-copy-copy\/#primaryimage"},"image":{"@id":"https:\/\/acfa.ab.ca\/produit\/epinglette-a-leffigie-du-drapeau-franco-albertain-copy-copy\/#primaryimage"},"thumbnailUrl":"https:\/\/acfa.ab.ca\/wp-content\/uploads\/2026\/01\/Images-Boutique-epinglette-100-ans.png","datePublished":"2026-01-20T21:00:33+00:00","dateModified":"2026-02-27T18:30:18+00:00","breadcrumb":{"@id":"https:\/\/acfa.ab.ca\/produit\/epinglette-a-leffigie-du-drapeau-franco-albertain-copy-copy\/#breadcrumb"},"inLanguage":"en-US","potentialAction":[{"@type":"ReadAction","target":["https:\/\/acfa.ab.ca\/produit\/epinglette-a-leffigie-du-drapeau-franco-albertain-copy-copy\/"]}]},{"@type":"ImageObject","inLanguage":"en-US","@id":"https:\/\/acfa.ab.ca\/produit\/epinglette-a-leffigie-du-drapeau-franco-albertain-copy-copy\/#primaryimage","url":"https:\/\/acfa.ab.ca\/wp-content\/uploads\/2026\/01\/Images-Boutique-epinglette-100-ans.png","contentUrl":"https:\/\/acfa.ab.ca\/wp-content\/uploads\/2026\/01\/Images-Boutique-epinglette-100-ans.png","width":880,"height":1200},{"@type":"BreadcrumbList","@id":"https:\/\/acfa.ab.ca\/produit\/epinglette-a-leffigie-du-drapeau-franco-albertain-copy-copy\/#breadcrumb","itemListElement":[{"@type":"ListItem","position":1,"name":"Accueil","item":"https:\/\/acfa.ab.ca\/en\/"},{"@type":"ListItem","position":2,"name":"Shop","item":"https:\/\/acfa.ab.ca\/en\/boutique\/"},{"@type":"ListItem","position":3,"name":"\u00c9pinglette \u2013 ACFA 100 ans d\u2019accomplissement &#8211; Paquet de 12"}]},{"@type":"WebSite","@id":"https:\/\/acfa.ab.ca\/#website","url":"https:\/\/acfa.ab.ca\/","name":"ACFA","description":"Association de tous les francophones en Alberta","publisher":{"@id":"https:\/\/acfa.ab.ca\/#organization"},"potentialAction":[{"@type":"SearchAction","target":{"@type":"EntryPoint","urlTemplate":"https:\/\/acfa.ab.ca\/?s={search_term_string}"},"query-input":{"@type":"PropertyValueSpecification","valueRequired":true,"valueName":"search_term_string"}}],"inLanguage":"en-US"},{"@type":"Organization","@id":"https:\/\/acfa.ab.ca\/#organization","name":"ACFA : Association canadienne-fran\u00e7aise de l'Alberta","url":"https:\/\/acfa.ab.ca\/","logo":{"@type":"ImageObject","inLanguage":"en-US","@id":"https:\/\/acfa.ab.ca\/#\/schema\/logo\/image\/","url":"https:\/\/acfa.ab.ca\/wp-content\/uploads\/2022\/07\/logo-white.png","contentUrl":"https:\/\/acfa.ab.ca\/wp-content\/uploads\/2022\/07\/logo-white.png","width":3414,"height":1228,"caption":"ACFA : Association canadienne-fran\u00e7aise de l'Alberta"},"image":{"@id":"https:\/\/acfa.ab.ca\/#\/schema\/logo\/image\/"}}]}},"_links":{"self":[{"href":"https:\/\/acfa.ab.ca\/en\/wp-json\/wp\/v2\/product\/20116","targetHints":{"allow":["GET"]}}],"collection":[{"href":"https:\/\/acfa.ab.ca\/en\/wp-json\/wp\/v2\/product"}],"about":[{"href":"https:\/\/acfa.ab.ca\/en\/wp-json\/wp\/v2\/types\/product"}],"replies":[{"embeddable":true,"href":"https:\/\/acfa.ab.ca\/en\/wp-json\/wp\/v2\/comments?post=20116"}],"wp:featuredmedia":[{"embeddable":true,"href":"https:\/\/acfa.ab.ca\/en\/wp-json\/wp\/v2\/media\/19925"}],"wp:attachment":[{"href":"https:\/\/acfa.ab.ca\/en\/wp-json\/wp\/v2\/media?parent=20116"}],"wp:term":[{"taxonomy":"product_brand","embeddable":true,"href":"https:\/\/acfa.ab.ca\/en\/wp-json\/wp\/v2\/product_brand?post=20116"},{"taxonomy":"product_cat","embeddable":true,"href":"https:\/\/acfa.ab.ca\/en\/wp-json\/wp\/v2\/product_cat?post=20116"},{"taxonomy":"product_tag","embeddable":true,"href":"https:\/\/acfa.ab.ca\/en\/wp-json\/wp\/v2\/product_tag?post=20116"}],"curies":[{"name":"wp","href":"https:\/\/api.w.org\/{rel}","templated":true}]}}