{"id":19759,"date":"2026-01-05T16:26:25","date_gmt":"2026-01-05T23:26:25","guid":{"rendered":"https:\/\/acfa.ab.ca\/?post_type=product&#038;p=19759"},"modified":"2026-01-30T10:57:24","modified_gmt":"2026-01-30T17:57:24","slug":"elles-sappelaient-marie-chorale-saint-jean-copy","status":"publish","type":"product","link":"https:\/\/acfa.ab.ca\/en\/product\/elles-sappelaient-marie-chorale-saint-jean-copy\/","title":{"rendered":"Hiver nation: CD"},"content":{"rendered":"","protected":false},"excerpt":{"rendered":"<p><strong>Titre : Hiver nation<\/strong><\/p>\n<p><strong>\u00c0 propos:\u00a0<\/strong><\/p>\n<p>HIVER NATION est une collection de onze \u0153uvres in\u00e9dites qui font revivre la magie, le myst\u00e8re et la nostalgie, caract\u00e9ristiques bien connues de la saison hivernale. Inspir\u00e9e du titre d\u2019une des pi\u00e8ces, \u2018HIVER NATION\u2019 est une r\u00e9flexion musicale <em>bien de Saison<\/em>\u00a0du Centre de d\u00e9veloppement musical de l\u2019Alberta (CDM).<\/p>\n<p>Les artistes qui proviennent d\u2019un peu partout en province, font d\u00e9couvrir la riche vari\u00e9t\u00e9 de styles et de cultures de la famille franco-albertaine grandissante.<\/p>\n<p>L\u2019auditoire albertain pourra dor\u00e9navant appr\u00e9cier onze\u00a0<em>futurs<\/em>\u00a0<em>Classiques de la Saison<\/em>\u00a0interpr\u00e9t\u00e9s par des artistes bien de chez-nous.<\/p>\n<p>\u2018HIVERNATION\u2019 vient aussi souligner le 25\u00e8me anniversaire de cr\u00e9ation du CDM.<\/p>\n","protected":false},"featured_media":20336,"comment_status":"closed","ping_status":"closed","template":"","meta":[],"product_brand":[],"product_cat":[174,190,93,61],"product_tag":[],"class_list":{"0":"post-19759","1":"product","2":"type-product","3":"status-publish","4":"has-post-thumbnail","6":"product_cat-livres-et-disques","7":"product_cat-disques","8":"product_cat-nouveautes","9":"product_cat-tous-les-produits","10":"product_shipping_class-domestic","13":"first","14":"instock","15":"taxable","16":"shipping-taxable","17":"purchasable","18":"product-type-simple"},"yoast_head":"<!-- This site is optimized with the Yoast SEO plugin v27.3 - https:\/\/yoast.com\/product\/yoast-seo-wordpress\/ -->\n<title>Hiver nation: CD - ACFA<\/title>\n<meta name=\"robots\" content=\"index, follow, max-snippet:-1, max-image-preview:large, max-video-preview:-1\" \/>\n<link rel=\"canonical\" href=\"https:\/\/acfa.ab.ca\/produit\/elles-sappelaient-marie-chorale-saint-jean-copy\/\" \/>\n<meta property=\"og:locale\" content=\"en_US\" \/>\n<meta property=\"og:type\" content=\"article\" \/>\n<meta property=\"og:title\" content=\"Hiver nation: CD - ACFA\" \/>\n<meta property=\"og:description\" content=\"Titre : Hiver nation  \u00c0 propos:\u00a0  HIVER NATION est une collection de onze \u0153uvres in\u00e9dites qui font revivre la magie, le myst\u00e8re et la nostalgie, caract\u00e9ristiques bien connues de la saison hivernale. Inspir\u00e9e du titre d\u2019une des pi\u00e8ces, \u2018HIVER NATION\u2019 est une r\u00e9flexion musicale bien de Saison\u00a0du Centre de d\u00e9veloppement musical de l\u2019Alberta (CDM).  Les artistes qui proviennent d\u2019un peu partout en province, font d\u00e9couvrir la riche vari\u00e9t\u00e9 de styles et de cultures de la famille franco-albertaine grandissante.  L\u2019auditoire albertain pourra dor\u00e9navant appr\u00e9cier onze\u00a0futurs\u00a0Classiques de la Saison\u00a0interpr\u00e9t\u00e9s par des artistes bien de chez-nous.  \u2018HIVERNATION\u2019 vient aussi souligner le 25\u00e8me anniversaire de cr\u00e9ation du CDM.\" \/>\n<meta property=\"og:url\" content=\"https:\/\/acfa.ab.ca\/produit\/elles-sappelaient-marie-chorale-saint-jean-copy\/\" \/>\n<meta property=\"og:site_name\" content=\"ACFA\" \/>\n<meta property=\"article:modified_time\" content=\"2026-01-30T17:57:24+00:00\" \/>\n<meta property=\"og:image\" content=\"https:\/\/acfa.ab.ca\/wp-content\/uploads\/2026\/01\/Image-Boutique-ACFA304.jpg\" \/>\n\t<meta property=\"og:image:width\" content=\"760\" \/>\n\t<meta property=\"og:image:height\" content=\"726\" \/>\n\t<meta property=\"og:image:type\" content=\"image\/jpeg\" \/>\n<meta name=\"twitter:card\" content=\"summary_large_image\" \/>\n<meta name=\"twitter:label1\" content=\"Est. reading time\" \/>\n\t<meta name=\"twitter:data1\" content=\"1 minute\" \/>\n<script type=\"application\/ld+json\" class=\"yoast-schema-graph\">{\"@context\":\"https:\\\/\\\/schema.org\",\"@graph\":[{\"@type\":\"WebPage\",\"@id\":\"https:\\\/\\\/acfa.ab.ca\\\/produit\\\/elles-sappelaient-marie-chorale-saint-jean-copy\\\/\",\"url\":\"https:\\\/\\\/acfa.ab.ca\\\/produit\\\/elles-sappelaient-marie-chorale-saint-jean-copy\\\/\",\"name\":\"Hiver nation: CD - ACFA\",\"isPartOf\":{\"@id\":\"https:\\\/\\\/acfa.ab.ca\\\/#website\"},\"primaryImageOfPage\":{\"@id\":\"https:\\\/\\\/acfa.ab.ca\\\/produit\\\/elles-sappelaient-marie-chorale-saint-jean-copy\\\/#primaryimage\"},\"image\":{\"@id\":\"https:\\\/\\\/acfa.ab.ca\\\/produit\\\/elles-sappelaient-marie-chorale-saint-jean-copy\\\/#primaryimage\"},\"thumbnailUrl\":\"https:\\\/\\\/acfa.ab.ca\\\/wp-content\\\/uploads\\\/2026\\\/01\\\/Image-Boutique-ACFA304.jpg\",\"datePublished\":\"2026-01-05T23:26:25+00:00\",\"dateModified\":\"2026-01-30T17:57:24+00:00\",\"breadcrumb\":{\"@id\":\"https:\\\/\\\/acfa.ab.ca\\\/produit\\\/elles-sappelaient-marie-chorale-saint-jean-copy\\\/#breadcrumb\"},\"inLanguage\":\"en-US\",\"potentialAction\":[{\"@type\":\"ReadAction\",\"target\":[\"https:\\\/\\\/acfa.ab.ca\\\/produit\\\/elles-sappelaient-marie-chorale-saint-jean-copy\\\/\"]}]},{\"@type\":\"ImageObject\",\"inLanguage\":\"en-US\",\"@id\":\"https:\\\/\\\/acfa.ab.ca\\\/produit\\\/elles-sappelaient-marie-chorale-saint-jean-copy\\\/#primaryimage\",\"url\":\"https:\\\/\\\/acfa.ab.ca\\\/wp-content\\\/uploads\\\/2026\\\/01\\\/Image-Boutique-ACFA304.jpg\",\"contentUrl\":\"https:\\\/\\\/acfa.ab.ca\\\/wp-content\\\/uploads\\\/2026\\\/01\\\/Image-Boutique-ACFA304.jpg\",\"width\":760,\"height\":726},{\"@type\":\"BreadcrumbList\",\"@id\":\"https:\\\/\\\/acfa.ab.ca\\\/produit\\\/elles-sappelaient-marie-chorale-saint-jean-copy\\\/#breadcrumb\",\"itemListElement\":[{\"@type\":\"ListItem\",\"position\":1,\"name\":\"Accueil\",\"item\":\"https:\\\/\\\/acfa.ab.ca\\\/en\\\/\"},{\"@type\":\"ListItem\",\"position\":2,\"name\":\"Shop\",\"item\":\"https:\\\/\\\/acfa.ab.ca\\\/en\\\/boutique\\\/\"},{\"@type\":\"ListItem\",\"position\":3,\"name\":\"Hiver nation: CD\"}]},{\"@type\":\"WebSite\",\"@id\":\"https:\\\/\\\/acfa.ab.ca\\\/#website\",\"url\":\"https:\\\/\\\/acfa.ab.ca\\\/\",\"name\":\"ACFA\",\"description\":\"Association de tous les francophones en Alberta\",\"publisher\":{\"@id\":\"https:\\\/\\\/acfa.ab.ca\\\/#organization\"},\"potentialAction\":[{\"@type\":\"SearchAction\",\"target\":{\"@type\":\"EntryPoint\",\"urlTemplate\":\"https:\\\/\\\/acfa.ab.ca\\\/?s={search_term_string}\"},\"query-input\":{\"@type\":\"PropertyValueSpecification\",\"valueRequired\":true,\"valueName\":\"search_term_string\"}}],\"inLanguage\":\"en-US\"},{\"@type\":\"Organization\",\"@id\":\"https:\\\/\\\/acfa.ab.ca\\\/#organization\",\"name\":\"ACFA : Association canadienne-fran\u00e7aise de l'Alberta\",\"url\":\"https:\\\/\\\/acfa.ab.ca\\\/\",\"logo\":{\"@type\":\"ImageObject\",\"inLanguage\":\"en-US\",\"@id\":\"https:\\\/\\\/acfa.ab.ca\\\/#\\\/schema\\\/logo\\\/image\\\/\",\"url\":\"https:\\\/\\\/acfa.ab.ca\\\/wp-content\\\/uploads\\\/2022\\\/07\\\/logo-white.png\",\"contentUrl\":\"https:\\\/\\\/acfa.ab.ca\\\/wp-content\\\/uploads\\\/2022\\\/07\\\/logo-white.png\",\"width\":3414,\"height\":1228,\"caption\":\"ACFA : Association canadienne-fran\u00e7aise de l'Alberta\"},\"image\":{\"@id\":\"https:\\\/\\\/acfa.ab.ca\\\/#\\\/schema\\\/logo\\\/image\\\/\"}}]}<\/script>\n<!-- \/ Yoast SEO plugin. -->","yoast_head_json":{"title":"Hiver nation: CD - ACFA","robots":{"index":"index","follow":"follow","max-snippet":"max-snippet:-1","max-image-preview":"max-image-preview:large","max-video-preview":"max-video-preview:-1"},"canonical":"https:\/\/acfa.ab.ca\/produit\/elles-sappelaient-marie-chorale-saint-jean-copy\/","og_locale":"en_US","og_type":"article","og_title":"Hiver nation: CD - ACFA","og_description":"Titre : Hiver nation  \u00c0 propos:\u00a0  HIVER NATION est une collection de onze \u0153uvres in\u00e9dites qui font revivre la magie, le myst\u00e8re et la nostalgie, caract\u00e9ristiques bien connues de la saison hivernale. Inspir\u00e9e du titre d\u2019une des pi\u00e8ces, \u2018HIVER NATION\u2019 est une r\u00e9flexion musicale bien de Saison\u00a0du Centre de d\u00e9veloppement musical de l\u2019Alberta (CDM).  Les artistes qui proviennent d\u2019un peu partout en province, font d\u00e9couvrir la riche vari\u00e9t\u00e9 de styles et de cultures de la famille franco-albertaine grandissante.  L\u2019auditoire albertain pourra dor\u00e9navant appr\u00e9cier onze\u00a0futurs\u00a0Classiques de la Saison\u00a0interpr\u00e9t\u00e9s par des artistes bien de chez-nous.  \u2018HIVERNATION\u2019 vient aussi souligner le 25\u00e8me anniversaire de cr\u00e9ation du CDM.","og_url":"https:\/\/acfa.ab.ca\/produit\/elles-sappelaient-marie-chorale-saint-jean-copy\/","og_site_name":"ACFA","article_modified_time":"2026-01-30T17:57:24+00:00","og_image":[{"width":760,"height":726,"url":"https:\/\/acfa.ab.ca\/wp-content\/uploads\/2026\/01\/Image-Boutique-ACFA304.jpg","type":"image\/jpeg"}],"twitter_card":"summary_large_image","twitter_misc":{"Est. reading time":"1 minute"},"schema":{"@context":"https:\/\/schema.org","@graph":[{"@type":"WebPage","@id":"https:\/\/acfa.ab.ca\/produit\/elles-sappelaient-marie-chorale-saint-jean-copy\/","url":"https:\/\/acfa.ab.ca\/produit\/elles-sappelaient-marie-chorale-saint-jean-copy\/","name":"Hiver nation: CD - ACFA","isPartOf":{"@id":"https:\/\/acfa.ab.ca\/#website"},"primaryImageOfPage":{"@id":"https:\/\/acfa.ab.ca\/produit\/elles-sappelaient-marie-chorale-saint-jean-copy\/#primaryimage"},"image":{"@id":"https:\/\/acfa.ab.ca\/produit\/elles-sappelaient-marie-chorale-saint-jean-copy\/#primaryimage"},"thumbnailUrl":"https:\/\/acfa.ab.ca\/wp-content\/uploads\/2026\/01\/Image-Boutique-ACFA304.jpg","datePublished":"2026-01-05T23:26:25+00:00","dateModified":"2026-01-30T17:57:24+00:00","breadcrumb":{"@id":"https:\/\/acfa.ab.ca\/produit\/elles-sappelaient-marie-chorale-saint-jean-copy\/#breadcrumb"},"inLanguage":"en-US","potentialAction":[{"@type":"ReadAction","target":["https:\/\/acfa.ab.ca\/produit\/elles-sappelaient-marie-chorale-saint-jean-copy\/"]}]},{"@type":"ImageObject","inLanguage":"en-US","@id":"https:\/\/acfa.ab.ca\/produit\/elles-sappelaient-marie-chorale-saint-jean-copy\/#primaryimage","url":"https:\/\/acfa.ab.ca\/wp-content\/uploads\/2026\/01\/Image-Boutique-ACFA304.jpg","contentUrl":"https:\/\/acfa.ab.ca\/wp-content\/uploads\/2026\/01\/Image-Boutique-ACFA304.jpg","width":760,"height":726},{"@type":"BreadcrumbList","@id":"https:\/\/acfa.ab.ca\/produit\/elles-sappelaient-marie-chorale-saint-jean-copy\/#breadcrumb","itemListElement":[{"@type":"ListItem","position":1,"name":"Accueil","item":"https:\/\/acfa.ab.ca\/en\/"},{"@type":"ListItem","position":2,"name":"Shop","item":"https:\/\/acfa.ab.ca\/en\/boutique\/"},{"@type":"ListItem","position":3,"name":"Hiver nation: CD"}]},{"@type":"WebSite","@id":"https:\/\/acfa.ab.ca\/#website","url":"https:\/\/acfa.ab.ca\/","name":"ACFA","description":"Association de tous les francophones en Alberta","publisher":{"@id":"https:\/\/acfa.ab.ca\/#organization"},"potentialAction":[{"@type":"SearchAction","target":{"@type":"EntryPoint","urlTemplate":"https:\/\/acfa.ab.ca\/?s={search_term_string}"},"query-input":{"@type":"PropertyValueSpecification","valueRequired":true,"valueName":"search_term_string"}}],"inLanguage":"en-US"},{"@type":"Organization","@id":"https:\/\/acfa.ab.ca\/#organization","name":"ACFA : Association canadienne-fran\u00e7aise de l'Alberta","url":"https:\/\/acfa.ab.ca\/","logo":{"@type":"ImageObject","inLanguage":"en-US","@id":"https:\/\/acfa.ab.ca\/#\/schema\/logo\/image\/","url":"https:\/\/acfa.ab.ca\/wp-content\/uploads\/2022\/07\/logo-white.png","contentUrl":"https:\/\/acfa.ab.ca\/wp-content\/uploads\/2022\/07\/logo-white.png","width":3414,"height":1228,"caption":"ACFA : Association canadienne-fran\u00e7aise de l'Alberta"},"image":{"@id":"https:\/\/acfa.ab.ca\/#\/schema\/logo\/image\/"}}]}},"_links":{"self":[{"href":"https:\/\/acfa.ab.ca\/en\/wp-json\/wp\/v2\/product\/19759","targetHints":{"allow":["GET"]}}],"collection":[{"href":"https:\/\/acfa.ab.ca\/en\/wp-json\/wp\/v2\/product"}],"about":[{"href":"https:\/\/acfa.ab.ca\/en\/wp-json\/wp\/v2\/types\/product"}],"replies":[{"embeddable":true,"href":"https:\/\/acfa.ab.ca\/en\/wp-json\/wp\/v2\/comments?post=19759"}],"wp:featuredmedia":[{"embeddable":true,"href":"https:\/\/acfa.ab.ca\/en\/wp-json\/wp\/v2\/media\/20336"}],"wp:attachment":[{"href":"https:\/\/acfa.ab.ca\/en\/wp-json\/wp\/v2\/media?parent=19759"}],"wp:term":[{"taxonomy":"product_brand","embeddable":true,"href":"https:\/\/acfa.ab.ca\/en\/wp-json\/wp\/v2\/product_brand?post=19759"},{"taxonomy":"product_cat","embeddable":true,"href":"https:\/\/acfa.ab.ca\/en\/wp-json\/wp\/v2\/product_cat?post=19759"},{"taxonomy":"product_tag","embeddable":true,"href":"https:\/\/acfa.ab.ca\/en\/wp-json\/wp\/v2\/product_tag?post=19759"}],"curies":[{"name":"wp","href":"https:\/\/api.w.org\/{rel}","templated":true}]}}