{"id":19077,"date":"2025-11-22T19:14:24","date_gmt":"2025-11-23T02:14:24","guid":{"rendered":"https:\/\/acfa.ab.ca\/product\/ma-vie-a-miami-1992\/"},"modified":"2026-02-02T10:34:42","modified_gmt":"2026-02-02T17:34:42","slug":"ma-vie-a-miami-1992","status":"publish","type":"product","link":"https:\/\/acfa.ab.ca\/en\/product\/ma-vie-a-miami-1992\/","title":{"rendered":"Ma vie \u00e0 Miami 1992"},"content":{"rendered":"","protected":false},"excerpt":{"rendered":"<p><strong>Title : Ma vie \u00e0 Miami 1992 Janvier: Nouvel An, Nouveau Drame<\/strong><br \/>\n<strong>Author : Kristina Kasengulu<\/strong><\/p>\n<p><strong>Number of pages:<\/strong> 164 pages<\/p>\n<p>&nbsp;<\/p>\n<p><strong>Summary:\u00a0<\/strong><\/p>\n<p>Meghan et Jennifer sont les meilleures amies du monde depuis la quatri\u00e8me ann\u00e9e. Certains les d\u00e9crivent comme ins\u00e9parables, mais qui aurait cru qu&#8217;un secret pourrait les s\u00e9parer ? Tout a commenc\u00e9 par une simple r\u00e9solution pour la nouvelle ann\u00e9e, quelques d\u00e9couvertes louches, une nouvelle fille, un mensonge et de l&#8217;envie.<\/p>\n<p><strong>About the author:\u00a0<\/strong><\/p>\n<p>Kristina Kasengulu, 17 ans, est une \u00e9crivaine qui vit \u00e0 Edmonton, en Alberta, avec sa m\u00e8re et son jeune fr\u00e8re Chris Elijah. Elle a un fort d\u00e9sir d\u2019\u00e9crire depuis qu\u2019elle est enfant et elle aspire \u00e0 publier de nombreux romans dans un avenir proche. Elle a \u00e9crit My Miami 1992 sur l\u2019ordinateur portable de sa m\u00e8re alors qu\u2019elle n\u2019avait que 13 ans et qu\u2019elle s\u2019ennuyait \u00e0 cause de la quarantaine. Elle est reconnaissante envers sa famille et le Dr Rose Joshua d\u2019avoir transform\u00e9 ce qu\u2019elle croyait \u00eatre l\u2019une de ses nombreuses archives de livres en un roman publi\u00e9. En plus d\u2019\u00eatre auteure, Kristina est une danseuse de comp\u00e9tition, joue du violon et du piano, a jou\u00e9 le r\u00f4le principal de Mayzie dans la production de Seussical de son lyc\u00e9e et est membre de la chorale de son \u00e9glise depuis l\u2019\u00e2ge de 11 ans. Elle esp\u00e8re que les adolescents pourront lire, apprendre et \u00eatre encourag\u00e9s par ses livres. Un jour, par la gr\u00e2ce de Dieu, elle esp\u00e8re devenir un best-seller n\u00b01 du New York Times.<\/p>\n","protected":false},"featured_media":20126,"comment_status":"closed","ping_status":"closed","template":"","meta":[],"product_brand":[],"product_cat":[197,104,106,175],"product_tag":[],"class_list":{"0":"post-19077","1":"product","2":"type-product","3":"status-publish","4":"has-post-thumbnail","6":"product_cat-novels","7":"product_cat-tous-les-produits-en","8":"product_cat-new","9":"product_cat-cultural-items","10":"product_shipping_class-domestic-en","13":"first","14":"instock","15":"taxable","16":"shipping-taxable","17":"purchasable","18":"product-type-simple"},"yoast_head":"<!-- This site is optimized with the Yoast SEO plugin v27.3 - https:\/\/yoast.com\/product\/yoast-seo-wordpress\/ -->\n<title>Ma vie \u00e0 Miami 1992 - ACFA<\/title>\n<meta name=\"robots\" content=\"index, follow, max-snippet:-1, max-image-preview:large, max-video-preview:-1\" \/>\n<link rel=\"canonical\" href=\"https:\/\/acfa.ab.ca\/en\/product\/ma-vie-a-miami-1992\/\" \/>\n<meta property=\"og:locale\" content=\"en_US\" \/>\n<meta property=\"og:type\" content=\"article\" \/>\n<meta property=\"og:title\" content=\"Ma vie \u00e0 Miami 1992 - ACFA\" \/>\n<meta property=\"og:description\" content=\"Title : Ma vie \u00e0 Miami 1992 Janvier: Nouvel An, Nouveau Drame Author : Kristina Kasengulu  Number of pages: 164 pages  &nbsp;  Summary:\u00a0  Meghan et Jennifer sont les meilleures amies du monde depuis la quatri\u00e8me ann\u00e9e. Certains les d\u00e9crivent comme ins\u00e9parables, mais qui aurait cru qu&#039;un secret pourrait les s\u00e9parer ? Tout a commenc\u00e9 par une simple r\u00e9solution pour la nouvelle ann\u00e9e, quelques d\u00e9couvertes louches, une nouvelle fille, un mensonge et de l&#039;envie.  About the author:\u00a0  Kristina Kasengulu, 17 ans, est une \u00e9crivaine qui vit \u00e0 Edmonton, en Alberta, avec sa m\u00e8re et son jeune fr\u00e8re Chris Elijah. Elle a un fort d\u00e9sir d\u2019\u00e9crire depuis qu\u2019elle est enfant et elle aspire \u00e0 publier de nombreux romans dans un avenir proche. Elle a \u00e9crit My Miami 1992 sur l\u2019ordinateur portable de sa m\u00e8re alors qu\u2019elle n\u2019avait que 13 ans et qu\u2019elle s\u2019ennuyait \u00e0 cause de la quarantaine. Elle est reconnaissante envers sa famille et le Dr Rose Joshua d\u2019avoir transform\u00e9 ce qu\u2019elle croyait \u00eatre l\u2019une de ses nombreuses archives de livres en un roman publi\u00e9. En plus d\u2019\u00eatre auteure, Kristina est une danseuse de comp\u00e9tition, joue du violon et du piano, a jou\u00e9 le r\u00f4le principal de Mayzie dans la production de Seussical de son lyc\u00e9e et est membre de la chorale de son \u00e9glise depuis l\u2019\u00e2ge de 11 ans. Elle esp\u00e8re que les adolescents pourront lire, apprendre et \u00eatre encourag\u00e9s par ses livres. Un jour, par la gr\u00e2ce de Dieu, elle esp\u00e8re devenir un best-seller n\u00b01 du New York Times.\" \/>\n<meta property=\"og:url\" content=\"https:\/\/acfa.ab.ca\/en\/product\/ma-vie-a-miami-1992\/\" \/>\n<meta property=\"og:site_name\" content=\"ACFA\" \/>\n<meta property=\"article:modified_time\" content=\"2026-02-02T17:34:42+00:00\" \/>\n<meta property=\"og:image\" content=\"https:\/\/acfa.ab.ca\/wp-content\/uploads\/2025\/11\/Image-Boutique-ACFA8.jpg\" \/>\n\t<meta property=\"og:image:width\" content=\"760\" \/>\n\t<meta property=\"og:image:height\" content=\"726\" \/>\n\t<meta property=\"og:image:type\" content=\"image\/jpeg\" \/>\n<meta name=\"twitter:card\" content=\"summary_large_image\" \/>\n<meta name=\"twitter:label1\" content=\"Est. reading time\" \/>\n\t<meta name=\"twitter:data1\" content=\"1 minute\" \/>\n<script type=\"application\/ld+json\" class=\"yoast-schema-graph\">{\"@context\":\"https:\\\/\\\/schema.org\",\"@graph\":[{\"@type\":\"WebPage\",\"@id\":\"https:\\\/\\\/acfa.ab.ca\\\/en\\\/product\\\/ma-vie-a-miami-1992\\\/\",\"url\":\"https:\\\/\\\/acfa.ab.ca\\\/en\\\/product\\\/ma-vie-a-miami-1992\\\/\",\"name\":\"Ma vie \u00e0 Miami 1992 - ACFA\",\"isPartOf\":{\"@id\":\"https:\\\/\\\/acfa.ab.ca\\\/#website\"},\"primaryImageOfPage\":{\"@id\":\"https:\\\/\\\/acfa.ab.ca\\\/en\\\/product\\\/ma-vie-a-miami-1992\\\/#primaryimage\"},\"image\":{\"@id\":\"https:\\\/\\\/acfa.ab.ca\\\/en\\\/product\\\/ma-vie-a-miami-1992\\\/#primaryimage\"},\"thumbnailUrl\":\"https:\\\/\\\/acfa.ab.ca\\\/wp-content\\\/uploads\\\/2025\\\/11\\\/Image-Boutique-ACFA8.jpg\",\"datePublished\":\"2025-11-23T02:14:24+00:00\",\"dateModified\":\"2026-02-02T17:34:42+00:00\",\"breadcrumb\":{\"@id\":\"https:\\\/\\\/acfa.ab.ca\\\/en\\\/product\\\/ma-vie-a-miami-1992\\\/#breadcrumb\"},\"inLanguage\":\"en-US\",\"potentialAction\":[{\"@type\":\"ReadAction\",\"target\":[\"https:\\\/\\\/acfa.ab.ca\\\/en\\\/product\\\/ma-vie-a-miami-1992\\\/\"]}]},{\"@type\":\"ImageObject\",\"inLanguage\":\"en-US\",\"@id\":\"https:\\\/\\\/acfa.ab.ca\\\/en\\\/product\\\/ma-vie-a-miami-1992\\\/#primaryimage\",\"url\":\"https:\\\/\\\/acfa.ab.ca\\\/wp-content\\\/uploads\\\/2025\\\/11\\\/Image-Boutique-ACFA8.jpg\",\"contentUrl\":\"https:\\\/\\\/acfa.ab.ca\\\/wp-content\\\/uploads\\\/2025\\\/11\\\/Image-Boutique-ACFA8.jpg\",\"width\":760,\"height\":726},{\"@type\":\"BreadcrumbList\",\"@id\":\"https:\\\/\\\/acfa.ab.ca\\\/en\\\/product\\\/ma-vie-a-miami-1992\\\/#breadcrumb\",\"itemListElement\":[{\"@type\":\"ListItem\",\"position\":1,\"name\":\"Accueil\",\"item\":\"https:\\\/\\\/acfa.ab.ca\\\/en\\\/\"},{\"@type\":\"ListItem\",\"position\":2,\"name\":\"Shop\",\"item\":\"https:\\\/\\\/acfa.ab.ca\\\/en\\\/boutique\\\/\"},{\"@type\":\"ListItem\",\"position\":3,\"name\":\"Ma vie \u00e0 Miami 1992\"}]},{\"@type\":\"WebSite\",\"@id\":\"https:\\\/\\\/acfa.ab.ca\\\/#website\",\"url\":\"https:\\\/\\\/acfa.ab.ca\\\/\",\"name\":\"ACFA\",\"description\":\"Association de tous les francophones en Alberta\",\"publisher\":{\"@id\":\"https:\\\/\\\/acfa.ab.ca\\\/#organization\"},\"potentialAction\":[{\"@type\":\"SearchAction\",\"target\":{\"@type\":\"EntryPoint\",\"urlTemplate\":\"https:\\\/\\\/acfa.ab.ca\\\/?s={search_term_string}\"},\"query-input\":{\"@type\":\"PropertyValueSpecification\",\"valueRequired\":true,\"valueName\":\"search_term_string\"}}],\"inLanguage\":\"en-US\"},{\"@type\":\"Organization\",\"@id\":\"https:\\\/\\\/acfa.ab.ca\\\/#organization\",\"name\":\"ACFA : Association canadienne-fran\u00e7aise de l'Alberta\",\"url\":\"https:\\\/\\\/acfa.ab.ca\\\/\",\"logo\":{\"@type\":\"ImageObject\",\"inLanguage\":\"en-US\",\"@id\":\"https:\\\/\\\/acfa.ab.ca\\\/#\\\/schema\\\/logo\\\/image\\\/\",\"url\":\"https:\\\/\\\/acfa.ab.ca\\\/wp-content\\\/uploads\\\/2022\\\/07\\\/logo-white.png\",\"contentUrl\":\"https:\\\/\\\/acfa.ab.ca\\\/wp-content\\\/uploads\\\/2022\\\/07\\\/logo-white.png\",\"width\":3414,\"height\":1228,\"caption\":\"ACFA : Association canadienne-fran\u00e7aise de l'Alberta\"},\"image\":{\"@id\":\"https:\\\/\\\/acfa.ab.ca\\\/#\\\/schema\\\/logo\\\/image\\\/\"}}]}<\/script>\n<!-- \/ Yoast SEO plugin. -->","yoast_head_json":{"title":"Ma vie \u00e0 Miami 1992 - ACFA","robots":{"index":"index","follow":"follow","max-snippet":"max-snippet:-1","max-image-preview":"max-image-preview:large","max-video-preview":"max-video-preview:-1"},"canonical":"https:\/\/acfa.ab.ca\/en\/product\/ma-vie-a-miami-1992\/","og_locale":"en_US","og_type":"article","og_title":"Ma vie \u00e0 Miami 1992 - ACFA","og_description":"Title : Ma vie \u00e0 Miami 1992 Janvier: Nouvel An, Nouveau Drame Author : Kristina Kasengulu  Number of pages: 164 pages  &nbsp;  Summary:\u00a0  Meghan et Jennifer sont les meilleures amies du monde depuis la quatri\u00e8me ann\u00e9e. Certains les d\u00e9crivent comme ins\u00e9parables, mais qui aurait cru qu'un secret pourrait les s\u00e9parer ? Tout a commenc\u00e9 par une simple r\u00e9solution pour la nouvelle ann\u00e9e, quelques d\u00e9couvertes louches, une nouvelle fille, un mensonge et de l'envie.  About the author:\u00a0  Kristina Kasengulu, 17 ans, est une \u00e9crivaine qui vit \u00e0 Edmonton, en Alberta, avec sa m\u00e8re et son jeune fr\u00e8re Chris Elijah. Elle a un fort d\u00e9sir d\u2019\u00e9crire depuis qu\u2019elle est enfant et elle aspire \u00e0 publier de nombreux romans dans un avenir proche. Elle a \u00e9crit My Miami 1992 sur l\u2019ordinateur portable de sa m\u00e8re alors qu\u2019elle n\u2019avait que 13 ans et qu\u2019elle s\u2019ennuyait \u00e0 cause de la quarantaine. Elle est reconnaissante envers sa famille et le Dr Rose Joshua d\u2019avoir transform\u00e9 ce qu\u2019elle croyait \u00eatre l\u2019une de ses nombreuses archives de livres en un roman publi\u00e9. En plus d\u2019\u00eatre auteure, Kristina est une danseuse de comp\u00e9tition, joue du violon et du piano, a jou\u00e9 le r\u00f4le principal de Mayzie dans la production de Seussical de son lyc\u00e9e et est membre de la chorale de son \u00e9glise depuis l\u2019\u00e2ge de 11 ans. Elle esp\u00e8re que les adolescents pourront lire, apprendre et \u00eatre encourag\u00e9s par ses livres. Un jour, par la gr\u00e2ce de Dieu, elle esp\u00e8re devenir un best-seller n\u00b01 du New York Times.","og_url":"https:\/\/acfa.ab.ca\/en\/product\/ma-vie-a-miami-1992\/","og_site_name":"ACFA","article_modified_time":"2026-02-02T17:34:42+00:00","og_image":[{"width":760,"height":726,"url":"https:\/\/acfa.ab.ca\/wp-content\/uploads\/2025\/11\/Image-Boutique-ACFA8.jpg","type":"image\/jpeg"}],"twitter_card":"summary_large_image","twitter_misc":{"Est. reading time":"1 minute"},"schema":{"@context":"https:\/\/schema.org","@graph":[{"@type":"WebPage","@id":"https:\/\/acfa.ab.ca\/en\/product\/ma-vie-a-miami-1992\/","url":"https:\/\/acfa.ab.ca\/en\/product\/ma-vie-a-miami-1992\/","name":"Ma vie \u00e0 Miami 1992 - ACFA","isPartOf":{"@id":"https:\/\/acfa.ab.ca\/#website"},"primaryImageOfPage":{"@id":"https:\/\/acfa.ab.ca\/en\/product\/ma-vie-a-miami-1992\/#primaryimage"},"image":{"@id":"https:\/\/acfa.ab.ca\/en\/product\/ma-vie-a-miami-1992\/#primaryimage"},"thumbnailUrl":"https:\/\/acfa.ab.ca\/wp-content\/uploads\/2025\/11\/Image-Boutique-ACFA8.jpg","datePublished":"2025-11-23T02:14:24+00:00","dateModified":"2026-02-02T17:34:42+00:00","breadcrumb":{"@id":"https:\/\/acfa.ab.ca\/en\/product\/ma-vie-a-miami-1992\/#breadcrumb"},"inLanguage":"en-US","potentialAction":[{"@type":"ReadAction","target":["https:\/\/acfa.ab.ca\/en\/product\/ma-vie-a-miami-1992\/"]}]},{"@type":"ImageObject","inLanguage":"en-US","@id":"https:\/\/acfa.ab.ca\/en\/product\/ma-vie-a-miami-1992\/#primaryimage","url":"https:\/\/acfa.ab.ca\/wp-content\/uploads\/2025\/11\/Image-Boutique-ACFA8.jpg","contentUrl":"https:\/\/acfa.ab.ca\/wp-content\/uploads\/2025\/11\/Image-Boutique-ACFA8.jpg","width":760,"height":726},{"@type":"BreadcrumbList","@id":"https:\/\/acfa.ab.ca\/en\/product\/ma-vie-a-miami-1992\/#breadcrumb","itemListElement":[{"@type":"ListItem","position":1,"name":"Accueil","item":"https:\/\/acfa.ab.ca\/en\/"},{"@type":"ListItem","position":2,"name":"Shop","item":"https:\/\/acfa.ab.ca\/en\/boutique\/"},{"@type":"ListItem","position":3,"name":"Ma vie \u00e0 Miami 1992"}]},{"@type":"WebSite","@id":"https:\/\/acfa.ab.ca\/#website","url":"https:\/\/acfa.ab.ca\/","name":"ACFA","description":"Association de tous les francophones en Alberta","publisher":{"@id":"https:\/\/acfa.ab.ca\/#organization"},"potentialAction":[{"@type":"SearchAction","target":{"@type":"EntryPoint","urlTemplate":"https:\/\/acfa.ab.ca\/?s={search_term_string}"},"query-input":{"@type":"PropertyValueSpecification","valueRequired":true,"valueName":"search_term_string"}}],"inLanguage":"en-US"},{"@type":"Organization","@id":"https:\/\/acfa.ab.ca\/#organization","name":"ACFA : Association canadienne-fran\u00e7aise de l'Alberta","url":"https:\/\/acfa.ab.ca\/","logo":{"@type":"ImageObject","inLanguage":"en-US","@id":"https:\/\/acfa.ab.ca\/#\/schema\/logo\/image\/","url":"https:\/\/acfa.ab.ca\/wp-content\/uploads\/2022\/07\/logo-white.png","contentUrl":"https:\/\/acfa.ab.ca\/wp-content\/uploads\/2022\/07\/logo-white.png","width":3414,"height":1228,"caption":"ACFA : Association canadienne-fran\u00e7aise de l'Alberta"},"image":{"@id":"https:\/\/acfa.ab.ca\/#\/schema\/logo\/image\/"}}]}},"_links":{"self":[{"href":"https:\/\/acfa.ab.ca\/en\/wp-json\/wp\/v2\/product\/19077","targetHints":{"allow":["GET"]}}],"collection":[{"href":"https:\/\/acfa.ab.ca\/en\/wp-json\/wp\/v2\/product"}],"about":[{"href":"https:\/\/acfa.ab.ca\/en\/wp-json\/wp\/v2\/types\/product"}],"replies":[{"embeddable":true,"href":"https:\/\/acfa.ab.ca\/en\/wp-json\/wp\/v2\/comments?post=19077"}],"wp:featuredmedia":[{"embeddable":true,"href":"https:\/\/acfa.ab.ca\/en\/wp-json\/wp\/v2\/media\/20126"}],"wp:attachment":[{"href":"https:\/\/acfa.ab.ca\/en\/wp-json\/wp\/v2\/media?parent=19077"}],"wp:term":[{"taxonomy":"product_brand","embeddable":true,"href":"https:\/\/acfa.ab.ca\/en\/wp-json\/wp\/v2\/product_brand?post=19077"},{"taxonomy":"product_cat","embeddable":true,"href":"https:\/\/acfa.ab.ca\/en\/wp-json\/wp\/v2\/product_cat?post=19077"},{"taxonomy":"product_tag","embeddable":true,"href":"https:\/\/acfa.ab.ca\/en\/wp-json\/wp\/v2\/product_tag?post=19077"}],"curies":[{"name":"wp","href":"https:\/\/api.w.org\/{rel}","templated":true}]}}