{"id":19073,"date":"2025-11-22T19:04:53","date_gmt":"2025-11-23T02:04:53","guid":{"rendered":"https:\/\/acfa.ab.ca\/product\/petites-nouvelles-du-last-best-ouest\/"},"modified":"2026-02-02T10:35:09","modified_gmt":"2026-02-02T17:35:09","slug":"petites-nouvelles-du-last-best-ouest","status":"publish","type":"product","link":"https:\/\/acfa.ab.ca\/en\/product\/petites-nouvelles-du-last-best-ouest\/","title":{"rendered":"Petites nouvelles du Last Best Ouest"},"content":{"rendered":"","protected":false},"excerpt":{"rendered":"<p><strong>Title : Petites nouvelles du Last Best Ouest: Po\u00e9sie narrative<\/strong><br \/>\n<strong>Author : Pierrette Requier<\/strong><\/p>\n<p><strong>Number of pages:<\/strong> 142 pages<\/p>\n<p>&nbsp;<\/p>\n<p><strong>Summary:\u00a0<\/strong><\/p>\n<p>Pierrette Requier est po\u00e8te, dramaturge, productrice, mentore, designer et animatrice d\u2019ateliers d\u2019\u00e9criture. Elle a grandi dans un petit village du vaste nord de l\u2019Alberta nomm\u00e9 \u00ab The Last best Ouest \u00bb. Petite-fille de pionniers de souche jersiaise, elle a toujours v\u00e9cu entre deux langues qui se parlaient constamment. Ce \u00ab bi-langue-uisme cultiv\u00e9 \u00bb colore ses \u00e9crits. Femme, elle devient citadine de la capitale albertaine et \u0153uvre depuis plusieurs ann\u00e9es au c\u0153ur de la vie litt\u00e9raire<br \/>\nd\u2019Edmonton. Celle-ci l\u2019\u00e0 nomm\u00e9e Po\u00e8te officielle en 2015 pour un mandat de deux ans. \u00c0 l\u2019automne 2015, la maison de th\u00e9\u00e2tre professionnel francophone de l&#8217;Alberta, L\u2019UniTh\u00e9\u00e2tre, a produit sa pi\u00e8ce Les Blues des oubli\u00e9es. R\u00e9cemment, son recueil Petites nouvelles du Last best Ouest, une traduction et adaptation de son recueil details from the edge of the village (Frontenac House, Okotoks, AB) fut partie d\u2019une triple publication aux \u00c9ditions de la nouvelle plume de<br \/>\nRegina incluant la production d\u2019un livre audio.<br \/>\nPendant son parcours d\u2019\u00e9crivaine, Pierrette s\u2019est jointe aux organismes litt\u00e9raires provincial et national, et a eu le plaisir de collaborer \u00e0 d\u2019importants \u00e9v\u00e9nements interdisciplinaires. Elle a \u00e9t\u00e9 l\u2019invit\u00e9e de plusieurs festivals : en Colombie Britannique, Alberta, Saskatchewan, Manitoba, Ontario, \u00e0 Trois Rivi\u00e8res, Qu\u00e9bec, ainsi qu\u2019\u00e0 Mexico.<br \/>\nPierrette se nomme Fille du vent et des grandes prairies canadiennes, et Femme de ville. Elle a compos\u00e9, se servant de ses deux langues qui se parle constamment. Enseignante en immersion, elle a aim\u00e9 faire valoir la beaut\u00e9 de la langue fran\u00e7aise \u00e0 ses \u00e9l\u00e8ves! Son parcours d\u2019\u00e9crivaine l\u2019a amen\u00e9 \u00e0 profond\u00e9ment appr\u00e9cier la richesse de son \u201cbilinguisme\u201d, une dualit\u00e9 inn\u00e9e. Un peu \u201cClown\u201d, elle se d\u00e9crit : \u201cJe suis une pure-laine *bi-langue\u201d! \u201cI am a dyed-in-the-wool bilingual\u201d!<\/p>\n","protected":false},"featured_media":20128,"comment_status":"closed","ping_status":"closed","template":"","meta":[],"product_brand":[],"product_cat":[104,106,175,196],"product_tag":[],"class_list":{"0":"post-19073","1":"product","2":"type-product","3":"status-publish","4":"has-post-thumbnail","6":"product_cat-tous-les-produits-en","7":"product_cat-new","8":"product_cat-cultural-items","9":"product_cat-stories-and-poetry","10":"product_shipping_class-domestic-en","13":"first","14":"instock","15":"taxable","16":"shipping-taxable","17":"purchasable","18":"product-type-simple"},"yoast_head":"<!-- This site is optimized with the Yoast SEO plugin v27.3 - https:\/\/yoast.com\/product\/yoast-seo-wordpress\/ -->\n<title>Petites nouvelles du Last Best Ouest - ACFA<\/title>\n<meta name=\"robots\" content=\"index, follow, max-snippet:-1, max-image-preview:large, max-video-preview:-1\" \/>\n<link rel=\"canonical\" href=\"https:\/\/acfa.ab.ca\/en\/product\/petites-nouvelles-du-last-best-ouest\/\" \/>\n<meta property=\"og:locale\" content=\"en_US\" \/>\n<meta property=\"og:type\" content=\"article\" \/>\n<meta property=\"og:title\" content=\"Petites nouvelles du Last Best Ouest - ACFA\" \/>\n<meta property=\"og:description\" content=\"Title : Petites nouvelles du Last Best Ouest: Po\u00e9sie narrative Author : Pierrette Requier  Number of pages: 142 pages  &nbsp;  Summary:\u00a0  Pierrette Requier est po\u00e8te, dramaturge, productrice, mentore, designer et animatrice d\u2019ateliers d\u2019\u00e9criture. Elle a grandi dans un petit village du vaste nord de l\u2019Alberta nomm\u00e9 \u00ab The Last best Ouest \u00bb. Petite-fille de pionniers de souche jersiaise, elle a toujours v\u00e9cu entre deux langues qui se parlaient constamment. Ce \u00ab bi-langue-uisme cultiv\u00e9 \u00bb colore ses \u00e9crits. Femme, elle devient citadine de la capitale albertaine et \u0153uvre depuis plusieurs ann\u00e9es au c\u0153ur de la vie litt\u00e9raire d\u2019Edmonton. Celle-ci l\u2019\u00e0 nomm\u00e9e Po\u00e8te officielle en 2015 pour un mandat de deux ans. \u00c0 l\u2019automne 2015, la maison de th\u00e9\u00e2tre professionnel francophone de l&#039;Alberta, L\u2019UniTh\u00e9\u00e2tre, a produit sa pi\u00e8ce Les Blues des oubli\u00e9es. R\u00e9cemment, son recueil Petites nouvelles du Last best Ouest, une traduction et adaptation de son recueil details from the edge of the village (Frontenac House, Okotoks, AB) fut partie d\u2019une triple publication aux \u00c9ditions de la nouvelle plume de Regina incluant la production d\u2019un livre audio. Pendant son parcours d\u2019\u00e9crivaine, Pierrette s\u2019est jointe aux organismes litt\u00e9raires provincial et national, et a eu le plaisir de collaborer \u00e0 d\u2019importants \u00e9v\u00e9nements interdisciplinaires. Elle a \u00e9t\u00e9 l\u2019invit\u00e9e de plusieurs festivals : en Colombie Britannique, Alberta, Saskatchewan, Manitoba, Ontario, \u00e0 Trois Rivi\u00e8res, Qu\u00e9bec, ainsi qu\u2019\u00e0 Mexico. Pierrette se nomme Fille du vent et des grandes prairies canadiennes, et Femme de ville. Elle a compos\u00e9, se servant de ses deux langues qui se parle constamment. Enseignante en immersion, elle a aim\u00e9 faire valoir la beaut\u00e9 de la langue fran\u00e7aise \u00e0 ses \u00e9l\u00e8ves! Son parcours d\u2019\u00e9crivaine l\u2019a amen\u00e9 \u00e0 profond\u00e9ment appr\u00e9cier la richesse de son \u201cbilinguisme\u201d, une dualit\u00e9 inn\u00e9e. Un peu \u201cClown\u201d, elle se d\u00e9crit : \u201cJe suis une pure-laine *bi-langue\u201d! \u201cI am a dyed-in-the-wool bilingual\u201d!\" \/>\n<meta property=\"og:url\" content=\"https:\/\/acfa.ab.ca\/en\/product\/petites-nouvelles-du-last-best-ouest\/\" \/>\n<meta property=\"og:site_name\" content=\"ACFA\" \/>\n<meta property=\"article:modified_time\" content=\"2026-02-02T17:35:09+00:00\" \/>\n<meta property=\"og:image\" content=\"https:\/\/acfa.ab.ca\/wp-content\/uploads\/2025\/11\/Image-Boutique-ACFA9.jpg\" \/>\n\t<meta property=\"og:image:width\" content=\"760\" \/>\n\t<meta property=\"og:image:height\" content=\"726\" \/>\n\t<meta property=\"og:image:type\" content=\"image\/jpeg\" \/>\n<meta name=\"twitter:card\" content=\"summary_large_image\" \/>\n<meta name=\"twitter:label1\" content=\"Est. reading time\" \/>\n\t<meta name=\"twitter:data1\" content=\"1 minute\" \/>\n<script type=\"application\/ld+json\" class=\"yoast-schema-graph\">{\"@context\":\"https:\\\/\\\/schema.org\",\"@graph\":[{\"@type\":\"WebPage\",\"@id\":\"https:\\\/\\\/acfa.ab.ca\\\/en\\\/product\\\/petites-nouvelles-du-last-best-ouest\\\/\",\"url\":\"https:\\\/\\\/acfa.ab.ca\\\/en\\\/product\\\/petites-nouvelles-du-last-best-ouest\\\/\",\"name\":\"Petites nouvelles du Last Best Ouest - ACFA\",\"isPartOf\":{\"@id\":\"https:\\\/\\\/acfa.ab.ca\\\/#website\"},\"primaryImageOfPage\":{\"@id\":\"https:\\\/\\\/acfa.ab.ca\\\/en\\\/product\\\/petites-nouvelles-du-last-best-ouest\\\/#primaryimage\"},\"image\":{\"@id\":\"https:\\\/\\\/acfa.ab.ca\\\/en\\\/product\\\/petites-nouvelles-du-last-best-ouest\\\/#primaryimage\"},\"thumbnailUrl\":\"https:\\\/\\\/acfa.ab.ca\\\/wp-content\\\/uploads\\\/2025\\\/11\\\/Image-Boutique-ACFA9.jpg\",\"datePublished\":\"2025-11-23T02:04:53+00:00\",\"dateModified\":\"2026-02-02T17:35:09+00:00\",\"breadcrumb\":{\"@id\":\"https:\\\/\\\/acfa.ab.ca\\\/en\\\/product\\\/petites-nouvelles-du-last-best-ouest\\\/#breadcrumb\"},\"inLanguage\":\"en-US\",\"potentialAction\":[{\"@type\":\"ReadAction\",\"target\":[\"https:\\\/\\\/acfa.ab.ca\\\/en\\\/product\\\/petites-nouvelles-du-last-best-ouest\\\/\"]}]},{\"@type\":\"ImageObject\",\"inLanguage\":\"en-US\",\"@id\":\"https:\\\/\\\/acfa.ab.ca\\\/en\\\/product\\\/petites-nouvelles-du-last-best-ouest\\\/#primaryimage\",\"url\":\"https:\\\/\\\/acfa.ab.ca\\\/wp-content\\\/uploads\\\/2025\\\/11\\\/Image-Boutique-ACFA9.jpg\",\"contentUrl\":\"https:\\\/\\\/acfa.ab.ca\\\/wp-content\\\/uploads\\\/2025\\\/11\\\/Image-Boutique-ACFA9.jpg\",\"width\":760,\"height\":726},{\"@type\":\"BreadcrumbList\",\"@id\":\"https:\\\/\\\/acfa.ab.ca\\\/en\\\/product\\\/petites-nouvelles-du-last-best-ouest\\\/#breadcrumb\",\"itemListElement\":[{\"@type\":\"ListItem\",\"position\":1,\"name\":\"Accueil\",\"item\":\"https:\\\/\\\/acfa.ab.ca\\\/en\\\/\"},{\"@type\":\"ListItem\",\"position\":2,\"name\":\"Shop\",\"item\":\"https:\\\/\\\/acfa.ab.ca\\\/en\\\/boutique\\\/\"},{\"@type\":\"ListItem\",\"position\":3,\"name\":\"Petites nouvelles du Last Best Ouest\"}]},{\"@type\":\"WebSite\",\"@id\":\"https:\\\/\\\/acfa.ab.ca\\\/#website\",\"url\":\"https:\\\/\\\/acfa.ab.ca\\\/\",\"name\":\"ACFA\",\"description\":\"Association de tous les francophones en Alberta\",\"publisher\":{\"@id\":\"https:\\\/\\\/acfa.ab.ca\\\/#organization\"},\"potentialAction\":[{\"@type\":\"SearchAction\",\"target\":{\"@type\":\"EntryPoint\",\"urlTemplate\":\"https:\\\/\\\/acfa.ab.ca\\\/?s={search_term_string}\"},\"query-input\":{\"@type\":\"PropertyValueSpecification\",\"valueRequired\":true,\"valueName\":\"search_term_string\"}}],\"inLanguage\":\"en-US\"},{\"@type\":\"Organization\",\"@id\":\"https:\\\/\\\/acfa.ab.ca\\\/#organization\",\"name\":\"ACFA : Association canadienne-fran\u00e7aise de l'Alberta\",\"url\":\"https:\\\/\\\/acfa.ab.ca\\\/\",\"logo\":{\"@type\":\"ImageObject\",\"inLanguage\":\"en-US\",\"@id\":\"https:\\\/\\\/acfa.ab.ca\\\/#\\\/schema\\\/logo\\\/image\\\/\",\"url\":\"https:\\\/\\\/acfa.ab.ca\\\/wp-content\\\/uploads\\\/2022\\\/07\\\/logo-white.png\",\"contentUrl\":\"https:\\\/\\\/acfa.ab.ca\\\/wp-content\\\/uploads\\\/2022\\\/07\\\/logo-white.png\",\"width\":3414,\"height\":1228,\"caption\":\"ACFA : Association canadienne-fran\u00e7aise de l'Alberta\"},\"image\":{\"@id\":\"https:\\\/\\\/acfa.ab.ca\\\/#\\\/schema\\\/logo\\\/image\\\/\"}}]}<\/script>\n<!-- \/ Yoast SEO plugin. -->","yoast_head_json":{"title":"Petites nouvelles du Last Best Ouest - ACFA","robots":{"index":"index","follow":"follow","max-snippet":"max-snippet:-1","max-image-preview":"max-image-preview:large","max-video-preview":"max-video-preview:-1"},"canonical":"https:\/\/acfa.ab.ca\/en\/product\/petites-nouvelles-du-last-best-ouest\/","og_locale":"en_US","og_type":"article","og_title":"Petites nouvelles du Last Best Ouest - ACFA","og_description":"Title : Petites nouvelles du Last Best Ouest: Po\u00e9sie narrative Author : Pierrette Requier  Number of pages: 142 pages  &nbsp;  Summary:\u00a0  Pierrette Requier est po\u00e8te, dramaturge, productrice, mentore, designer et animatrice d\u2019ateliers d\u2019\u00e9criture. Elle a grandi dans un petit village du vaste nord de l\u2019Alberta nomm\u00e9 \u00ab The Last best Ouest \u00bb. Petite-fille de pionniers de souche jersiaise, elle a toujours v\u00e9cu entre deux langues qui se parlaient constamment. Ce \u00ab bi-langue-uisme cultiv\u00e9 \u00bb colore ses \u00e9crits. Femme, elle devient citadine de la capitale albertaine et \u0153uvre depuis plusieurs ann\u00e9es au c\u0153ur de la vie litt\u00e9raire d\u2019Edmonton. Celle-ci l\u2019\u00e0 nomm\u00e9e Po\u00e8te officielle en 2015 pour un mandat de deux ans. \u00c0 l\u2019automne 2015, la maison de th\u00e9\u00e2tre professionnel francophone de l'Alberta, L\u2019UniTh\u00e9\u00e2tre, a produit sa pi\u00e8ce Les Blues des oubli\u00e9es. R\u00e9cemment, son recueil Petites nouvelles du Last best Ouest, une traduction et adaptation de son recueil details from the edge of the village (Frontenac House, Okotoks, AB) fut partie d\u2019une triple publication aux \u00c9ditions de la nouvelle plume de Regina incluant la production d\u2019un livre audio. Pendant son parcours d\u2019\u00e9crivaine, Pierrette s\u2019est jointe aux organismes litt\u00e9raires provincial et national, et a eu le plaisir de collaborer \u00e0 d\u2019importants \u00e9v\u00e9nements interdisciplinaires. Elle a \u00e9t\u00e9 l\u2019invit\u00e9e de plusieurs festivals : en Colombie Britannique, Alberta, Saskatchewan, Manitoba, Ontario, \u00e0 Trois Rivi\u00e8res, Qu\u00e9bec, ainsi qu\u2019\u00e0 Mexico. Pierrette se nomme Fille du vent et des grandes prairies canadiennes, et Femme de ville. Elle a compos\u00e9, se servant de ses deux langues qui se parle constamment. Enseignante en immersion, elle a aim\u00e9 faire valoir la beaut\u00e9 de la langue fran\u00e7aise \u00e0 ses \u00e9l\u00e8ves! Son parcours d\u2019\u00e9crivaine l\u2019a amen\u00e9 \u00e0 profond\u00e9ment appr\u00e9cier la richesse de son \u201cbilinguisme\u201d, une dualit\u00e9 inn\u00e9e. Un peu \u201cClown\u201d, elle se d\u00e9crit : \u201cJe suis une pure-laine *bi-langue\u201d! \u201cI am a dyed-in-the-wool bilingual\u201d!","og_url":"https:\/\/acfa.ab.ca\/en\/product\/petites-nouvelles-du-last-best-ouest\/","og_site_name":"ACFA","article_modified_time":"2026-02-02T17:35:09+00:00","og_image":[{"width":760,"height":726,"url":"https:\/\/acfa.ab.ca\/wp-content\/uploads\/2025\/11\/Image-Boutique-ACFA9.jpg","type":"image\/jpeg"}],"twitter_card":"summary_large_image","twitter_misc":{"Est. reading time":"1 minute"},"schema":{"@context":"https:\/\/schema.org","@graph":[{"@type":"WebPage","@id":"https:\/\/acfa.ab.ca\/en\/product\/petites-nouvelles-du-last-best-ouest\/","url":"https:\/\/acfa.ab.ca\/en\/product\/petites-nouvelles-du-last-best-ouest\/","name":"Petites nouvelles du Last Best Ouest - ACFA","isPartOf":{"@id":"https:\/\/acfa.ab.ca\/#website"},"primaryImageOfPage":{"@id":"https:\/\/acfa.ab.ca\/en\/product\/petites-nouvelles-du-last-best-ouest\/#primaryimage"},"image":{"@id":"https:\/\/acfa.ab.ca\/en\/product\/petites-nouvelles-du-last-best-ouest\/#primaryimage"},"thumbnailUrl":"https:\/\/acfa.ab.ca\/wp-content\/uploads\/2025\/11\/Image-Boutique-ACFA9.jpg","datePublished":"2025-11-23T02:04:53+00:00","dateModified":"2026-02-02T17:35:09+00:00","breadcrumb":{"@id":"https:\/\/acfa.ab.ca\/en\/product\/petites-nouvelles-du-last-best-ouest\/#breadcrumb"},"inLanguage":"en-US","potentialAction":[{"@type":"ReadAction","target":["https:\/\/acfa.ab.ca\/en\/product\/petites-nouvelles-du-last-best-ouest\/"]}]},{"@type":"ImageObject","inLanguage":"en-US","@id":"https:\/\/acfa.ab.ca\/en\/product\/petites-nouvelles-du-last-best-ouest\/#primaryimage","url":"https:\/\/acfa.ab.ca\/wp-content\/uploads\/2025\/11\/Image-Boutique-ACFA9.jpg","contentUrl":"https:\/\/acfa.ab.ca\/wp-content\/uploads\/2025\/11\/Image-Boutique-ACFA9.jpg","width":760,"height":726},{"@type":"BreadcrumbList","@id":"https:\/\/acfa.ab.ca\/en\/product\/petites-nouvelles-du-last-best-ouest\/#breadcrumb","itemListElement":[{"@type":"ListItem","position":1,"name":"Accueil","item":"https:\/\/acfa.ab.ca\/en\/"},{"@type":"ListItem","position":2,"name":"Shop","item":"https:\/\/acfa.ab.ca\/en\/boutique\/"},{"@type":"ListItem","position":3,"name":"Petites nouvelles du Last Best Ouest"}]},{"@type":"WebSite","@id":"https:\/\/acfa.ab.ca\/#website","url":"https:\/\/acfa.ab.ca\/","name":"ACFA","description":"Association de tous les francophones en Alberta","publisher":{"@id":"https:\/\/acfa.ab.ca\/#organization"},"potentialAction":[{"@type":"SearchAction","target":{"@type":"EntryPoint","urlTemplate":"https:\/\/acfa.ab.ca\/?s={search_term_string}"},"query-input":{"@type":"PropertyValueSpecification","valueRequired":true,"valueName":"search_term_string"}}],"inLanguage":"en-US"},{"@type":"Organization","@id":"https:\/\/acfa.ab.ca\/#organization","name":"ACFA : Association canadienne-fran\u00e7aise de l'Alberta","url":"https:\/\/acfa.ab.ca\/","logo":{"@type":"ImageObject","inLanguage":"en-US","@id":"https:\/\/acfa.ab.ca\/#\/schema\/logo\/image\/","url":"https:\/\/acfa.ab.ca\/wp-content\/uploads\/2022\/07\/logo-white.png","contentUrl":"https:\/\/acfa.ab.ca\/wp-content\/uploads\/2022\/07\/logo-white.png","width":3414,"height":1228,"caption":"ACFA : Association canadienne-fran\u00e7aise de l'Alberta"},"image":{"@id":"https:\/\/acfa.ab.ca\/#\/schema\/logo\/image\/"}}]}},"_links":{"self":[{"href":"https:\/\/acfa.ab.ca\/en\/wp-json\/wp\/v2\/product\/19073","targetHints":{"allow":["GET"]}}],"collection":[{"href":"https:\/\/acfa.ab.ca\/en\/wp-json\/wp\/v2\/product"}],"about":[{"href":"https:\/\/acfa.ab.ca\/en\/wp-json\/wp\/v2\/types\/product"}],"replies":[{"embeddable":true,"href":"https:\/\/acfa.ab.ca\/en\/wp-json\/wp\/v2\/comments?post=19073"}],"wp:featuredmedia":[{"embeddable":true,"href":"https:\/\/acfa.ab.ca\/en\/wp-json\/wp\/v2\/media\/20128"}],"wp:attachment":[{"href":"https:\/\/acfa.ab.ca\/en\/wp-json\/wp\/v2\/media?parent=19073"}],"wp:term":[{"taxonomy":"product_brand","embeddable":true,"href":"https:\/\/acfa.ab.ca\/en\/wp-json\/wp\/v2\/product_brand?post=19073"},{"taxonomy":"product_cat","embeddable":true,"href":"https:\/\/acfa.ab.ca\/en\/wp-json\/wp\/v2\/product_cat?post=19073"},{"taxonomy":"product_tag","embeddable":true,"href":"https:\/\/acfa.ab.ca\/en\/wp-json\/wp\/v2\/product_tag?post=19073"}],"curies":[{"name":"wp","href":"https:\/\/api.w.org\/{rel}","templated":true}]}}