{"id":18817,"date":"2025-11-17T15:14:25","date_gmt":"2025-11-17T22:14:25","guid":{"rendered":"https:\/\/acfa.ab.ca\/product\/a-lombre-de-la-forteresse-tome-deux-ecaille-de-dragon\/"},"modified":"2026-02-02T10:12:15","modified_gmt":"2026-02-02T17:12:15","slug":"a-lombre-de-la-forteresse-tome-deux-ecaille-de-dragon","status":"publish","type":"product","link":"https:\/\/acfa.ab.ca\/en\/product\/a-lombre-de-la-forteresse-tome-deux-ecaille-de-dragon\/","title":{"rendered":"\u00c0 l\u2019Ombre de la Forteresse \u2013 Tome Deux \u2013 \u00c9caille de Dragon"},"content":{"rendered":"","protected":false},"excerpt":{"rendered":"<p><strong>Title : \u00c0 l\u2019Ombre de la Forteresse \u2013 Tome Deux \u2013 \u00c9caille de Dragon <\/strong><br \/>\n<strong>Author : <\/strong>Kathleen Irulanne Boucher<\/p>\n<p><strong>Number of pages:<\/strong> 257 pages<\/p>\n<p><strong>Format :<\/strong> 15 cm X 23 cm<\/p>\n<p>Target audience: Teenagers (12+) and adults<\/p>\n<p>&nbsp;<\/p>\n<p><strong>Summary:\u00a0<\/strong><\/p>\n<p>Alors que la guerre fait rage au nord du continent, Sereyna se retrouve seule et isol\u00e9e \u00e0 la Forteresse. Des visiteurs inattendus lui d\u00e9voileront de lourds secrets qui viendront \u00e0 jamais changer le cours de son existence. Apprenant que le Chevalier Seiya a \u00e9t\u00e9 fait prisonnier de guerre, Sereyna laissera tout derri\u00e8re pour tenter de sauver son ami. Les dangers et les d\u00e9fis seront nombreux, et possiblement insurmontables. Ne manquez pas la conclusion explosive des aventures de l\u2019apprentie magicienne Sereyna dans &#8220;\u00c9caille de Dragon&#8221;, le deuxi\u00e8me tome de \u00c0 l\u2019Ombre de la Forteresse !<\/p>\n<p><strong>About the Author:\u00a0<\/strong><\/p>\n<p>\u00c9caille de Dragon, deuxi\u00e8me tome de la s\u00e9rie \u00c0 l&#8217;Ombre de la Forteresse, poursuit l\u2019\u00e9pop\u00e9e captivante imagin\u00e9e par Kathleen &#8220;Irulanne&#8221; Boucher. Originaire du Qu\u00e9bec et \u00e9tablie en Alberta depuis 2008, cette auteure bilingue puise dans ses racines et son amour des r\u00e9cits \u00e9piques pour tisser une histoire o\u00f9 s\u2019entrelacent intrigues, \u00e9motions et personnages inoubliables.<\/p>\n","protected":false},"featured_media":20124,"comment_status":"closed","ping_status":"closed","template":"","meta":[],"product_brand":[],"product_cat":[175,197,104,106],"product_tag":[],"class_list":{"0":"post-18817","1":"product","2":"type-product","3":"status-publish","4":"has-post-thumbnail","6":"product_cat-cultural-items","7":"product_cat-novels","8":"product_cat-tous-les-produits-en","9":"product_cat-new","10":"product_shipping_class-domestic-en","13":"first","14":"instock","15":"taxable","16":"shipping-taxable","17":"purchasable","18":"product-type-simple"},"yoast_head":"<!-- This site is optimized with the Yoast SEO plugin v27.3 - https:\/\/yoast.com\/product\/yoast-seo-wordpress\/ -->\n<title>\u00c0 l\u2019Ombre de la Forteresse \u2013 Tome Deux \u2013 \u00c9caille de Dragon - ACFA<\/title>\n<meta name=\"robots\" content=\"index, follow, max-snippet:-1, max-image-preview:large, max-video-preview:-1\" \/>\n<link rel=\"canonical\" href=\"https:\/\/acfa.ab.ca\/en\/product\/a-lombre-de-la-forteresse-tome-deux-ecaille-de-dragon\/\" \/>\n<meta property=\"og:locale\" content=\"en_US\" \/>\n<meta property=\"og:type\" content=\"article\" \/>\n<meta property=\"og:title\" content=\"\u00c0 l\u2019Ombre de la Forteresse \u2013 Tome Deux \u2013 \u00c9caille de Dragon - ACFA\" \/>\n<meta property=\"og:description\" content=\"Title : \u00c0 l\u2019Ombre de la Forteresse \u2013 Tome Deux \u2013 \u00c9caille de Dragon  Author : Kathleen Irulanne Boucher  Number of pages: 257 pages  Format : 15 cm X 23 cm  Target audience: Teenagers (12+) and adults  &nbsp;  Summary:\u00a0  Alors que la guerre fait rage au nord du continent, Sereyna se retrouve seule et isol\u00e9e \u00e0 la Forteresse. Des visiteurs inattendus lui d\u00e9voileront de lourds secrets qui viendront \u00e0 jamais changer le cours de son existence. Apprenant que le Chevalier Seiya a \u00e9t\u00e9 fait prisonnier de guerre, Sereyna laissera tout derri\u00e8re pour tenter de sauver son ami. Les dangers et les d\u00e9fis seront nombreux, et possiblement insurmontables. Ne manquez pas la conclusion explosive des aventures de l\u2019apprentie magicienne Sereyna dans &quot;\u00c9caille de Dragon&quot;, le deuxi\u00e8me tome de \u00c0 l\u2019Ombre de la Forteresse !  About the Author:\u00a0  \u00c9caille de Dragon, deuxi\u00e8me tome de la s\u00e9rie \u00c0 l&#039;Ombre de la Forteresse, poursuit l\u2019\u00e9pop\u00e9e captivante imagin\u00e9e par Kathleen &quot;Irulanne&quot; Boucher. Originaire du Qu\u00e9bec et \u00e9tablie en Alberta depuis 2008, cette auteure bilingue puise dans ses racines et son amour des r\u00e9cits \u00e9piques pour tisser une histoire o\u00f9 s\u2019entrelacent intrigues, \u00e9motions et personnages inoubliables.\" \/>\n<meta property=\"og:url\" content=\"https:\/\/acfa.ab.ca\/en\/product\/a-lombre-de-la-forteresse-tome-deux-ecaille-de-dragon\/\" \/>\n<meta property=\"og:site_name\" content=\"ACFA\" \/>\n<meta property=\"article:modified_time\" content=\"2026-02-02T17:12:15+00:00\" \/>\n<meta property=\"og:image\" content=\"https:\/\/acfa.ab.ca\/wp-content\/uploads\/2025\/11\/Image-Boutique-ACFA7.jpg\" \/>\n\t<meta property=\"og:image:width\" content=\"760\" \/>\n\t<meta property=\"og:image:height\" content=\"726\" \/>\n\t<meta property=\"og:image:type\" content=\"image\/jpeg\" \/>\n<meta name=\"twitter:card\" content=\"summary_large_image\" \/>\n<meta name=\"twitter:label1\" content=\"Est. reading time\" \/>\n\t<meta name=\"twitter:data1\" content=\"1 minute\" \/>\n<script type=\"application\/ld+json\" class=\"yoast-schema-graph\">{\"@context\":\"https:\\\/\\\/schema.org\",\"@graph\":[{\"@type\":\"WebPage\",\"@id\":\"https:\\\/\\\/acfa.ab.ca\\\/en\\\/product\\\/a-lombre-de-la-forteresse-tome-deux-ecaille-de-dragon\\\/\",\"url\":\"https:\\\/\\\/acfa.ab.ca\\\/en\\\/product\\\/a-lombre-de-la-forteresse-tome-deux-ecaille-de-dragon\\\/\",\"name\":\"\u00c0 l\u2019Ombre de la Forteresse \u2013 Tome Deux \u2013 \u00c9caille de Dragon - ACFA\",\"isPartOf\":{\"@id\":\"https:\\\/\\\/acfa.ab.ca\\\/#website\"},\"primaryImageOfPage\":{\"@id\":\"https:\\\/\\\/acfa.ab.ca\\\/en\\\/product\\\/a-lombre-de-la-forteresse-tome-deux-ecaille-de-dragon\\\/#primaryimage\"},\"image\":{\"@id\":\"https:\\\/\\\/acfa.ab.ca\\\/en\\\/product\\\/a-lombre-de-la-forteresse-tome-deux-ecaille-de-dragon\\\/#primaryimage\"},\"thumbnailUrl\":\"https:\\\/\\\/acfa.ab.ca\\\/wp-content\\\/uploads\\\/2025\\\/11\\\/Image-Boutique-ACFA7.jpg\",\"datePublished\":\"2025-11-17T22:14:25+00:00\",\"dateModified\":\"2026-02-02T17:12:15+00:00\",\"breadcrumb\":{\"@id\":\"https:\\\/\\\/acfa.ab.ca\\\/en\\\/product\\\/a-lombre-de-la-forteresse-tome-deux-ecaille-de-dragon\\\/#breadcrumb\"},\"inLanguage\":\"en-US\",\"potentialAction\":[{\"@type\":\"ReadAction\",\"target\":[\"https:\\\/\\\/acfa.ab.ca\\\/en\\\/product\\\/a-lombre-de-la-forteresse-tome-deux-ecaille-de-dragon\\\/\"]}]},{\"@type\":\"ImageObject\",\"inLanguage\":\"en-US\",\"@id\":\"https:\\\/\\\/acfa.ab.ca\\\/en\\\/product\\\/a-lombre-de-la-forteresse-tome-deux-ecaille-de-dragon\\\/#primaryimage\",\"url\":\"https:\\\/\\\/acfa.ab.ca\\\/wp-content\\\/uploads\\\/2025\\\/11\\\/Image-Boutique-ACFA7.jpg\",\"contentUrl\":\"https:\\\/\\\/acfa.ab.ca\\\/wp-content\\\/uploads\\\/2025\\\/11\\\/Image-Boutique-ACFA7.jpg\",\"width\":760,\"height\":726},{\"@type\":\"BreadcrumbList\",\"@id\":\"https:\\\/\\\/acfa.ab.ca\\\/en\\\/product\\\/a-lombre-de-la-forteresse-tome-deux-ecaille-de-dragon\\\/#breadcrumb\",\"itemListElement\":[{\"@type\":\"ListItem\",\"position\":1,\"name\":\"Accueil\",\"item\":\"https:\\\/\\\/acfa.ab.ca\\\/en\\\/\"},{\"@type\":\"ListItem\",\"position\":2,\"name\":\"Shop\",\"item\":\"https:\\\/\\\/acfa.ab.ca\\\/en\\\/boutique\\\/\"},{\"@type\":\"ListItem\",\"position\":3,\"name\":\"\u00c0 l\u2019Ombre de la Forteresse \u2013 Tome Deux \u2013 \u00c9caille de Dragon\"}]},{\"@type\":\"WebSite\",\"@id\":\"https:\\\/\\\/acfa.ab.ca\\\/#website\",\"url\":\"https:\\\/\\\/acfa.ab.ca\\\/\",\"name\":\"ACFA\",\"description\":\"Association de tous les francophones en Alberta\",\"publisher\":{\"@id\":\"https:\\\/\\\/acfa.ab.ca\\\/#organization\"},\"potentialAction\":[{\"@type\":\"SearchAction\",\"target\":{\"@type\":\"EntryPoint\",\"urlTemplate\":\"https:\\\/\\\/acfa.ab.ca\\\/?s={search_term_string}\"},\"query-input\":{\"@type\":\"PropertyValueSpecification\",\"valueRequired\":true,\"valueName\":\"search_term_string\"}}],\"inLanguage\":\"en-US\"},{\"@type\":\"Organization\",\"@id\":\"https:\\\/\\\/acfa.ab.ca\\\/#organization\",\"name\":\"ACFA : Association canadienne-fran\u00e7aise de l'Alberta\",\"url\":\"https:\\\/\\\/acfa.ab.ca\\\/\",\"logo\":{\"@type\":\"ImageObject\",\"inLanguage\":\"en-US\",\"@id\":\"https:\\\/\\\/acfa.ab.ca\\\/#\\\/schema\\\/logo\\\/image\\\/\",\"url\":\"https:\\\/\\\/acfa.ab.ca\\\/wp-content\\\/uploads\\\/2022\\\/07\\\/logo-white.png\",\"contentUrl\":\"https:\\\/\\\/acfa.ab.ca\\\/wp-content\\\/uploads\\\/2022\\\/07\\\/logo-white.png\",\"width\":3414,\"height\":1228,\"caption\":\"ACFA : Association canadienne-fran\u00e7aise de l'Alberta\"},\"image\":{\"@id\":\"https:\\\/\\\/acfa.ab.ca\\\/#\\\/schema\\\/logo\\\/image\\\/\"}}]}<\/script>\n<!-- \/ Yoast SEO plugin. -->","yoast_head_json":{"title":"\u00c0 l\u2019Ombre de la Forteresse \u2013 Tome Deux \u2013 \u00c9caille de Dragon - ACFA","robots":{"index":"index","follow":"follow","max-snippet":"max-snippet:-1","max-image-preview":"max-image-preview:large","max-video-preview":"max-video-preview:-1"},"canonical":"https:\/\/acfa.ab.ca\/en\/product\/a-lombre-de-la-forteresse-tome-deux-ecaille-de-dragon\/","og_locale":"en_US","og_type":"article","og_title":"\u00c0 l\u2019Ombre de la Forteresse \u2013 Tome Deux \u2013 \u00c9caille de Dragon - ACFA","og_description":"Title : \u00c0 l\u2019Ombre de la Forteresse \u2013 Tome Deux \u2013 \u00c9caille de Dragon  Author : Kathleen Irulanne Boucher  Number of pages: 257 pages  Format : 15 cm X 23 cm  Target audience: Teenagers (12+) and adults  &nbsp;  Summary:\u00a0  Alors que la guerre fait rage au nord du continent, Sereyna se retrouve seule et isol\u00e9e \u00e0 la Forteresse. Des visiteurs inattendus lui d\u00e9voileront de lourds secrets qui viendront \u00e0 jamais changer le cours de son existence. Apprenant que le Chevalier Seiya a \u00e9t\u00e9 fait prisonnier de guerre, Sereyna laissera tout derri\u00e8re pour tenter de sauver son ami. Les dangers et les d\u00e9fis seront nombreux, et possiblement insurmontables. Ne manquez pas la conclusion explosive des aventures de l\u2019apprentie magicienne Sereyna dans \"\u00c9caille de Dragon\", le deuxi\u00e8me tome de \u00c0 l\u2019Ombre de la Forteresse !  About the Author:\u00a0  \u00c9caille de Dragon, deuxi\u00e8me tome de la s\u00e9rie \u00c0 l'Ombre de la Forteresse, poursuit l\u2019\u00e9pop\u00e9e captivante imagin\u00e9e par Kathleen \"Irulanne\" Boucher. Originaire du Qu\u00e9bec et \u00e9tablie en Alberta depuis 2008, cette auteure bilingue puise dans ses racines et son amour des r\u00e9cits \u00e9piques pour tisser une histoire o\u00f9 s\u2019entrelacent intrigues, \u00e9motions et personnages inoubliables.","og_url":"https:\/\/acfa.ab.ca\/en\/product\/a-lombre-de-la-forteresse-tome-deux-ecaille-de-dragon\/","og_site_name":"ACFA","article_modified_time":"2026-02-02T17:12:15+00:00","og_image":[{"width":760,"height":726,"url":"https:\/\/acfa.ab.ca\/wp-content\/uploads\/2025\/11\/Image-Boutique-ACFA7.jpg","type":"image\/jpeg"}],"twitter_card":"summary_large_image","twitter_misc":{"Est. reading time":"1 minute"},"schema":{"@context":"https:\/\/schema.org","@graph":[{"@type":"WebPage","@id":"https:\/\/acfa.ab.ca\/en\/product\/a-lombre-de-la-forteresse-tome-deux-ecaille-de-dragon\/","url":"https:\/\/acfa.ab.ca\/en\/product\/a-lombre-de-la-forteresse-tome-deux-ecaille-de-dragon\/","name":"\u00c0 l\u2019Ombre de la Forteresse \u2013 Tome Deux \u2013 \u00c9caille de Dragon - ACFA","isPartOf":{"@id":"https:\/\/acfa.ab.ca\/#website"},"primaryImageOfPage":{"@id":"https:\/\/acfa.ab.ca\/en\/product\/a-lombre-de-la-forteresse-tome-deux-ecaille-de-dragon\/#primaryimage"},"image":{"@id":"https:\/\/acfa.ab.ca\/en\/product\/a-lombre-de-la-forteresse-tome-deux-ecaille-de-dragon\/#primaryimage"},"thumbnailUrl":"https:\/\/acfa.ab.ca\/wp-content\/uploads\/2025\/11\/Image-Boutique-ACFA7.jpg","datePublished":"2025-11-17T22:14:25+00:00","dateModified":"2026-02-02T17:12:15+00:00","breadcrumb":{"@id":"https:\/\/acfa.ab.ca\/en\/product\/a-lombre-de-la-forteresse-tome-deux-ecaille-de-dragon\/#breadcrumb"},"inLanguage":"en-US","potentialAction":[{"@type":"ReadAction","target":["https:\/\/acfa.ab.ca\/en\/product\/a-lombre-de-la-forteresse-tome-deux-ecaille-de-dragon\/"]}]},{"@type":"ImageObject","inLanguage":"en-US","@id":"https:\/\/acfa.ab.ca\/en\/product\/a-lombre-de-la-forteresse-tome-deux-ecaille-de-dragon\/#primaryimage","url":"https:\/\/acfa.ab.ca\/wp-content\/uploads\/2025\/11\/Image-Boutique-ACFA7.jpg","contentUrl":"https:\/\/acfa.ab.ca\/wp-content\/uploads\/2025\/11\/Image-Boutique-ACFA7.jpg","width":760,"height":726},{"@type":"BreadcrumbList","@id":"https:\/\/acfa.ab.ca\/en\/product\/a-lombre-de-la-forteresse-tome-deux-ecaille-de-dragon\/#breadcrumb","itemListElement":[{"@type":"ListItem","position":1,"name":"Accueil","item":"https:\/\/acfa.ab.ca\/en\/"},{"@type":"ListItem","position":2,"name":"Shop","item":"https:\/\/acfa.ab.ca\/en\/boutique\/"},{"@type":"ListItem","position":3,"name":"\u00c0 l\u2019Ombre de la Forteresse \u2013 Tome Deux \u2013 \u00c9caille de Dragon"}]},{"@type":"WebSite","@id":"https:\/\/acfa.ab.ca\/#website","url":"https:\/\/acfa.ab.ca\/","name":"ACFA","description":"Association de tous les francophones en Alberta","publisher":{"@id":"https:\/\/acfa.ab.ca\/#organization"},"potentialAction":[{"@type":"SearchAction","target":{"@type":"EntryPoint","urlTemplate":"https:\/\/acfa.ab.ca\/?s={search_term_string}"},"query-input":{"@type":"PropertyValueSpecification","valueRequired":true,"valueName":"search_term_string"}}],"inLanguage":"en-US"},{"@type":"Organization","@id":"https:\/\/acfa.ab.ca\/#organization","name":"ACFA : Association canadienne-fran\u00e7aise de l'Alberta","url":"https:\/\/acfa.ab.ca\/","logo":{"@type":"ImageObject","inLanguage":"en-US","@id":"https:\/\/acfa.ab.ca\/#\/schema\/logo\/image\/","url":"https:\/\/acfa.ab.ca\/wp-content\/uploads\/2022\/07\/logo-white.png","contentUrl":"https:\/\/acfa.ab.ca\/wp-content\/uploads\/2022\/07\/logo-white.png","width":3414,"height":1228,"caption":"ACFA : Association canadienne-fran\u00e7aise de l'Alberta"},"image":{"@id":"https:\/\/acfa.ab.ca\/#\/schema\/logo\/image\/"}}]}},"_links":{"self":[{"href":"https:\/\/acfa.ab.ca\/en\/wp-json\/wp\/v2\/product\/18817","targetHints":{"allow":["GET"]}}],"collection":[{"href":"https:\/\/acfa.ab.ca\/en\/wp-json\/wp\/v2\/product"}],"about":[{"href":"https:\/\/acfa.ab.ca\/en\/wp-json\/wp\/v2\/types\/product"}],"replies":[{"embeddable":true,"href":"https:\/\/acfa.ab.ca\/en\/wp-json\/wp\/v2\/comments?post=18817"}],"wp:featuredmedia":[{"embeddable":true,"href":"https:\/\/acfa.ab.ca\/en\/wp-json\/wp\/v2\/media\/20124"}],"wp:attachment":[{"href":"https:\/\/acfa.ab.ca\/en\/wp-json\/wp\/v2\/media?parent=18817"}],"wp:term":[{"taxonomy":"product_brand","embeddable":true,"href":"https:\/\/acfa.ab.ca\/en\/wp-json\/wp\/v2\/product_brand?post=18817"},{"taxonomy":"product_cat","embeddable":true,"href":"https:\/\/acfa.ab.ca\/en\/wp-json\/wp\/v2\/product_cat?post=18817"},{"taxonomy":"product_tag","embeddable":true,"href":"https:\/\/acfa.ab.ca\/en\/wp-json\/wp\/v2\/product_tag?post=18817"}],"curies":[{"name":"wp","href":"https:\/\/api.w.org\/{rel}","templated":true}]}}