{"id":18815,"date":"2025-11-17T14:52:44","date_gmt":"2025-11-17T21:52:44","guid":{"rendered":"https:\/\/acfa.ab.ca\/product\/a-lombre-de-la-forteresse-tome-un-protegee-du-roi\/"},"modified":"2026-02-02T10:11:46","modified_gmt":"2026-02-02T17:11:46","slug":"a-lombre-de-la-forteresse-tome-un-protegee-du-roi","status":"publish","type":"product","link":"https:\/\/acfa.ab.ca\/en\/product\/a-lombre-de-la-forteresse-tome-un-protegee-du-roi\/","title":{"rendered":"\u00c0 l\u2019Ombre de la Forteresse \u2013 Tome Un \u2013 Prot\u00e9g\u00e9e du Roi"},"content":{"rendered":"","protected":false},"excerpt":{"rendered":"<p><strong>Title :<\/strong>\u00c0 l\u2019Ombre de la Forteresse \u2013 Tome Un \u2013 Prot\u00e9g\u00e9e du Roi<br \/>\n<strong>Author :<\/strong>Kathleen Irulanne Boucher<\/p>\n<p><strong>Number of pages:<\/strong> 311<\/p>\n<p><strong>Format :<\/strong> 15 cm X 23 cm<\/p>\n<p>Target audience: Teenagers (12+) and adults<\/p>\n<p>Summary:<\/p>\n<p>Dans l&#8217;imposante Forteresse dominant la mer, Sereyna, la jeune apprentie de Ma\u00eetre Cerlyn, fait l\u2019apprentissage des langues, des plantes m\u00e9dicinales, et de la magie depuis son plus jeune \u00e2ge. Le destin de Sereyna semble d\u00e9j\u00e0 tout trac\u00e9 jusqu\u2019au jour o\u00f9 un attentat contre la famille du Roi vient tout chambouler. Alors que la guerre menace d\u2019\u00e9clater dans les \u00c9tats Archyens, Sereyna, \u00e0 peine remise de l\u2019attaque, sera envoy\u00e9e en mission pour le Roi. Sereyna saura-t-elle \u00e9viter les dangers qui la guettent \u00e0 chaque tournant, et prot\u00e9ger son amiti\u00e9 naissante avec Seiya, le jeune et courageux apprenti Chevalier ?<\/p>\n<p>About the Author:<\/p>\n<p>&#8220;Prot\u00e9g\u00e9e du Roi&#8221;, le premier tome de la s\u00e9rie \u00c0 l&#8217;Ombre de la Forteresse, marque les d\u00e9buts de Kathleen &#8220;Irulanne&#8221; Boucher dans l\u2019univers captivant du roman de fantasy. Originaire du Qu\u00e9bec et \u00e9tablie en Alberta depuis 2008, cette auteure bilingue puise dans ses racines et son amour pour les r\u00e9cits \u00e9piques afin de tisser une histoire riche en intrigues, en \u00e9motions et en personnages inoubliables.<\/p>\n<p>&nbsp;<\/p>\n","protected":false},"featured_media":20122,"comment_status":"closed","ping_status":"closed","template":"","meta":[],"product_brand":[],"product_cat":[104,106,175,197],"product_tag":[],"class_list":{"0":"post-18815","1":"product","2":"type-product","3":"status-publish","4":"has-post-thumbnail","6":"product_cat-tous-les-produits-en","7":"product_cat-new","8":"product_cat-cultural-items","9":"product_cat-novels","10":"product_shipping_class-domestic-en","13":"first","14":"instock","15":"taxable","16":"shipping-taxable","17":"purchasable","18":"product-type-simple"},"yoast_head":"<!-- This site is optimized with the Yoast SEO plugin v27.3 - https:\/\/yoast.com\/product\/yoast-seo-wordpress\/ -->\n<title>\u00c0 l\u2019Ombre de la Forteresse \u2013 Tome Un \u2013 Prot\u00e9g\u00e9e du Roi - ACFA<\/title>\n<meta name=\"robots\" content=\"index, follow, max-snippet:-1, max-image-preview:large, max-video-preview:-1\" \/>\n<link rel=\"canonical\" href=\"https:\/\/acfa.ab.ca\/en\/product\/a-lombre-de-la-forteresse-tome-un-protegee-du-roi\/\" \/>\n<meta property=\"og:locale\" content=\"en_US\" \/>\n<meta property=\"og:type\" content=\"article\" \/>\n<meta property=\"og:title\" content=\"\u00c0 l\u2019Ombre de la Forteresse \u2013 Tome Un \u2013 Prot\u00e9g\u00e9e du Roi - ACFA\" \/>\n<meta property=\"og:description\" content=\"Title :\u00c0 l\u2019Ombre de la Forteresse \u2013 Tome Un \u2013 Prot\u00e9g\u00e9e du Roi Author :Kathleen Irulanne Boucher  Number of pages: 311  Format : 15 cm X 23 cm  Target audience: Teenagers (12+) and adults  Summary:  Dans l&#039;imposante Forteresse dominant la mer, Sereyna, la jeune apprentie de Ma\u00eetre Cerlyn, fait l\u2019apprentissage des langues, des plantes m\u00e9dicinales, et de la magie depuis son plus jeune \u00e2ge. Le destin de Sereyna semble d\u00e9j\u00e0 tout trac\u00e9 jusqu\u2019au jour o\u00f9 un attentat contre la famille du Roi vient tout chambouler. Alors que la guerre menace d\u2019\u00e9clater dans les \u00c9tats Archyens, Sereyna, \u00e0 peine remise de l\u2019attaque, sera envoy\u00e9e en mission pour le Roi. Sereyna saura-t-elle \u00e9viter les dangers qui la guettent \u00e0 chaque tournant, et prot\u00e9ger son amiti\u00e9 naissante avec Seiya, le jeune et courageux apprenti Chevalier ?  About the Author:  &quot;Prot\u00e9g\u00e9e du Roi&quot;, le premier tome de la s\u00e9rie \u00c0 l&#039;Ombre de la Forteresse, marque les d\u00e9buts de Kathleen &quot;Irulanne&quot; Boucher dans l\u2019univers captivant du roman de fantasy. Originaire du Qu\u00e9bec et \u00e9tablie en Alberta depuis 2008, cette auteure bilingue puise dans ses racines et son amour pour les r\u00e9cits \u00e9piques afin de tisser une histoire riche en intrigues, en \u00e9motions et en personnages inoubliables.  &nbsp;\" \/>\n<meta property=\"og:url\" content=\"https:\/\/acfa.ab.ca\/en\/product\/a-lombre-de-la-forteresse-tome-un-protegee-du-roi\/\" \/>\n<meta property=\"og:site_name\" content=\"ACFA\" \/>\n<meta property=\"article:modified_time\" content=\"2026-02-02T17:11:46+00:00\" \/>\n<meta property=\"og:image\" content=\"https:\/\/acfa.ab.ca\/wp-content\/uploads\/2025\/11\/Image-Boutique-ACFA6.jpg\" \/>\n\t<meta property=\"og:image:width\" content=\"760\" \/>\n\t<meta property=\"og:image:height\" content=\"726\" \/>\n\t<meta property=\"og:image:type\" content=\"image\/jpeg\" \/>\n<meta name=\"twitter:card\" content=\"summary_large_image\" \/>\n<meta name=\"twitter:label1\" content=\"Est. reading time\" \/>\n\t<meta name=\"twitter:data1\" content=\"1 minute\" \/>\n<script type=\"application\/ld+json\" class=\"yoast-schema-graph\">{\"@context\":\"https:\\\/\\\/schema.org\",\"@graph\":[{\"@type\":\"WebPage\",\"@id\":\"https:\\\/\\\/acfa.ab.ca\\\/en\\\/product\\\/a-lombre-de-la-forteresse-tome-un-protegee-du-roi\\\/\",\"url\":\"https:\\\/\\\/acfa.ab.ca\\\/en\\\/product\\\/a-lombre-de-la-forteresse-tome-un-protegee-du-roi\\\/\",\"name\":\"\u00c0 l\u2019Ombre de la Forteresse \u2013 Tome Un \u2013 Prot\u00e9g\u00e9e du Roi - ACFA\",\"isPartOf\":{\"@id\":\"https:\\\/\\\/acfa.ab.ca\\\/#website\"},\"primaryImageOfPage\":{\"@id\":\"https:\\\/\\\/acfa.ab.ca\\\/en\\\/product\\\/a-lombre-de-la-forteresse-tome-un-protegee-du-roi\\\/#primaryimage\"},\"image\":{\"@id\":\"https:\\\/\\\/acfa.ab.ca\\\/en\\\/product\\\/a-lombre-de-la-forteresse-tome-un-protegee-du-roi\\\/#primaryimage\"},\"thumbnailUrl\":\"https:\\\/\\\/acfa.ab.ca\\\/wp-content\\\/uploads\\\/2025\\\/11\\\/Image-Boutique-ACFA6.jpg\",\"datePublished\":\"2025-11-17T21:52:44+00:00\",\"dateModified\":\"2026-02-02T17:11:46+00:00\",\"breadcrumb\":{\"@id\":\"https:\\\/\\\/acfa.ab.ca\\\/en\\\/product\\\/a-lombre-de-la-forteresse-tome-un-protegee-du-roi\\\/#breadcrumb\"},\"inLanguage\":\"en-US\",\"potentialAction\":[{\"@type\":\"ReadAction\",\"target\":[\"https:\\\/\\\/acfa.ab.ca\\\/en\\\/product\\\/a-lombre-de-la-forteresse-tome-un-protegee-du-roi\\\/\"]}]},{\"@type\":\"ImageObject\",\"inLanguage\":\"en-US\",\"@id\":\"https:\\\/\\\/acfa.ab.ca\\\/en\\\/product\\\/a-lombre-de-la-forteresse-tome-un-protegee-du-roi\\\/#primaryimage\",\"url\":\"https:\\\/\\\/acfa.ab.ca\\\/wp-content\\\/uploads\\\/2025\\\/11\\\/Image-Boutique-ACFA6.jpg\",\"contentUrl\":\"https:\\\/\\\/acfa.ab.ca\\\/wp-content\\\/uploads\\\/2025\\\/11\\\/Image-Boutique-ACFA6.jpg\",\"width\":760,\"height\":726},{\"@type\":\"BreadcrumbList\",\"@id\":\"https:\\\/\\\/acfa.ab.ca\\\/en\\\/product\\\/a-lombre-de-la-forteresse-tome-un-protegee-du-roi\\\/#breadcrumb\",\"itemListElement\":[{\"@type\":\"ListItem\",\"position\":1,\"name\":\"Accueil\",\"item\":\"https:\\\/\\\/acfa.ab.ca\\\/en\\\/\"},{\"@type\":\"ListItem\",\"position\":2,\"name\":\"Shop\",\"item\":\"https:\\\/\\\/acfa.ab.ca\\\/en\\\/boutique\\\/\"},{\"@type\":\"ListItem\",\"position\":3,\"name\":\"\u00c0 l\u2019Ombre de la Forteresse \u2013 Tome Un \u2013 Prot\u00e9g\u00e9e du Roi\"}]},{\"@type\":\"WebSite\",\"@id\":\"https:\\\/\\\/acfa.ab.ca\\\/#website\",\"url\":\"https:\\\/\\\/acfa.ab.ca\\\/\",\"name\":\"ACFA\",\"description\":\"Association de tous les francophones en Alberta\",\"publisher\":{\"@id\":\"https:\\\/\\\/acfa.ab.ca\\\/#organization\"},\"potentialAction\":[{\"@type\":\"SearchAction\",\"target\":{\"@type\":\"EntryPoint\",\"urlTemplate\":\"https:\\\/\\\/acfa.ab.ca\\\/?s={search_term_string}\"},\"query-input\":{\"@type\":\"PropertyValueSpecification\",\"valueRequired\":true,\"valueName\":\"search_term_string\"}}],\"inLanguage\":\"en-US\"},{\"@type\":\"Organization\",\"@id\":\"https:\\\/\\\/acfa.ab.ca\\\/#organization\",\"name\":\"ACFA : Association canadienne-fran\u00e7aise de l'Alberta\",\"url\":\"https:\\\/\\\/acfa.ab.ca\\\/\",\"logo\":{\"@type\":\"ImageObject\",\"inLanguage\":\"en-US\",\"@id\":\"https:\\\/\\\/acfa.ab.ca\\\/#\\\/schema\\\/logo\\\/image\\\/\",\"url\":\"https:\\\/\\\/acfa.ab.ca\\\/wp-content\\\/uploads\\\/2022\\\/07\\\/logo-white.png\",\"contentUrl\":\"https:\\\/\\\/acfa.ab.ca\\\/wp-content\\\/uploads\\\/2022\\\/07\\\/logo-white.png\",\"width\":3414,\"height\":1228,\"caption\":\"ACFA : Association canadienne-fran\u00e7aise de l'Alberta\"},\"image\":{\"@id\":\"https:\\\/\\\/acfa.ab.ca\\\/#\\\/schema\\\/logo\\\/image\\\/\"}}]}<\/script>\n<!-- \/ Yoast SEO plugin. -->","yoast_head_json":{"title":"\u00c0 l\u2019Ombre de la Forteresse \u2013 Tome Un \u2013 Prot\u00e9g\u00e9e du Roi - ACFA","robots":{"index":"index","follow":"follow","max-snippet":"max-snippet:-1","max-image-preview":"max-image-preview:large","max-video-preview":"max-video-preview:-1"},"canonical":"https:\/\/acfa.ab.ca\/en\/product\/a-lombre-de-la-forteresse-tome-un-protegee-du-roi\/","og_locale":"en_US","og_type":"article","og_title":"\u00c0 l\u2019Ombre de la Forteresse \u2013 Tome Un \u2013 Prot\u00e9g\u00e9e du Roi - ACFA","og_description":"Title :\u00c0 l\u2019Ombre de la Forteresse \u2013 Tome Un \u2013 Prot\u00e9g\u00e9e du Roi Author :Kathleen Irulanne Boucher  Number of pages: 311  Format : 15 cm X 23 cm  Target audience: Teenagers (12+) and adults  Summary:  Dans l'imposante Forteresse dominant la mer, Sereyna, la jeune apprentie de Ma\u00eetre Cerlyn, fait l\u2019apprentissage des langues, des plantes m\u00e9dicinales, et de la magie depuis son plus jeune \u00e2ge. Le destin de Sereyna semble d\u00e9j\u00e0 tout trac\u00e9 jusqu\u2019au jour o\u00f9 un attentat contre la famille du Roi vient tout chambouler. Alors que la guerre menace d\u2019\u00e9clater dans les \u00c9tats Archyens, Sereyna, \u00e0 peine remise de l\u2019attaque, sera envoy\u00e9e en mission pour le Roi. Sereyna saura-t-elle \u00e9viter les dangers qui la guettent \u00e0 chaque tournant, et prot\u00e9ger son amiti\u00e9 naissante avec Seiya, le jeune et courageux apprenti Chevalier ?  About the Author:  \"Prot\u00e9g\u00e9e du Roi\", le premier tome de la s\u00e9rie \u00c0 l'Ombre de la Forteresse, marque les d\u00e9buts de Kathleen \"Irulanne\" Boucher dans l\u2019univers captivant du roman de fantasy. Originaire du Qu\u00e9bec et \u00e9tablie en Alberta depuis 2008, cette auteure bilingue puise dans ses racines et son amour pour les r\u00e9cits \u00e9piques afin de tisser une histoire riche en intrigues, en \u00e9motions et en personnages inoubliables.  &nbsp;","og_url":"https:\/\/acfa.ab.ca\/en\/product\/a-lombre-de-la-forteresse-tome-un-protegee-du-roi\/","og_site_name":"ACFA","article_modified_time":"2026-02-02T17:11:46+00:00","og_image":[{"width":760,"height":726,"url":"https:\/\/acfa.ab.ca\/wp-content\/uploads\/2025\/11\/Image-Boutique-ACFA6.jpg","type":"image\/jpeg"}],"twitter_card":"summary_large_image","twitter_misc":{"Est. reading time":"1 minute"},"schema":{"@context":"https:\/\/schema.org","@graph":[{"@type":"WebPage","@id":"https:\/\/acfa.ab.ca\/en\/product\/a-lombre-de-la-forteresse-tome-un-protegee-du-roi\/","url":"https:\/\/acfa.ab.ca\/en\/product\/a-lombre-de-la-forteresse-tome-un-protegee-du-roi\/","name":"\u00c0 l\u2019Ombre de la Forteresse \u2013 Tome Un \u2013 Prot\u00e9g\u00e9e du Roi - ACFA","isPartOf":{"@id":"https:\/\/acfa.ab.ca\/#website"},"primaryImageOfPage":{"@id":"https:\/\/acfa.ab.ca\/en\/product\/a-lombre-de-la-forteresse-tome-un-protegee-du-roi\/#primaryimage"},"image":{"@id":"https:\/\/acfa.ab.ca\/en\/product\/a-lombre-de-la-forteresse-tome-un-protegee-du-roi\/#primaryimage"},"thumbnailUrl":"https:\/\/acfa.ab.ca\/wp-content\/uploads\/2025\/11\/Image-Boutique-ACFA6.jpg","datePublished":"2025-11-17T21:52:44+00:00","dateModified":"2026-02-02T17:11:46+00:00","breadcrumb":{"@id":"https:\/\/acfa.ab.ca\/en\/product\/a-lombre-de-la-forteresse-tome-un-protegee-du-roi\/#breadcrumb"},"inLanguage":"en-US","potentialAction":[{"@type":"ReadAction","target":["https:\/\/acfa.ab.ca\/en\/product\/a-lombre-de-la-forteresse-tome-un-protegee-du-roi\/"]}]},{"@type":"ImageObject","inLanguage":"en-US","@id":"https:\/\/acfa.ab.ca\/en\/product\/a-lombre-de-la-forteresse-tome-un-protegee-du-roi\/#primaryimage","url":"https:\/\/acfa.ab.ca\/wp-content\/uploads\/2025\/11\/Image-Boutique-ACFA6.jpg","contentUrl":"https:\/\/acfa.ab.ca\/wp-content\/uploads\/2025\/11\/Image-Boutique-ACFA6.jpg","width":760,"height":726},{"@type":"BreadcrumbList","@id":"https:\/\/acfa.ab.ca\/en\/product\/a-lombre-de-la-forteresse-tome-un-protegee-du-roi\/#breadcrumb","itemListElement":[{"@type":"ListItem","position":1,"name":"Accueil","item":"https:\/\/acfa.ab.ca\/en\/"},{"@type":"ListItem","position":2,"name":"Shop","item":"https:\/\/acfa.ab.ca\/en\/boutique\/"},{"@type":"ListItem","position":3,"name":"\u00c0 l\u2019Ombre de la Forteresse \u2013 Tome Un \u2013 Prot\u00e9g\u00e9e du Roi"}]},{"@type":"WebSite","@id":"https:\/\/acfa.ab.ca\/#website","url":"https:\/\/acfa.ab.ca\/","name":"ACFA","description":"Association de tous les francophones en Alberta","publisher":{"@id":"https:\/\/acfa.ab.ca\/#organization"},"potentialAction":[{"@type":"SearchAction","target":{"@type":"EntryPoint","urlTemplate":"https:\/\/acfa.ab.ca\/?s={search_term_string}"},"query-input":{"@type":"PropertyValueSpecification","valueRequired":true,"valueName":"search_term_string"}}],"inLanguage":"en-US"},{"@type":"Organization","@id":"https:\/\/acfa.ab.ca\/#organization","name":"ACFA : Association canadienne-fran\u00e7aise de l'Alberta","url":"https:\/\/acfa.ab.ca\/","logo":{"@type":"ImageObject","inLanguage":"en-US","@id":"https:\/\/acfa.ab.ca\/#\/schema\/logo\/image\/","url":"https:\/\/acfa.ab.ca\/wp-content\/uploads\/2022\/07\/logo-white.png","contentUrl":"https:\/\/acfa.ab.ca\/wp-content\/uploads\/2022\/07\/logo-white.png","width":3414,"height":1228,"caption":"ACFA : Association canadienne-fran\u00e7aise de l'Alberta"},"image":{"@id":"https:\/\/acfa.ab.ca\/#\/schema\/logo\/image\/"}}]}},"_links":{"self":[{"href":"https:\/\/acfa.ab.ca\/en\/wp-json\/wp\/v2\/product\/18815","targetHints":{"allow":["GET"]}}],"collection":[{"href":"https:\/\/acfa.ab.ca\/en\/wp-json\/wp\/v2\/product"}],"about":[{"href":"https:\/\/acfa.ab.ca\/en\/wp-json\/wp\/v2\/types\/product"}],"replies":[{"embeddable":true,"href":"https:\/\/acfa.ab.ca\/en\/wp-json\/wp\/v2\/comments?post=18815"}],"wp:featuredmedia":[{"embeddable":true,"href":"https:\/\/acfa.ab.ca\/en\/wp-json\/wp\/v2\/media\/20122"}],"wp:attachment":[{"href":"https:\/\/acfa.ab.ca\/en\/wp-json\/wp\/v2\/media?parent=18815"}],"wp:term":[{"taxonomy":"product_brand","embeddable":true,"href":"https:\/\/acfa.ab.ca\/en\/wp-json\/wp\/v2\/product_brand?post=18815"},{"taxonomy":"product_cat","embeddable":true,"href":"https:\/\/acfa.ab.ca\/en\/wp-json\/wp\/v2\/product_cat?post=18815"},{"taxonomy":"product_tag","embeddable":true,"href":"https:\/\/acfa.ab.ca\/en\/wp-json\/wp\/v2\/product_tag?post=18815"}],"curies":[{"name":"wp","href":"https:\/\/api.w.org\/{rel}","templated":true}]}}