{"id":16743,"date":"2025-05-15T08:38:53","date_gmt":"2025-05-15T15:38:53","guid":{"rendered":"https:\/\/acfa.ab.ca\/?post_type=product&#038;p=16743"},"modified":"2026-02-02T10:38:15","modified_gmt":"2026-02-02T17:38:15","slug":"the-trilogy-abigaelle","status":"publish","type":"product","link":"https:\/\/acfa.ab.ca\/en\/product\/the-trilogy-abigaelle\/","title":{"rendered":"The Trilogy: Abiga\u00eblle"},"content":{"rendered":"","protected":false},"excerpt":{"rendered":"<p><strong>Author : <\/strong>St\u00e9phanie Bourgault-Dallaire<\/p>\n<p><strong>Target audience :<\/strong> Adultes<br \/>\n<strong>N. of pages:<\/strong> 216, 221, 232 pages \/ <strong>Format<\/strong> : 3x(13,5 CM x 23,8 CM)<\/p>\n<p><strong>About the author:<\/strong><\/p>\n<p>St\u00e9phanie Bourgault-Dallaire est enseignante \u00e0 Edmonton, en Alberta.<\/p>\n<p>Elle est titulaire d&#8217;un baccalaur\u00e9at en \u00e9ducation de l\u2019Universit\u00e9 de Sherbrooke.<\/p>\n<p>Chroniqueuse, auteure et sc\u00e9nariste, elle \u00e9crit dans &#8220;Le Franco&#8221;, l&#8217;hebdomadaire albertain, puis dans sa chronique web Conseils de drague.<\/p>\n<p>Apr\u00e8s &#8220;Abiga\u00eblle et le date coaching&#8221; (2015), qui a inspir\u00e9 une s\u00e9rie web diffus\u00e9e \u00e0 l&#8217;automne 2017, et &#8220;Abiga\u00eblle et la s\u00e9duction pr\u00e9natale&#8221; (2015), elle r\u00e9cidive avec le dernier tome de la trilogie, &#8220;Abiga\u00eblle et la retraite amoureuse&#8221; (2017).<\/p>\n","protected":false},"featured_media":20141,"comment_status":"closed","ping_status":"closed","template":"","meta":[],"product_brand":[],"product_cat":[175,197,104,106],"product_tag":[],"class_list":{"0":"post-16743","1":"product","2":"type-product","3":"status-publish","4":"has-post-thumbnail","6":"product_cat-cultural-items","7":"product_cat-novels","8":"product_cat-tous-les-produits-en","9":"product_cat-new","12":"first","13":"instock","14":"taxable","15":"shipping-taxable","16":"purchasable","17":"product-type-simple"},"yoast_head":"<!-- This site is optimized with the Yoast SEO plugin v27.3 - https:\/\/yoast.com\/product\/yoast-seo-wordpress\/ -->\n<title>The Trilogy: Abiga\u00eblle - ACFA<\/title>\n<meta name=\"robots\" content=\"index, follow, max-snippet:-1, max-image-preview:large, max-video-preview:-1\" \/>\n<link rel=\"canonical\" href=\"https:\/\/acfa.ab.ca\/en\/product\/the-trilogy-abigaelle\/\" \/>\n<meta property=\"og:locale\" content=\"en_US\" \/>\n<meta property=\"og:type\" content=\"article\" \/>\n<meta property=\"og:title\" content=\"The Trilogy: Abiga\u00eblle - ACFA\" \/>\n<meta property=\"og:description\" content=\"Author : St\u00e9phanie Bourgault-Dallaire  Target audience : Adultes N. of pages: 216, 221, 232 pages \/ Format : 3x(13,5 CM x 23,8 CM)  About the author:  St\u00e9phanie Bourgault-Dallaire est enseignante \u00e0 Edmonton, en Alberta.  Elle est titulaire d&#039;un baccalaur\u00e9at en \u00e9ducation de l\u2019Universit\u00e9 de Sherbrooke.  Chroniqueuse, auteure et sc\u00e9nariste, elle \u00e9crit dans &quot;Le Franco&quot;, l&#039;hebdomadaire albertain, puis dans sa chronique web Conseils de drague.  Apr\u00e8s &quot;Abiga\u00eblle et le date coaching&quot; (2015), qui a inspir\u00e9 une s\u00e9rie web diffus\u00e9e \u00e0 l&#039;automne 2017, et &quot;Abiga\u00eblle et la s\u00e9duction pr\u00e9natale&quot; (2015), elle r\u00e9cidive avec le dernier tome de la trilogie, &quot;Abiga\u00eblle et la retraite amoureuse&quot; (2017).\" \/>\n<meta property=\"og:url\" content=\"https:\/\/acfa.ab.ca\/en\/product\/the-trilogy-abigaelle\/\" \/>\n<meta property=\"og:site_name\" content=\"ACFA\" \/>\n<meta property=\"article:modified_time\" content=\"2026-02-02T17:38:15+00:00\" \/>\n<meta property=\"og:image\" content=\"https:\/\/acfa.ab.ca\/wp-content\/uploads\/2025\/05\/Image-Boutique-ACFA17.jpg\" \/>\n\t<meta property=\"og:image:width\" content=\"500\" \/>\n\t<meta property=\"og:image:height\" content=\"706\" \/>\n\t<meta property=\"og:image:type\" content=\"image\/jpeg\" \/>\n<meta name=\"twitter:card\" content=\"summary_large_image\" \/>\n<meta name=\"twitter:label1\" content=\"Est. reading time\" \/>\n\t<meta name=\"twitter:data1\" content=\"1 minute\" \/>\n<script type=\"application\/ld+json\" class=\"yoast-schema-graph\">{\"@context\":\"https:\\\/\\\/schema.org\",\"@graph\":[{\"@type\":\"WebPage\",\"@id\":\"https:\\\/\\\/acfa.ab.ca\\\/en\\\/product\\\/the-trilogy-abigaelle\\\/\",\"url\":\"https:\\\/\\\/acfa.ab.ca\\\/en\\\/product\\\/the-trilogy-abigaelle\\\/\",\"name\":\"The Trilogy: Abiga\u00eblle - ACFA\",\"isPartOf\":{\"@id\":\"https:\\\/\\\/acfa.ab.ca\\\/#website\"},\"primaryImageOfPage\":{\"@id\":\"https:\\\/\\\/acfa.ab.ca\\\/en\\\/product\\\/the-trilogy-abigaelle\\\/#primaryimage\"},\"image\":{\"@id\":\"https:\\\/\\\/acfa.ab.ca\\\/en\\\/product\\\/the-trilogy-abigaelle\\\/#primaryimage\"},\"thumbnailUrl\":\"https:\\\/\\\/acfa.ab.ca\\\/wp-content\\\/uploads\\\/2025\\\/05\\\/Image-Boutique-ACFA17.jpg\",\"datePublished\":\"2025-05-15T15:38:53+00:00\",\"dateModified\":\"2026-02-02T17:38:15+00:00\",\"breadcrumb\":{\"@id\":\"https:\\\/\\\/acfa.ab.ca\\\/en\\\/product\\\/the-trilogy-abigaelle\\\/#breadcrumb\"},\"inLanguage\":\"en-US\",\"potentialAction\":[{\"@type\":\"ReadAction\",\"target\":[\"https:\\\/\\\/acfa.ab.ca\\\/en\\\/product\\\/the-trilogy-abigaelle\\\/\"]}]},{\"@type\":\"ImageObject\",\"inLanguage\":\"en-US\",\"@id\":\"https:\\\/\\\/acfa.ab.ca\\\/en\\\/product\\\/the-trilogy-abigaelle\\\/#primaryimage\",\"url\":\"https:\\\/\\\/acfa.ab.ca\\\/wp-content\\\/uploads\\\/2025\\\/05\\\/Image-Boutique-ACFA17.jpg\",\"contentUrl\":\"https:\\\/\\\/acfa.ab.ca\\\/wp-content\\\/uploads\\\/2025\\\/05\\\/Image-Boutique-ACFA17.jpg\",\"width\":500,\"height\":706},{\"@type\":\"BreadcrumbList\",\"@id\":\"https:\\\/\\\/acfa.ab.ca\\\/en\\\/product\\\/the-trilogy-abigaelle\\\/#breadcrumb\",\"itemListElement\":[{\"@type\":\"ListItem\",\"position\":1,\"name\":\"Accueil\",\"item\":\"https:\\\/\\\/acfa.ab.ca\\\/en\\\/\"},{\"@type\":\"ListItem\",\"position\":2,\"name\":\"Shop\",\"item\":\"https:\\\/\\\/acfa.ab.ca\\\/en\\\/boutique\\\/\"},{\"@type\":\"ListItem\",\"position\":3,\"name\":\"The Trilogy: Abiga\u00eblle\"}]},{\"@type\":\"WebSite\",\"@id\":\"https:\\\/\\\/acfa.ab.ca\\\/#website\",\"url\":\"https:\\\/\\\/acfa.ab.ca\\\/\",\"name\":\"ACFA\",\"description\":\"Association de tous les francophones en Alberta\",\"publisher\":{\"@id\":\"https:\\\/\\\/acfa.ab.ca\\\/#organization\"},\"potentialAction\":[{\"@type\":\"SearchAction\",\"target\":{\"@type\":\"EntryPoint\",\"urlTemplate\":\"https:\\\/\\\/acfa.ab.ca\\\/?s={search_term_string}\"},\"query-input\":{\"@type\":\"PropertyValueSpecification\",\"valueRequired\":true,\"valueName\":\"search_term_string\"}}],\"inLanguage\":\"en-US\"},{\"@type\":\"Organization\",\"@id\":\"https:\\\/\\\/acfa.ab.ca\\\/#organization\",\"name\":\"ACFA : Association canadienne-fran\u00e7aise de l'Alberta\",\"url\":\"https:\\\/\\\/acfa.ab.ca\\\/\",\"logo\":{\"@type\":\"ImageObject\",\"inLanguage\":\"en-US\",\"@id\":\"https:\\\/\\\/acfa.ab.ca\\\/#\\\/schema\\\/logo\\\/image\\\/\",\"url\":\"https:\\\/\\\/acfa.ab.ca\\\/wp-content\\\/uploads\\\/2022\\\/07\\\/logo-white.png\",\"contentUrl\":\"https:\\\/\\\/acfa.ab.ca\\\/wp-content\\\/uploads\\\/2022\\\/07\\\/logo-white.png\",\"width\":3414,\"height\":1228,\"caption\":\"ACFA : Association canadienne-fran\u00e7aise de l'Alberta\"},\"image\":{\"@id\":\"https:\\\/\\\/acfa.ab.ca\\\/#\\\/schema\\\/logo\\\/image\\\/\"}}]}<\/script>\n<!-- \/ Yoast SEO plugin. -->","yoast_head_json":{"title":"The Trilogy: Abiga\u00eblle - ACFA","robots":{"index":"index","follow":"follow","max-snippet":"max-snippet:-1","max-image-preview":"max-image-preview:large","max-video-preview":"max-video-preview:-1"},"canonical":"https:\/\/acfa.ab.ca\/en\/product\/the-trilogy-abigaelle\/","og_locale":"en_US","og_type":"article","og_title":"The Trilogy: Abiga\u00eblle - ACFA","og_description":"Author : St\u00e9phanie Bourgault-Dallaire  Target audience : Adultes N. of pages: 216, 221, 232 pages \/ Format : 3x(13,5 CM x 23,8 CM)  About the author:  St\u00e9phanie Bourgault-Dallaire est enseignante \u00e0 Edmonton, en Alberta.  Elle est titulaire d'un baccalaur\u00e9at en \u00e9ducation de l\u2019Universit\u00e9 de Sherbrooke.  Chroniqueuse, auteure et sc\u00e9nariste, elle \u00e9crit dans \"Le Franco\", l'hebdomadaire albertain, puis dans sa chronique web Conseils de drague.  Apr\u00e8s \"Abiga\u00eblle et le date coaching\" (2015), qui a inspir\u00e9 une s\u00e9rie web diffus\u00e9e \u00e0 l'automne 2017, et \"Abiga\u00eblle et la s\u00e9duction pr\u00e9natale\" (2015), elle r\u00e9cidive avec le dernier tome de la trilogie, \"Abiga\u00eblle et la retraite amoureuse\" (2017).","og_url":"https:\/\/acfa.ab.ca\/en\/product\/the-trilogy-abigaelle\/","og_site_name":"ACFA","article_modified_time":"2026-02-02T17:38:15+00:00","og_image":[{"width":500,"height":706,"url":"https:\/\/acfa.ab.ca\/wp-content\/uploads\/2025\/05\/Image-Boutique-ACFA17.jpg","type":"image\/jpeg"}],"twitter_card":"summary_large_image","twitter_misc":{"Est. reading time":"1 minute"},"schema":{"@context":"https:\/\/schema.org","@graph":[{"@type":"WebPage","@id":"https:\/\/acfa.ab.ca\/en\/product\/the-trilogy-abigaelle\/","url":"https:\/\/acfa.ab.ca\/en\/product\/the-trilogy-abigaelle\/","name":"The Trilogy: Abiga\u00eblle - ACFA","isPartOf":{"@id":"https:\/\/acfa.ab.ca\/#website"},"primaryImageOfPage":{"@id":"https:\/\/acfa.ab.ca\/en\/product\/the-trilogy-abigaelle\/#primaryimage"},"image":{"@id":"https:\/\/acfa.ab.ca\/en\/product\/the-trilogy-abigaelle\/#primaryimage"},"thumbnailUrl":"https:\/\/acfa.ab.ca\/wp-content\/uploads\/2025\/05\/Image-Boutique-ACFA17.jpg","datePublished":"2025-05-15T15:38:53+00:00","dateModified":"2026-02-02T17:38:15+00:00","breadcrumb":{"@id":"https:\/\/acfa.ab.ca\/en\/product\/the-trilogy-abigaelle\/#breadcrumb"},"inLanguage":"en-US","potentialAction":[{"@type":"ReadAction","target":["https:\/\/acfa.ab.ca\/en\/product\/the-trilogy-abigaelle\/"]}]},{"@type":"ImageObject","inLanguage":"en-US","@id":"https:\/\/acfa.ab.ca\/en\/product\/the-trilogy-abigaelle\/#primaryimage","url":"https:\/\/acfa.ab.ca\/wp-content\/uploads\/2025\/05\/Image-Boutique-ACFA17.jpg","contentUrl":"https:\/\/acfa.ab.ca\/wp-content\/uploads\/2025\/05\/Image-Boutique-ACFA17.jpg","width":500,"height":706},{"@type":"BreadcrumbList","@id":"https:\/\/acfa.ab.ca\/en\/product\/the-trilogy-abigaelle\/#breadcrumb","itemListElement":[{"@type":"ListItem","position":1,"name":"Accueil","item":"https:\/\/acfa.ab.ca\/en\/"},{"@type":"ListItem","position":2,"name":"Shop","item":"https:\/\/acfa.ab.ca\/en\/boutique\/"},{"@type":"ListItem","position":3,"name":"The Trilogy: Abiga\u00eblle"}]},{"@type":"WebSite","@id":"https:\/\/acfa.ab.ca\/#website","url":"https:\/\/acfa.ab.ca\/","name":"ACFA","description":"Association de tous les francophones en Alberta","publisher":{"@id":"https:\/\/acfa.ab.ca\/#organization"},"potentialAction":[{"@type":"SearchAction","target":{"@type":"EntryPoint","urlTemplate":"https:\/\/acfa.ab.ca\/?s={search_term_string}"},"query-input":{"@type":"PropertyValueSpecification","valueRequired":true,"valueName":"search_term_string"}}],"inLanguage":"en-US"},{"@type":"Organization","@id":"https:\/\/acfa.ab.ca\/#organization","name":"ACFA : Association canadienne-fran\u00e7aise de l'Alberta","url":"https:\/\/acfa.ab.ca\/","logo":{"@type":"ImageObject","inLanguage":"en-US","@id":"https:\/\/acfa.ab.ca\/#\/schema\/logo\/image\/","url":"https:\/\/acfa.ab.ca\/wp-content\/uploads\/2022\/07\/logo-white.png","contentUrl":"https:\/\/acfa.ab.ca\/wp-content\/uploads\/2022\/07\/logo-white.png","width":3414,"height":1228,"caption":"ACFA : Association canadienne-fran\u00e7aise de l'Alberta"},"image":{"@id":"https:\/\/acfa.ab.ca\/#\/schema\/logo\/image\/"}}]}},"_links":{"self":[{"href":"https:\/\/acfa.ab.ca\/en\/wp-json\/wp\/v2\/product\/16743","targetHints":{"allow":["GET"]}}],"collection":[{"href":"https:\/\/acfa.ab.ca\/en\/wp-json\/wp\/v2\/product"}],"about":[{"href":"https:\/\/acfa.ab.ca\/en\/wp-json\/wp\/v2\/types\/product"}],"replies":[{"embeddable":true,"href":"https:\/\/acfa.ab.ca\/en\/wp-json\/wp\/v2\/comments?post=16743"}],"wp:featuredmedia":[{"embeddable":true,"href":"https:\/\/acfa.ab.ca\/en\/wp-json\/wp\/v2\/media\/20141"}],"wp:attachment":[{"href":"https:\/\/acfa.ab.ca\/en\/wp-json\/wp\/v2\/media?parent=16743"}],"wp:term":[{"taxonomy":"product_brand","embeddable":true,"href":"https:\/\/acfa.ab.ca\/en\/wp-json\/wp\/v2\/product_brand?post=16743"},{"taxonomy":"product_cat","embeddable":true,"href":"https:\/\/acfa.ab.ca\/en\/wp-json\/wp\/v2\/product_cat?post=16743"},{"taxonomy":"product_tag","embeddable":true,"href":"https:\/\/acfa.ab.ca\/en\/wp-json\/wp\/v2\/product_tag?post=16743"}],"curies":[{"name":"wp","href":"https:\/\/api.w.org\/{rel}","templated":true}]}}