{"id":16730,"date":"2025-05-14T08:33:06","date_gmt":"2025-05-14T15:33:06","guid":{"rendered":"https:\/\/acfa.ab.ca\/?post_type=product&#038;p=16730"},"modified":"2026-02-02T10:37:02","modified_gmt":"2026-02-02T17:37:02","slug":"abigaelle-et-la-seduction-prenatale-2-copie","status":"publish","type":"product","link":"https:\/\/acfa.ab.ca\/en\/product\/abigaelle-et-la-seduction-prenatale-2-copie\/","title":{"rendered":"Abiga\u00eblle et le date coaching &#8211; 1 &#8211;"},"content":{"rendered":"","protected":false},"excerpt":{"rendered":"<p><strong>Title : Abiga\u00eblle et le date coaching<\/strong> &#8211; 1 &#8211;<br \/>\n<strong>Author : <\/strong>St\u00e9phanie Bourgault-Dallaire<\/p>\n<p><strong>Target audience:<\/strong> Adultes<br \/>\n<strong>N. of pages:<\/strong> 216 pages \/ <strong>Format<\/strong> : 13,5 CM x 23,8 CM<br \/>\n<strong>ISBN:<\/strong> 9782764807330<\/p>\n<p>&nbsp;<\/p>\n<p><strong>Summary:\u00a0<\/strong><\/p>\n<p>Le diagnostic est tomb\u00e9. Aussi difficile \u00e0 avaler que \u00e7a puisse \u00eatre, Abiga\u00eblle Michaud doit s&#8217;y r\u00e9signer : elle a le f\u00e9mur affectif bris\u00e9. Bien qu&#8217;elle r\u00eave d&#8217;une passion digne d&#8217;un roman Harlequin, l&#8217;optom\u00e9triste de trente-deux ans n&#8217;arrive pas \u00e0 s&#8217;engager. L\u00e8vres dures, front d\u00e9garni, punaises de lit : toutes les raisons sont bonnes pour qu&#8217;elle se persuade que son d\u00e9funt p\u00e8re lui envoie un signe afin de la pr\u00e9server d&#8217;un \u00e9chec amoureux. N&#8217;en pouvant plus de la voir saboter ses chances de bonheur, sa m\u00e8re et ses trois soeurs d\u00e9cident de l&#8217;inscrire \u00e0 son insu \u00e0 un atelier de date coaching. D&#8217;abord rebut\u00e9e par la d\u00e9marche, Abby s&#8217;y ouvre ensuite au contact du coach, \u00c9ric, qui lui apprendra qu&#8217;on choisit son homme comme on magasine un jeans et l&#8217;entra\u00eenera \u00e0 aborder les membres du sexe oppos\u00e9 dans les contextes les plus insolites&#8230; Jusqu&#8217;\u00e0 ce qu&#8217;une rencontre chamboule toutes les sph\u00e8res de son univers.<\/p>\n<p><strong>About the author:<\/strong><br \/>\nSt\u00e9phanie Bourgault Dallaire est enseignante \u00e0 Edmonton, en Alberta. Elle signe \u00e9galement, depuis 2010, une chronique humoristique mensuelle dans Le Franco, un hebdomadaire albertain. Abiga\u00eblle et le date coaching, son premier roman, nous fait d\u00e9couvrir une \u00e9criture vivante, maniant l&#8217;humour avec brio.<\/p>\n","protected":false},"featured_media":20135,"comment_status":"closed","ping_status":"closed","template":"","meta":[],"product_brand":[],"product_cat":[104,106,175,197],"product_tag":[],"class_list":{"0":"post-16730","1":"product","2":"type-product","3":"status-publish","4":"has-post-thumbnail","6":"product_cat-tous-les-produits-en","7":"product_cat-new","8":"product_cat-cultural-items","9":"product_cat-novels","10":"product_shipping_class-domestic-en","13":"first","14":"instock","15":"taxable","16":"shipping-taxable","17":"purchasable","18":"product-type-simple"},"yoast_head":"<!-- This site is optimized with the Yoast SEO plugin v27.3 - https:\/\/yoast.com\/product\/yoast-seo-wordpress\/ -->\n<title>Abiga\u00eblle et le date coaching - 1 - ACFA<\/title>\n<meta name=\"robots\" content=\"index, follow, max-snippet:-1, max-image-preview:large, max-video-preview:-1\" \/>\n<link rel=\"canonical\" href=\"https:\/\/acfa.ab.ca\/en\/product\/abigaelle-et-la-seduction-prenatale-2-copie\/\" \/>\n<meta property=\"og:locale\" content=\"en_US\" \/>\n<meta property=\"og:type\" content=\"article\" \/>\n<meta property=\"og:title\" content=\"Abiga\u00eblle et le date coaching - 1 - ACFA\" \/>\n<meta property=\"og:description\" content=\"Title : Abiga\u00eblle et le date coaching - 1 - Author : St\u00e9phanie Bourgault-Dallaire  Target audience: Adultes N. of pages: 216 pages \/ Format : 13,5 CM x 23,8 CM ISBN: 9782764807330  &nbsp;  Summary:\u00a0  Le diagnostic est tomb\u00e9. Aussi difficile \u00e0 avaler que \u00e7a puisse \u00eatre, Abiga\u00eblle Michaud doit s&#039;y r\u00e9signer : elle a le f\u00e9mur affectif bris\u00e9. Bien qu&#039;elle r\u00eave d&#039;une passion digne d&#039;un roman Harlequin, l&#039;optom\u00e9triste de trente-deux ans n&#039;arrive pas \u00e0 s&#039;engager. L\u00e8vres dures, front d\u00e9garni, punaises de lit : toutes les raisons sont bonnes pour qu&#039;elle se persuade que son d\u00e9funt p\u00e8re lui envoie un signe afin de la pr\u00e9server d&#039;un \u00e9chec amoureux. N&#039;en pouvant plus de la voir saboter ses chances de bonheur, sa m\u00e8re et ses trois soeurs d\u00e9cident de l&#039;inscrire \u00e0 son insu \u00e0 un atelier de date coaching. D&#039;abord rebut\u00e9e par la d\u00e9marche, Abby s&#039;y ouvre ensuite au contact du coach, \u00c9ric, qui lui apprendra qu&#039;on choisit son homme comme on magasine un jeans et l&#039;entra\u00eenera \u00e0 aborder les membres du sexe oppos\u00e9 dans les contextes les plus insolites... Jusqu&#039;\u00e0 ce qu&#039;une rencontre chamboule toutes les sph\u00e8res de son univers.  About the author: St\u00e9phanie Bourgault Dallaire est enseignante \u00e0 Edmonton, en Alberta. Elle signe \u00e9galement, depuis 2010, une chronique humoristique mensuelle dans Le Franco, un hebdomadaire albertain. Abiga\u00eblle et le date coaching, son premier roman, nous fait d\u00e9couvrir une \u00e9criture vivante, maniant l&#039;humour avec brio.\" \/>\n<meta property=\"og:url\" content=\"https:\/\/acfa.ab.ca\/en\/product\/abigaelle-et-la-seduction-prenatale-2-copie\/\" \/>\n<meta property=\"og:site_name\" content=\"ACFA\" \/>\n<meta property=\"article:modified_time\" content=\"2026-02-02T17:37:02+00:00\" \/>\n<meta property=\"og:image\" content=\"https:\/\/acfa.ab.ca\/wp-content\/uploads\/2025\/05\/Image-Boutique-ACFA13.jpg\" \/>\n\t<meta property=\"og:image:width\" content=\"760\" \/>\n\t<meta property=\"og:image:height\" content=\"726\" \/>\n\t<meta property=\"og:image:type\" content=\"image\/jpeg\" \/>\n<meta name=\"twitter:card\" content=\"summary_large_image\" \/>\n<meta name=\"twitter:label1\" content=\"Est. reading time\" \/>\n\t<meta name=\"twitter:data1\" content=\"1 minute\" \/>\n<script type=\"application\/ld+json\" class=\"yoast-schema-graph\">{\"@context\":\"https:\\\/\\\/schema.org\",\"@graph\":[{\"@type\":\"WebPage\",\"@id\":\"https:\\\/\\\/acfa.ab.ca\\\/en\\\/product\\\/abigaelle-et-la-seduction-prenatale-2-copie\\\/\",\"url\":\"https:\\\/\\\/acfa.ab.ca\\\/en\\\/product\\\/abigaelle-et-la-seduction-prenatale-2-copie\\\/\",\"name\":\"Abiga\u00eblle et le date coaching - 1 - ACFA\",\"isPartOf\":{\"@id\":\"https:\\\/\\\/acfa.ab.ca\\\/#website\"},\"primaryImageOfPage\":{\"@id\":\"https:\\\/\\\/acfa.ab.ca\\\/en\\\/product\\\/abigaelle-et-la-seduction-prenatale-2-copie\\\/#primaryimage\"},\"image\":{\"@id\":\"https:\\\/\\\/acfa.ab.ca\\\/en\\\/product\\\/abigaelle-et-la-seduction-prenatale-2-copie\\\/#primaryimage\"},\"thumbnailUrl\":\"https:\\\/\\\/acfa.ab.ca\\\/wp-content\\\/uploads\\\/2025\\\/05\\\/Image-Boutique-ACFA13.jpg\",\"datePublished\":\"2025-05-14T15:33:06+00:00\",\"dateModified\":\"2026-02-02T17:37:02+00:00\",\"breadcrumb\":{\"@id\":\"https:\\\/\\\/acfa.ab.ca\\\/en\\\/product\\\/abigaelle-et-la-seduction-prenatale-2-copie\\\/#breadcrumb\"},\"inLanguage\":\"en-US\",\"potentialAction\":[{\"@type\":\"ReadAction\",\"target\":[\"https:\\\/\\\/acfa.ab.ca\\\/en\\\/product\\\/abigaelle-et-la-seduction-prenatale-2-copie\\\/\"]}]},{\"@type\":\"ImageObject\",\"inLanguage\":\"en-US\",\"@id\":\"https:\\\/\\\/acfa.ab.ca\\\/en\\\/product\\\/abigaelle-et-la-seduction-prenatale-2-copie\\\/#primaryimage\",\"url\":\"https:\\\/\\\/acfa.ab.ca\\\/wp-content\\\/uploads\\\/2025\\\/05\\\/Image-Boutique-ACFA13.jpg\",\"contentUrl\":\"https:\\\/\\\/acfa.ab.ca\\\/wp-content\\\/uploads\\\/2025\\\/05\\\/Image-Boutique-ACFA13.jpg\",\"width\":760,\"height\":726},{\"@type\":\"BreadcrumbList\",\"@id\":\"https:\\\/\\\/acfa.ab.ca\\\/en\\\/product\\\/abigaelle-et-la-seduction-prenatale-2-copie\\\/#breadcrumb\",\"itemListElement\":[{\"@type\":\"ListItem\",\"position\":1,\"name\":\"Accueil\",\"item\":\"https:\\\/\\\/acfa.ab.ca\\\/en\\\/\"},{\"@type\":\"ListItem\",\"position\":2,\"name\":\"Shop\",\"item\":\"https:\\\/\\\/acfa.ab.ca\\\/en\\\/boutique\\\/\"},{\"@type\":\"ListItem\",\"position\":3,\"name\":\"Abiga\u00eblle et le date coaching &#8211; 1 &#8211;\"}]},{\"@type\":\"WebSite\",\"@id\":\"https:\\\/\\\/acfa.ab.ca\\\/#website\",\"url\":\"https:\\\/\\\/acfa.ab.ca\\\/\",\"name\":\"ACFA\",\"description\":\"Association de tous les francophones en Alberta\",\"publisher\":{\"@id\":\"https:\\\/\\\/acfa.ab.ca\\\/#organization\"},\"potentialAction\":[{\"@type\":\"SearchAction\",\"target\":{\"@type\":\"EntryPoint\",\"urlTemplate\":\"https:\\\/\\\/acfa.ab.ca\\\/?s={search_term_string}\"},\"query-input\":{\"@type\":\"PropertyValueSpecification\",\"valueRequired\":true,\"valueName\":\"search_term_string\"}}],\"inLanguage\":\"en-US\"},{\"@type\":\"Organization\",\"@id\":\"https:\\\/\\\/acfa.ab.ca\\\/#organization\",\"name\":\"ACFA : Association canadienne-fran\u00e7aise de l'Alberta\",\"url\":\"https:\\\/\\\/acfa.ab.ca\\\/\",\"logo\":{\"@type\":\"ImageObject\",\"inLanguage\":\"en-US\",\"@id\":\"https:\\\/\\\/acfa.ab.ca\\\/#\\\/schema\\\/logo\\\/image\\\/\",\"url\":\"https:\\\/\\\/acfa.ab.ca\\\/wp-content\\\/uploads\\\/2022\\\/07\\\/logo-white.png\",\"contentUrl\":\"https:\\\/\\\/acfa.ab.ca\\\/wp-content\\\/uploads\\\/2022\\\/07\\\/logo-white.png\",\"width\":3414,\"height\":1228,\"caption\":\"ACFA : Association canadienne-fran\u00e7aise de l'Alberta\"},\"image\":{\"@id\":\"https:\\\/\\\/acfa.ab.ca\\\/#\\\/schema\\\/logo\\\/image\\\/\"}}]}<\/script>\n<!-- \/ Yoast SEO plugin. -->","yoast_head_json":{"title":"Abiga\u00eblle et le date coaching - 1 - ACFA","robots":{"index":"index","follow":"follow","max-snippet":"max-snippet:-1","max-image-preview":"max-image-preview:large","max-video-preview":"max-video-preview:-1"},"canonical":"https:\/\/acfa.ab.ca\/en\/product\/abigaelle-et-la-seduction-prenatale-2-copie\/","og_locale":"en_US","og_type":"article","og_title":"Abiga\u00eblle et le date coaching - 1 - ACFA","og_description":"Title : Abiga\u00eblle et le date coaching - 1 - Author : St\u00e9phanie Bourgault-Dallaire  Target audience: Adultes N. of pages: 216 pages \/ Format : 13,5 CM x 23,8 CM ISBN: 9782764807330  &nbsp;  Summary:\u00a0  Le diagnostic est tomb\u00e9. Aussi difficile \u00e0 avaler que \u00e7a puisse \u00eatre, Abiga\u00eblle Michaud doit s'y r\u00e9signer : elle a le f\u00e9mur affectif bris\u00e9. Bien qu'elle r\u00eave d'une passion digne d'un roman Harlequin, l'optom\u00e9triste de trente-deux ans n'arrive pas \u00e0 s'engager. L\u00e8vres dures, front d\u00e9garni, punaises de lit : toutes les raisons sont bonnes pour qu'elle se persuade que son d\u00e9funt p\u00e8re lui envoie un signe afin de la pr\u00e9server d'un \u00e9chec amoureux. N'en pouvant plus de la voir saboter ses chances de bonheur, sa m\u00e8re et ses trois soeurs d\u00e9cident de l'inscrire \u00e0 son insu \u00e0 un atelier de date coaching. D'abord rebut\u00e9e par la d\u00e9marche, Abby s'y ouvre ensuite au contact du coach, \u00c9ric, qui lui apprendra qu'on choisit son homme comme on magasine un jeans et l'entra\u00eenera \u00e0 aborder les membres du sexe oppos\u00e9 dans les contextes les plus insolites... Jusqu'\u00e0 ce qu'une rencontre chamboule toutes les sph\u00e8res de son univers.  About the author: St\u00e9phanie Bourgault Dallaire est enseignante \u00e0 Edmonton, en Alberta. Elle signe \u00e9galement, depuis 2010, une chronique humoristique mensuelle dans Le Franco, un hebdomadaire albertain. Abiga\u00eblle et le date coaching, son premier roman, nous fait d\u00e9couvrir une \u00e9criture vivante, maniant l'humour avec brio.","og_url":"https:\/\/acfa.ab.ca\/en\/product\/abigaelle-et-la-seduction-prenatale-2-copie\/","og_site_name":"ACFA","article_modified_time":"2026-02-02T17:37:02+00:00","og_image":[{"width":760,"height":726,"url":"https:\/\/acfa.ab.ca\/wp-content\/uploads\/2025\/05\/Image-Boutique-ACFA13.jpg","type":"image\/jpeg"}],"twitter_card":"summary_large_image","twitter_misc":{"Est. reading time":"1 minute"},"schema":{"@context":"https:\/\/schema.org","@graph":[{"@type":"WebPage","@id":"https:\/\/acfa.ab.ca\/en\/product\/abigaelle-et-la-seduction-prenatale-2-copie\/","url":"https:\/\/acfa.ab.ca\/en\/product\/abigaelle-et-la-seduction-prenatale-2-copie\/","name":"Abiga\u00eblle et le date coaching - 1 - ACFA","isPartOf":{"@id":"https:\/\/acfa.ab.ca\/#website"},"primaryImageOfPage":{"@id":"https:\/\/acfa.ab.ca\/en\/product\/abigaelle-et-la-seduction-prenatale-2-copie\/#primaryimage"},"image":{"@id":"https:\/\/acfa.ab.ca\/en\/product\/abigaelle-et-la-seduction-prenatale-2-copie\/#primaryimage"},"thumbnailUrl":"https:\/\/acfa.ab.ca\/wp-content\/uploads\/2025\/05\/Image-Boutique-ACFA13.jpg","datePublished":"2025-05-14T15:33:06+00:00","dateModified":"2026-02-02T17:37:02+00:00","breadcrumb":{"@id":"https:\/\/acfa.ab.ca\/en\/product\/abigaelle-et-la-seduction-prenatale-2-copie\/#breadcrumb"},"inLanguage":"en-US","potentialAction":[{"@type":"ReadAction","target":["https:\/\/acfa.ab.ca\/en\/product\/abigaelle-et-la-seduction-prenatale-2-copie\/"]}]},{"@type":"ImageObject","inLanguage":"en-US","@id":"https:\/\/acfa.ab.ca\/en\/product\/abigaelle-et-la-seduction-prenatale-2-copie\/#primaryimage","url":"https:\/\/acfa.ab.ca\/wp-content\/uploads\/2025\/05\/Image-Boutique-ACFA13.jpg","contentUrl":"https:\/\/acfa.ab.ca\/wp-content\/uploads\/2025\/05\/Image-Boutique-ACFA13.jpg","width":760,"height":726},{"@type":"BreadcrumbList","@id":"https:\/\/acfa.ab.ca\/en\/product\/abigaelle-et-la-seduction-prenatale-2-copie\/#breadcrumb","itemListElement":[{"@type":"ListItem","position":1,"name":"Accueil","item":"https:\/\/acfa.ab.ca\/en\/"},{"@type":"ListItem","position":2,"name":"Shop","item":"https:\/\/acfa.ab.ca\/en\/boutique\/"},{"@type":"ListItem","position":3,"name":"Abiga\u00eblle et le date coaching &#8211; 1 &#8211;"}]},{"@type":"WebSite","@id":"https:\/\/acfa.ab.ca\/#website","url":"https:\/\/acfa.ab.ca\/","name":"ACFA","description":"Association de tous les francophones en Alberta","publisher":{"@id":"https:\/\/acfa.ab.ca\/#organization"},"potentialAction":[{"@type":"SearchAction","target":{"@type":"EntryPoint","urlTemplate":"https:\/\/acfa.ab.ca\/?s={search_term_string}"},"query-input":{"@type":"PropertyValueSpecification","valueRequired":true,"valueName":"search_term_string"}}],"inLanguage":"en-US"},{"@type":"Organization","@id":"https:\/\/acfa.ab.ca\/#organization","name":"ACFA : Association canadienne-fran\u00e7aise de l'Alberta","url":"https:\/\/acfa.ab.ca\/","logo":{"@type":"ImageObject","inLanguage":"en-US","@id":"https:\/\/acfa.ab.ca\/#\/schema\/logo\/image\/","url":"https:\/\/acfa.ab.ca\/wp-content\/uploads\/2022\/07\/logo-white.png","contentUrl":"https:\/\/acfa.ab.ca\/wp-content\/uploads\/2022\/07\/logo-white.png","width":3414,"height":1228,"caption":"ACFA : Association canadienne-fran\u00e7aise de l'Alberta"},"image":{"@id":"https:\/\/acfa.ab.ca\/#\/schema\/logo\/image\/"}}]}},"_links":{"self":[{"href":"https:\/\/acfa.ab.ca\/en\/wp-json\/wp\/v2\/product\/16730","targetHints":{"allow":["GET"]}}],"collection":[{"href":"https:\/\/acfa.ab.ca\/en\/wp-json\/wp\/v2\/product"}],"about":[{"href":"https:\/\/acfa.ab.ca\/en\/wp-json\/wp\/v2\/types\/product"}],"replies":[{"embeddable":true,"href":"https:\/\/acfa.ab.ca\/en\/wp-json\/wp\/v2\/comments?post=16730"}],"wp:featuredmedia":[{"embeddable":true,"href":"https:\/\/acfa.ab.ca\/en\/wp-json\/wp\/v2\/media\/20135"}],"wp:attachment":[{"href":"https:\/\/acfa.ab.ca\/en\/wp-json\/wp\/v2\/media?parent=16730"}],"wp:term":[{"taxonomy":"product_brand","embeddable":true,"href":"https:\/\/acfa.ab.ca\/en\/wp-json\/wp\/v2\/product_brand?post=16730"},{"taxonomy":"product_cat","embeddable":true,"href":"https:\/\/acfa.ab.ca\/en\/wp-json\/wp\/v2\/product_cat?post=16730"},{"taxonomy":"product_tag","embeddable":true,"href":"https:\/\/acfa.ab.ca\/en\/wp-json\/wp\/v2\/product_tag?post=16730"}],"curies":[{"name":"wp","href":"https:\/\/api.w.org\/{rel}","templated":true}]}}