{"id":16694,"date":"2025-05-14T08:15:47","date_gmt":"2025-05-14T15:15:47","guid":{"rendered":"https:\/\/acfa.ab.ca\/?post_type=product&#038;p=16694"},"modified":"2026-04-14T12:53:56","modified_gmt":"2026-04-14T19:53:56","slug":"banner-copie-copie-copie-copie-copie-copie-copie","status":"publish","type":"product","link":"https:\/\/acfa.ab.ca\/en\/product\/banner-copie-copie-copie-copie-copie-copie-copie\/","title":{"rendered":"Myriam, c\u0153ur Canado-Carib\u00e9en \u2013 Tome 1 \u2013 Ses nouveaux horizons"},"content":{"rendered":"","protected":false},"excerpt":{"rendered":"<p>Title: Myriam, c\u0153ur Canado-Carib\u00e9en \u2013 Tome 1 \u2013 Ses nouveaux horizons<\/p>\n<p>Author: Alice A. Proph\u00e8te<br \/>\nPublisher: Les \u00c9ditions de la Francophonie<br \/>\nTarget audience: Youth<br \/>\nN. of pages: 72 pages \/ Format: 16.5 cm x 19 cm<br \/>\nISBN: 9782898740398<\/p>\n<p>&nbsp;<\/p>\n<p>Summary:<br \/>\nMyriam, une fillette de neuf ans p\u00e9tillante et curieuse, quitte son Ha\u00efti natal pour s\u2019installer en Alberta. Entre d\u00e9couvertes, surprises et petits d\u00e9fis du quotidien, elle apprend \u00e0 naviguer entre deux mondes : celui de ses racines et celui de son nouveau pays. \u00c0 travers ses yeux, plongez dans une aventure remplie d\u2019amiti\u00e9, de solidarit\u00e9 et de richesse culturelle. En voyageant \u00e0 ses c\u00f4t\u00e9s, d\u00e9couvrez les tr\u00e9sors de sa culture et les nouvelles amiti\u00e9s qu\u2019elle tisse, tout en r\u00e9fl\u00e9chissant aux r\u00e9alit\u00e9s complexes de l\u2019adaptation et de la r\u00e9silience humaine. Myriam nous rappelle que chaque rencontre est une opportunit\u00e9 d\u2019apprendre, que chaque culture est un tr\u00e9sor \u00e0 partager et que l\u2019ouverture aux autres peut transformer le monde. Un r\u00e9cit lumineux et inspirant sur l\u2019adaptation, l\u2019inclusion et la beaut\u00e9 de la diversit\u00e9. \u00cates-vous pr\u00eats \u00e0 suivre Myriam dans son voyage ? Ouvrez ces pages et embarquez avec elle dans cette belle aventure !<\/p>\n<p>&nbsp;<\/p>\n<p>About the author:<br \/>\nDre Alice Proph\u00e8te, originaire d\u2019Ha\u00efti, enseigne actuellement \u00e0 l\u2019Universit\u00e9 de l\u2019Alberta, Campus Saint-Jean, o\u00f9 elle se consacre \u00e0 la formation initiale des enseignants. En parall\u00e8le \u00e0 son enseignement, elle m\u00e8ne des recherches inspir\u00e9es par son propre parcours migratoire et ses exp\u00e9riences dans les milieux scolaire, communautaire et universitaire en Alberta. Forte de plus de trente ans d\u2019exp\u00e9rience dans l\u2019enseignement au Canada et \u00e0 l\u2019international, elle a contribu\u00e9 \u00e0 la refonte des curriculums en Alberta et accompagne les enseignants dans le d\u00e9veloppement de p\u00e9dagogies et de ressources inclusives. Ses \u00e9crits, tant acad\u00e9miques que litt\u00e9raires, t\u00e9moignent de son engagement pour une soci\u00e9t\u00e9 inclusive, o\u00f9 chaque individu, quelle que soit son origine, trouve sa place et sa voix\/voie dans la soci\u00e9t\u00e9 canadienne. Dre Alice Proph\u00e8te infuse ses textes narratifs et litt\u00e9raires de l\u2019authenticit\u00e9 qui \u00e9mane de son v\u00e9cu, de ses recherches, continuant ainsi d\u2019enrichir le milieu \u00e9ducatif canadien avec des oeuvres qui c\u00e9l\u00e8brent la diversit\u00e9 et l\u2019inclusion, tout en contribuant \u00e0 la litt\u00e9rature jeunesse avec des r\u00e9cits profond\u00e9ment enracin\u00e9s dans la r\u00e9alit\u00e9 qu\u2019elle vit au quotidien.<\/p>\n","protected":false},"featured_media":20379,"comment_status":"closed","ping_status":"closed","template":"","meta":[],"product_brand":[],"product_cat":[175,199,104,106],"product_tag":[],"class_list":{"0":"post-16694","1":"product","2":"type-product","3":"status-publish","4":"has-post-thumbnail","6":"product_cat-cultural-items","7":"product_cat-kids-books","8":"product_cat-tous-les-produits-en","9":"product_cat-new","10":"product_shipping_class-domestic-en","13":"first","14":"instock","15":"featured","16":"taxable","17":"shipping-taxable","18":"purchasable","19":"product-type-simple"},"yoast_head":"<!-- This site is optimized with the Yoast SEO plugin v27.3 - https:\/\/yoast.com\/product\/yoast-seo-wordpress\/ -->\n<title>Myriam, c\u0153ur Canado-Carib\u00e9en \u2013 Tome 1 \u2013 Ses nouveaux horizons - ACFA<\/title>\n<meta name=\"robots\" content=\"index, follow, max-snippet:-1, max-image-preview:large, max-video-preview:-1\" \/>\n<link rel=\"canonical\" href=\"https:\/\/acfa.ab.ca\/en\/product\/banner-copie-copie-copie-copie-copie-copie-copie\/\" \/>\n<meta property=\"og:locale\" content=\"en_US\" \/>\n<meta property=\"og:type\" content=\"article\" \/>\n<meta property=\"og:title\" content=\"Myriam, c\u0153ur Canado-Carib\u00e9en \u2013 Tome 1 \u2013 Ses nouveaux horizons - ACFA\" \/>\n<meta property=\"og:description\" content=\"Title: Myriam, c\u0153ur Canado-Carib\u00e9en \u2013 Tome 1 \u2013 Ses nouveaux horizons  Author: Alice A. Proph\u00e8te Publisher: Les \u00c9ditions de la Francophonie Target audience: Youth N. of pages: 72 pages \/ Format: 16.5 cm x 19 cm ISBN: 9782898740398  &nbsp;  Summary: Myriam, une fillette de neuf ans p\u00e9tillante et curieuse, quitte son Ha\u00efti natal pour s\u2019installer en Alberta. Entre d\u00e9couvertes, surprises et petits d\u00e9fis du quotidien, elle apprend \u00e0 naviguer entre deux mondes : celui de ses racines et celui de son nouveau pays. \u00c0 travers ses yeux, plongez dans une aventure remplie d\u2019amiti\u00e9, de solidarit\u00e9 et de richesse culturelle. En voyageant \u00e0 ses c\u00f4t\u00e9s, d\u00e9couvrez les tr\u00e9sors de sa culture et les nouvelles amiti\u00e9s qu\u2019elle tisse, tout en r\u00e9fl\u00e9chissant aux r\u00e9alit\u00e9s complexes de l\u2019adaptation et de la r\u00e9silience humaine. Myriam nous rappelle que chaque rencontre est une opportunit\u00e9 d\u2019apprendre, que chaque culture est un tr\u00e9sor \u00e0 partager et que l\u2019ouverture aux autres peut transformer le monde. Un r\u00e9cit lumineux et inspirant sur l\u2019adaptation, l\u2019inclusion et la beaut\u00e9 de la diversit\u00e9. \u00cates-vous pr\u00eats \u00e0 suivre Myriam dans son voyage ? Ouvrez ces pages et embarquez avec elle dans cette belle aventure !  &nbsp;  About the author: Dre Alice Proph\u00e8te, originaire d\u2019Ha\u00efti, enseigne actuellement \u00e0 l\u2019Universit\u00e9 de l\u2019Alberta, Campus Saint-Jean, o\u00f9 elle se consacre \u00e0 la formation initiale des enseignants. En parall\u00e8le \u00e0 son enseignement, elle m\u00e8ne des recherches inspir\u00e9es par son propre parcours migratoire et ses exp\u00e9riences dans les milieux scolaire, communautaire et universitaire en Alberta. Forte de plus de trente ans d\u2019exp\u00e9rience dans l\u2019enseignement au Canada et \u00e0 l\u2019international, elle a contribu\u00e9 \u00e0 la refonte des curriculums en Alberta et accompagne les enseignants dans le d\u00e9veloppement de p\u00e9dagogies et de ressources inclusives. Ses \u00e9crits, tant acad\u00e9miques que litt\u00e9raires, t\u00e9moignent de son engagement pour une soci\u00e9t\u00e9 inclusive, o\u00f9 chaque individu, quelle que soit son origine, trouve sa place et sa voix\/voie dans la soci\u00e9t\u00e9 canadienne. Dre Alice Proph\u00e8te infuse ses textes narratifs et litt\u00e9raires de l\u2019authenticit\u00e9 qui \u00e9mane de son v\u00e9cu, de ses recherches, continuant ainsi d\u2019enrichir le milieu \u00e9ducatif canadien avec des oeuvres qui c\u00e9l\u00e8brent la diversit\u00e9 et l\u2019inclusion, tout en contribuant \u00e0 la litt\u00e9rature jeunesse avec des r\u00e9cits profond\u00e9ment enracin\u00e9s dans la r\u00e9alit\u00e9 qu\u2019elle vit au quotidien.\" \/>\n<meta property=\"og:url\" content=\"https:\/\/acfa.ab.ca\/en\/product\/banner-copie-copie-copie-copie-copie-copie-copie\/\" \/>\n<meta property=\"og:site_name\" content=\"ACFA\" \/>\n<meta property=\"article:modified_time\" content=\"2026-04-14T19:53:56+00:00\" \/>\n<meta property=\"og:image\" content=\"https:\/\/acfa.ab.ca\/wp-content\/uploads\/2025\/05\/Image-Boutique-ACFA4.jpg\" \/>\n\t<meta property=\"og:image:width\" content=\"760\" \/>\n\t<meta property=\"og:image:height\" content=\"726\" \/>\n\t<meta property=\"og:image:type\" content=\"image\/jpeg\" \/>\n<meta name=\"twitter:card\" content=\"summary_large_image\" \/>\n<meta name=\"twitter:label1\" content=\"Est. reading time\" \/>\n\t<meta name=\"twitter:data1\" content=\"1 minute\" \/>\n<script type=\"application\/ld+json\" class=\"yoast-schema-graph\">{\"@context\":\"https:\\\/\\\/schema.org\",\"@graph\":[{\"@type\":\"WebPage\",\"@id\":\"https:\\\/\\\/acfa.ab.ca\\\/en\\\/product\\\/banner-copie-copie-copie-copie-copie-copie-copie\\\/\",\"url\":\"https:\\\/\\\/acfa.ab.ca\\\/en\\\/product\\\/banner-copie-copie-copie-copie-copie-copie-copie\\\/\",\"name\":\"Myriam, c\u0153ur Canado-Carib\u00e9en \u2013 Tome 1 \u2013 Ses nouveaux horizons - ACFA\",\"isPartOf\":{\"@id\":\"https:\\\/\\\/acfa.ab.ca\\\/#website\"},\"primaryImageOfPage\":{\"@id\":\"https:\\\/\\\/acfa.ab.ca\\\/en\\\/product\\\/banner-copie-copie-copie-copie-copie-copie-copie\\\/#primaryimage\"},\"image\":{\"@id\":\"https:\\\/\\\/acfa.ab.ca\\\/en\\\/product\\\/banner-copie-copie-copie-copie-copie-copie-copie\\\/#primaryimage\"},\"thumbnailUrl\":\"https:\\\/\\\/acfa.ab.ca\\\/wp-content\\\/uploads\\\/2025\\\/05\\\/Image-Boutique-ACFA4.jpg\",\"datePublished\":\"2025-05-14T15:15:47+00:00\",\"dateModified\":\"2026-04-14T19:53:56+00:00\",\"breadcrumb\":{\"@id\":\"https:\\\/\\\/acfa.ab.ca\\\/en\\\/product\\\/banner-copie-copie-copie-copie-copie-copie-copie\\\/#breadcrumb\"},\"inLanguage\":\"en-US\",\"potentialAction\":[{\"@type\":\"ReadAction\",\"target\":[\"https:\\\/\\\/acfa.ab.ca\\\/en\\\/product\\\/banner-copie-copie-copie-copie-copie-copie-copie\\\/\"]}]},{\"@type\":\"ImageObject\",\"inLanguage\":\"en-US\",\"@id\":\"https:\\\/\\\/acfa.ab.ca\\\/en\\\/product\\\/banner-copie-copie-copie-copie-copie-copie-copie\\\/#primaryimage\",\"url\":\"https:\\\/\\\/acfa.ab.ca\\\/wp-content\\\/uploads\\\/2025\\\/05\\\/Image-Boutique-ACFA4.jpg\",\"contentUrl\":\"https:\\\/\\\/acfa.ab.ca\\\/wp-content\\\/uploads\\\/2025\\\/05\\\/Image-Boutique-ACFA4.jpg\",\"width\":760,\"height\":726},{\"@type\":\"BreadcrumbList\",\"@id\":\"https:\\\/\\\/acfa.ab.ca\\\/en\\\/product\\\/banner-copie-copie-copie-copie-copie-copie-copie\\\/#breadcrumb\",\"itemListElement\":[{\"@type\":\"ListItem\",\"position\":1,\"name\":\"Accueil\",\"item\":\"https:\\\/\\\/acfa.ab.ca\\\/en\\\/\"},{\"@type\":\"ListItem\",\"position\":2,\"name\":\"Shop\",\"item\":\"https:\\\/\\\/acfa.ab.ca\\\/en\\\/boutique\\\/\"},{\"@type\":\"ListItem\",\"position\":3,\"name\":\"Myriam, c\u0153ur Canado-Carib\u00e9en \u2013 Tome 1 \u2013 Ses nouveaux horizons\"}]},{\"@type\":\"WebSite\",\"@id\":\"https:\\\/\\\/acfa.ab.ca\\\/#website\",\"url\":\"https:\\\/\\\/acfa.ab.ca\\\/\",\"name\":\"ACFA\",\"description\":\"Association de tous les francophones en Alberta\",\"publisher\":{\"@id\":\"https:\\\/\\\/acfa.ab.ca\\\/#organization\"},\"potentialAction\":[{\"@type\":\"SearchAction\",\"target\":{\"@type\":\"EntryPoint\",\"urlTemplate\":\"https:\\\/\\\/acfa.ab.ca\\\/?s={search_term_string}\"},\"query-input\":{\"@type\":\"PropertyValueSpecification\",\"valueRequired\":true,\"valueName\":\"search_term_string\"}}],\"inLanguage\":\"en-US\"},{\"@type\":\"Organization\",\"@id\":\"https:\\\/\\\/acfa.ab.ca\\\/#organization\",\"name\":\"ACFA : Association canadienne-fran\u00e7aise de l'Alberta\",\"url\":\"https:\\\/\\\/acfa.ab.ca\\\/\",\"logo\":{\"@type\":\"ImageObject\",\"inLanguage\":\"en-US\",\"@id\":\"https:\\\/\\\/acfa.ab.ca\\\/#\\\/schema\\\/logo\\\/image\\\/\",\"url\":\"https:\\\/\\\/acfa.ab.ca\\\/wp-content\\\/uploads\\\/2022\\\/07\\\/logo-white.png\",\"contentUrl\":\"https:\\\/\\\/acfa.ab.ca\\\/wp-content\\\/uploads\\\/2022\\\/07\\\/logo-white.png\",\"width\":3414,\"height\":1228,\"caption\":\"ACFA : Association canadienne-fran\u00e7aise de l'Alberta\"},\"image\":{\"@id\":\"https:\\\/\\\/acfa.ab.ca\\\/#\\\/schema\\\/logo\\\/image\\\/\"}}]}<\/script>\n<!-- \/ Yoast SEO plugin. -->","yoast_head_json":{"title":"Myriam, c\u0153ur Canado-Carib\u00e9en \u2013 Tome 1 \u2013 Ses nouveaux horizons - ACFA","robots":{"index":"index","follow":"follow","max-snippet":"max-snippet:-1","max-image-preview":"max-image-preview:large","max-video-preview":"max-video-preview:-1"},"canonical":"https:\/\/acfa.ab.ca\/en\/product\/banner-copie-copie-copie-copie-copie-copie-copie\/","og_locale":"en_US","og_type":"article","og_title":"Myriam, c\u0153ur Canado-Carib\u00e9en \u2013 Tome 1 \u2013 Ses nouveaux horizons - ACFA","og_description":"Title: Myriam, c\u0153ur Canado-Carib\u00e9en \u2013 Tome 1 \u2013 Ses nouveaux horizons  Author: Alice A. Proph\u00e8te Publisher: Les \u00c9ditions de la Francophonie Target audience: Youth N. of pages: 72 pages \/ Format: 16.5 cm x 19 cm ISBN: 9782898740398  &nbsp;  Summary: Myriam, une fillette de neuf ans p\u00e9tillante et curieuse, quitte son Ha\u00efti natal pour s\u2019installer en Alberta. Entre d\u00e9couvertes, surprises et petits d\u00e9fis du quotidien, elle apprend \u00e0 naviguer entre deux mondes : celui de ses racines et celui de son nouveau pays. \u00c0 travers ses yeux, plongez dans une aventure remplie d\u2019amiti\u00e9, de solidarit\u00e9 et de richesse culturelle. En voyageant \u00e0 ses c\u00f4t\u00e9s, d\u00e9couvrez les tr\u00e9sors de sa culture et les nouvelles amiti\u00e9s qu\u2019elle tisse, tout en r\u00e9fl\u00e9chissant aux r\u00e9alit\u00e9s complexes de l\u2019adaptation et de la r\u00e9silience humaine. Myriam nous rappelle que chaque rencontre est une opportunit\u00e9 d\u2019apprendre, que chaque culture est un tr\u00e9sor \u00e0 partager et que l\u2019ouverture aux autres peut transformer le monde. Un r\u00e9cit lumineux et inspirant sur l\u2019adaptation, l\u2019inclusion et la beaut\u00e9 de la diversit\u00e9. \u00cates-vous pr\u00eats \u00e0 suivre Myriam dans son voyage ? Ouvrez ces pages et embarquez avec elle dans cette belle aventure !  &nbsp;  About the author: Dre Alice Proph\u00e8te, originaire d\u2019Ha\u00efti, enseigne actuellement \u00e0 l\u2019Universit\u00e9 de l\u2019Alberta, Campus Saint-Jean, o\u00f9 elle se consacre \u00e0 la formation initiale des enseignants. En parall\u00e8le \u00e0 son enseignement, elle m\u00e8ne des recherches inspir\u00e9es par son propre parcours migratoire et ses exp\u00e9riences dans les milieux scolaire, communautaire et universitaire en Alberta. Forte de plus de trente ans d\u2019exp\u00e9rience dans l\u2019enseignement au Canada et \u00e0 l\u2019international, elle a contribu\u00e9 \u00e0 la refonte des curriculums en Alberta et accompagne les enseignants dans le d\u00e9veloppement de p\u00e9dagogies et de ressources inclusives. Ses \u00e9crits, tant acad\u00e9miques que litt\u00e9raires, t\u00e9moignent de son engagement pour une soci\u00e9t\u00e9 inclusive, o\u00f9 chaque individu, quelle que soit son origine, trouve sa place et sa voix\/voie dans la soci\u00e9t\u00e9 canadienne. Dre Alice Proph\u00e8te infuse ses textes narratifs et litt\u00e9raires de l\u2019authenticit\u00e9 qui \u00e9mane de son v\u00e9cu, de ses recherches, continuant ainsi d\u2019enrichir le milieu \u00e9ducatif canadien avec des oeuvres qui c\u00e9l\u00e8brent la diversit\u00e9 et l\u2019inclusion, tout en contribuant \u00e0 la litt\u00e9rature jeunesse avec des r\u00e9cits profond\u00e9ment enracin\u00e9s dans la r\u00e9alit\u00e9 qu\u2019elle vit au quotidien.","og_url":"https:\/\/acfa.ab.ca\/en\/product\/banner-copie-copie-copie-copie-copie-copie-copie\/","og_site_name":"ACFA","article_modified_time":"2026-04-14T19:53:56+00:00","og_image":[{"width":760,"height":726,"url":"https:\/\/acfa.ab.ca\/wp-content\/uploads\/2025\/05\/Image-Boutique-ACFA4.jpg","type":"image\/jpeg"}],"twitter_card":"summary_large_image","twitter_misc":{"Est. reading time":"1 minute"},"schema":{"@context":"https:\/\/schema.org","@graph":[{"@type":"WebPage","@id":"https:\/\/acfa.ab.ca\/en\/product\/banner-copie-copie-copie-copie-copie-copie-copie\/","url":"https:\/\/acfa.ab.ca\/en\/product\/banner-copie-copie-copie-copie-copie-copie-copie\/","name":"Myriam, c\u0153ur Canado-Carib\u00e9en \u2013 Tome 1 \u2013 Ses nouveaux horizons - ACFA","isPartOf":{"@id":"https:\/\/acfa.ab.ca\/#website"},"primaryImageOfPage":{"@id":"https:\/\/acfa.ab.ca\/en\/product\/banner-copie-copie-copie-copie-copie-copie-copie\/#primaryimage"},"image":{"@id":"https:\/\/acfa.ab.ca\/en\/product\/banner-copie-copie-copie-copie-copie-copie-copie\/#primaryimage"},"thumbnailUrl":"https:\/\/acfa.ab.ca\/wp-content\/uploads\/2025\/05\/Image-Boutique-ACFA4.jpg","datePublished":"2025-05-14T15:15:47+00:00","dateModified":"2026-04-14T19:53:56+00:00","breadcrumb":{"@id":"https:\/\/acfa.ab.ca\/en\/product\/banner-copie-copie-copie-copie-copie-copie-copie\/#breadcrumb"},"inLanguage":"en-US","potentialAction":[{"@type":"ReadAction","target":["https:\/\/acfa.ab.ca\/en\/product\/banner-copie-copie-copie-copie-copie-copie-copie\/"]}]},{"@type":"ImageObject","inLanguage":"en-US","@id":"https:\/\/acfa.ab.ca\/en\/product\/banner-copie-copie-copie-copie-copie-copie-copie\/#primaryimage","url":"https:\/\/acfa.ab.ca\/wp-content\/uploads\/2025\/05\/Image-Boutique-ACFA4.jpg","contentUrl":"https:\/\/acfa.ab.ca\/wp-content\/uploads\/2025\/05\/Image-Boutique-ACFA4.jpg","width":760,"height":726},{"@type":"BreadcrumbList","@id":"https:\/\/acfa.ab.ca\/en\/product\/banner-copie-copie-copie-copie-copie-copie-copie\/#breadcrumb","itemListElement":[{"@type":"ListItem","position":1,"name":"Accueil","item":"https:\/\/acfa.ab.ca\/en\/"},{"@type":"ListItem","position":2,"name":"Shop","item":"https:\/\/acfa.ab.ca\/en\/boutique\/"},{"@type":"ListItem","position":3,"name":"Myriam, c\u0153ur Canado-Carib\u00e9en \u2013 Tome 1 \u2013 Ses nouveaux horizons"}]},{"@type":"WebSite","@id":"https:\/\/acfa.ab.ca\/#website","url":"https:\/\/acfa.ab.ca\/","name":"ACFA","description":"Association de tous les francophones en Alberta","publisher":{"@id":"https:\/\/acfa.ab.ca\/#organization"},"potentialAction":[{"@type":"SearchAction","target":{"@type":"EntryPoint","urlTemplate":"https:\/\/acfa.ab.ca\/?s={search_term_string}"},"query-input":{"@type":"PropertyValueSpecification","valueRequired":true,"valueName":"search_term_string"}}],"inLanguage":"en-US"},{"@type":"Organization","@id":"https:\/\/acfa.ab.ca\/#organization","name":"ACFA : Association canadienne-fran\u00e7aise de l'Alberta","url":"https:\/\/acfa.ab.ca\/","logo":{"@type":"ImageObject","inLanguage":"en-US","@id":"https:\/\/acfa.ab.ca\/#\/schema\/logo\/image\/","url":"https:\/\/acfa.ab.ca\/wp-content\/uploads\/2022\/07\/logo-white.png","contentUrl":"https:\/\/acfa.ab.ca\/wp-content\/uploads\/2022\/07\/logo-white.png","width":3414,"height":1228,"caption":"ACFA : Association canadienne-fran\u00e7aise de l'Alberta"},"image":{"@id":"https:\/\/acfa.ab.ca\/#\/schema\/logo\/image\/"}}]}},"_links":{"self":[{"href":"https:\/\/acfa.ab.ca\/en\/wp-json\/wp\/v2\/product\/16694","targetHints":{"allow":["GET"]}}],"collection":[{"href":"https:\/\/acfa.ab.ca\/en\/wp-json\/wp\/v2\/product"}],"about":[{"href":"https:\/\/acfa.ab.ca\/en\/wp-json\/wp\/v2\/types\/product"}],"replies":[{"embeddable":true,"href":"https:\/\/acfa.ab.ca\/en\/wp-json\/wp\/v2\/comments?post=16694"}],"wp:featuredmedia":[{"embeddable":true,"href":"https:\/\/acfa.ab.ca\/en\/wp-json\/wp\/v2\/media\/20379"}],"wp:attachment":[{"href":"https:\/\/acfa.ab.ca\/en\/wp-json\/wp\/v2\/media?parent=16694"}],"wp:term":[{"taxonomy":"product_brand","embeddable":true,"href":"https:\/\/acfa.ab.ca\/en\/wp-json\/wp\/v2\/product_brand?post=16694"},{"taxonomy":"product_cat","embeddable":true,"href":"https:\/\/acfa.ab.ca\/en\/wp-json\/wp\/v2\/product_cat?post=16694"},{"taxonomy":"product_tag","embeddable":true,"href":"https:\/\/acfa.ab.ca\/en\/wp-json\/wp\/v2\/product_tag?post=16694"}],"curies":[{"name":"wp","href":"https:\/\/api.w.org\/{rel}","templated":true}]}}