{"id":16690,"date":"2025-05-14T08:15:41","date_gmt":"2025-05-14T15:15:41","guid":{"rendered":"https:\/\/acfa.ab.ca\/?post_type=product&#038;p=16690"},"modified":"2026-02-02T10:36:38","modified_gmt":"2026-02-02T17:36:38","slug":"banner-copie-copie-copie-copie-copie-copie","status":"publish","type":"product","link":"https:\/\/acfa.ab.ca\/en\/product\/banner-copie-copie-copie-copie-copie-copie\/","title":{"rendered":"Destination Canada \u2013 Le froid de l\u2019\u00e9tranger"},"content":{"rendered":"","protected":false},"excerpt":{"rendered":"<p><strong>Title : Destination Canada \u2013 Le froid de l\u2019\u00e9tranger<\/strong><br \/>\n<strong>Author : Alice A. Proph\u00e8te<\/strong><\/p>\n<p>Publisher : Les \u00c9ditions de la Francophonie<\/p>\n<p><strong>Targer audience :<\/strong>\u00a0Adultes<br \/>\n<strong>N. of Pages :<\/strong>\u00a0248 pages \/\u00a0<strong>Format<\/strong>\u00a0: 14 CM x 21,5 CM<br \/>\n<strong>ISBN : <\/strong>9782898740398<\/p>\n<p>&nbsp;<\/p>\n<p><strong>Summary:\u00a0<\/strong><\/p>\n<p>Destination Canada, le froid de l\u2019\u00e9tranger est un r\u00e9cit vibrant et \u00e9mouvant, o\u00f9 se m\u00ealent la chaleur et la douceur des Cara\u00efbes avec le froid et la s\u00e9v\u00e9rit\u00e9 de l\u2019hiver canadien. St\u00e9phanie, jeune immigrante ha\u00eftienne, traverse l\u2019oc\u00e9an pour se retrouver dans l\u2019immensit\u00e9 blanche de l\u2019Alberta. Mais ce n\u2019est pas seulement le froid du climat qui la saisit, c\u2019est celui, plus subtil, de l\u2019int\u00e9gration dans un monde inconnu, o\u00f9 les visages sont diff\u00e9rents, et les coutumes, \u00e9trang\u00e8res.<\/p>\n<p>Au fil des pages, ce roman d\u00e9voile une qu\u00eate d\u2019identit\u00e9 et d\u2019appartenance, un voyage int\u00e9rieur aussi profond que celui qui l\u2019a men\u00e9e sur cette terre lointaine. St\u00e9phanie, en apprenant \u00e0 apprivoiser ce froid ext\u00e9rieur, d\u00e9couvre que l\u2019inclusion n\u2019est pas seulement une affaire de tol\u00e9rance, mais de v\u00e9ritable ouverture \u00e0 l\u2019autre, \u00e0 celui qui vient d\u2019ailleurs, avec ses propres histoires et richesses.<\/p>\n<p>Ce texte est une ode \u00e0 l\u2019humanit\u00e9 dans toute sa diversit\u00e9, o\u00f9 chaque rencontre, chaque lien tiss\u00e9, devient un acte de transformation mutuelle. Mais St\u00e9phanie parviendra-t-elle \u00e0 r\u00e9chauffer son coeur et celui des autres, \u00e0 transformer ce froid glacial en une chaleur humaine universelle ?<\/p>\n<p>&nbsp;<\/p>\n<p><strong>About the author :<\/strong><br \/>\nDre Alice Proph\u00e8te, originaire d\u2019Ha\u00efti, enseigne actuellement \u00e0 l\u2019Universit\u00e9 de l\u2019Alberta, Campus Saint-Jean, o\u00f9 elle se consacre \u00e0 la formation initiale des enseignants. En parall\u00e8le \u00e0 son enseignement, elle m\u00e8ne des recherches inspir\u00e9es par son propre parcours migratoire et ses exp\u00e9riences dans les milieux scolaire, communautaire et universitaire en Alberta. Forte de plus de trente ans d\u2019exp\u00e9rience dans l\u2019enseignement au Canada et \u00e0 l\u2019international, elle a contribu\u00e9 \u00e0 la refonte des curriculums en Alberta et accompagne les enseignants dans le d\u00e9veloppement de p\u00e9dagogies et de ressources inclusives. Ses \u00e9crits, tant acad\u00e9miques que litt\u00e9raires, t\u00e9moignent de son engagement pour une soci\u00e9t\u00e9 inclusive, o\u00f9 chaque individu, quelle que soit son origine, trouve sa place et sa voix\/voie dans la soci\u00e9t\u00e9 canadienne. Dre Alice Proph\u00e8te infuse ses textes narratifs et litt\u00e9raires de l\u2019authenticit\u00e9 qui \u00e9mane de son v\u00e9cu, de ses recherches, continuant ainsi d\u2019enrichir le milieu \u00e9ducatif canadien avec des oeuvres qui c\u00e9l\u00e8brent la diversit\u00e9 et l\u2019inclusion, tout en contribuant \u00e0 la litt\u00e9rature jeunesse avec des r\u00e9cits profond\u00e9ment enracin\u00e9s dans la r\u00e9alit\u00e9 qu\u2019elle vit au quotidien.<\/p>\n","protected":false},"featured_media":20133,"comment_status":"closed","ping_status":"closed","template":"","meta":[],"product_brand":[],"product_cat":[104,106,175,197],"product_tag":[],"class_list":{"0":"post-16690","1":"product","2":"type-product","3":"status-publish","4":"has-post-thumbnail","6":"product_cat-tous-les-produits-en","7":"product_cat-new","8":"product_cat-cultural-items","9":"product_cat-novels","10":"product_shipping_class-domestic-en","13":"first","14":"instock","15":"taxable","16":"shipping-taxable","17":"purchasable","18":"product-type-simple"},"yoast_head":"<!-- This site is optimized with the Yoast SEO plugin v27.3 - https:\/\/yoast.com\/product\/yoast-seo-wordpress\/ -->\n<title>Destination Canada \u2013 Le froid de l\u2019\u00e9tranger - ACFA<\/title>\n<meta name=\"robots\" content=\"index, follow, max-snippet:-1, max-image-preview:large, max-video-preview:-1\" \/>\n<link rel=\"canonical\" href=\"https:\/\/acfa.ab.ca\/en\/product\/banner-copie-copie-copie-copie-copie-copie\/\" \/>\n<meta property=\"og:locale\" content=\"en_US\" \/>\n<meta property=\"og:type\" content=\"article\" \/>\n<meta property=\"og:title\" content=\"Destination Canada \u2013 Le froid de l\u2019\u00e9tranger - ACFA\" \/>\n<meta property=\"og:description\" content=\"Title : Destination Canada \u2013 Le froid de l\u2019\u00e9tranger Author : Alice A. Proph\u00e8te  Publisher : Les \u00c9ditions de la Francophonie  Targer audience :\u00a0Adultes N. of Pages :\u00a0248 pages \/\u00a0Format\u00a0: 14 CM x 21,5 CM ISBN : 9782898740398  &nbsp;  Summary:\u00a0  Destination Canada, le froid de l\u2019\u00e9tranger est un r\u00e9cit vibrant et \u00e9mouvant, o\u00f9 se m\u00ealent la chaleur et la douceur des Cara\u00efbes avec le froid et la s\u00e9v\u00e9rit\u00e9 de l\u2019hiver canadien. St\u00e9phanie, jeune immigrante ha\u00eftienne, traverse l\u2019oc\u00e9an pour se retrouver dans l\u2019immensit\u00e9 blanche de l\u2019Alberta. Mais ce n\u2019est pas seulement le froid du climat qui la saisit, c\u2019est celui, plus subtil, de l\u2019int\u00e9gration dans un monde inconnu, o\u00f9 les visages sont diff\u00e9rents, et les coutumes, \u00e9trang\u00e8res.  Au fil des pages, ce roman d\u00e9voile une qu\u00eate d\u2019identit\u00e9 et d\u2019appartenance, un voyage int\u00e9rieur aussi profond que celui qui l\u2019a men\u00e9e sur cette terre lointaine. St\u00e9phanie, en apprenant \u00e0 apprivoiser ce froid ext\u00e9rieur, d\u00e9couvre que l\u2019inclusion n\u2019est pas seulement une affaire de tol\u00e9rance, mais de v\u00e9ritable ouverture \u00e0 l\u2019autre, \u00e0 celui qui vient d\u2019ailleurs, avec ses propres histoires et richesses.  Ce texte est une ode \u00e0 l\u2019humanit\u00e9 dans toute sa diversit\u00e9, o\u00f9 chaque rencontre, chaque lien tiss\u00e9, devient un acte de transformation mutuelle. Mais St\u00e9phanie parviendra-t-elle \u00e0 r\u00e9chauffer son coeur et celui des autres, \u00e0 transformer ce froid glacial en une chaleur humaine universelle ?  &nbsp;  About the author : Dre Alice Proph\u00e8te, originaire d\u2019Ha\u00efti, enseigne actuellement \u00e0 l\u2019Universit\u00e9 de l\u2019Alberta, Campus Saint-Jean, o\u00f9 elle se consacre \u00e0 la formation initiale des enseignants. En parall\u00e8le \u00e0 son enseignement, elle m\u00e8ne des recherches inspir\u00e9es par son propre parcours migratoire et ses exp\u00e9riences dans les milieux scolaire, communautaire et universitaire en Alberta. Forte de plus de trente ans d\u2019exp\u00e9rience dans l\u2019enseignement au Canada et \u00e0 l\u2019international, elle a contribu\u00e9 \u00e0 la refonte des curriculums en Alberta et accompagne les enseignants dans le d\u00e9veloppement de p\u00e9dagogies et de ressources inclusives. Ses \u00e9crits, tant acad\u00e9miques que litt\u00e9raires, t\u00e9moignent de son engagement pour une soci\u00e9t\u00e9 inclusive, o\u00f9 chaque individu, quelle que soit son origine, trouve sa place et sa voix\/voie dans la soci\u00e9t\u00e9 canadienne. Dre Alice Proph\u00e8te infuse ses textes narratifs et litt\u00e9raires de l\u2019authenticit\u00e9 qui \u00e9mane de son v\u00e9cu, de ses recherches, continuant ainsi d\u2019enrichir le milieu \u00e9ducatif canadien avec des oeuvres qui c\u00e9l\u00e8brent la diversit\u00e9 et l\u2019inclusion, tout en contribuant \u00e0 la litt\u00e9rature jeunesse avec des r\u00e9cits profond\u00e9ment enracin\u00e9s dans la r\u00e9alit\u00e9 qu\u2019elle vit au quotidien.\" \/>\n<meta property=\"og:url\" content=\"https:\/\/acfa.ab.ca\/en\/product\/banner-copie-copie-copie-copie-copie-copie\/\" \/>\n<meta property=\"og:site_name\" content=\"ACFA\" \/>\n<meta property=\"article:modified_time\" content=\"2026-02-02T17:36:38+00:00\" \/>\n<meta property=\"og:image\" content=\"https:\/\/acfa.ab.ca\/wp-content\/uploads\/2025\/05\/Image-Boutique-ACFA12.jpg\" \/>\n\t<meta property=\"og:image:width\" content=\"760\" \/>\n\t<meta property=\"og:image:height\" content=\"726\" \/>\n\t<meta property=\"og:image:type\" content=\"image\/jpeg\" \/>\n<meta name=\"twitter:card\" content=\"summary_large_image\" \/>\n<meta name=\"twitter:label1\" content=\"Est. reading time\" \/>\n\t<meta name=\"twitter:data1\" content=\"1 minute\" \/>\n<script type=\"application\/ld+json\" class=\"yoast-schema-graph\">{\"@context\":\"https:\\\/\\\/schema.org\",\"@graph\":[{\"@type\":\"WebPage\",\"@id\":\"https:\\\/\\\/acfa.ab.ca\\\/en\\\/product\\\/banner-copie-copie-copie-copie-copie-copie\\\/\",\"url\":\"https:\\\/\\\/acfa.ab.ca\\\/en\\\/product\\\/banner-copie-copie-copie-copie-copie-copie\\\/\",\"name\":\"Destination Canada \u2013 Le froid de l\u2019\u00e9tranger - ACFA\",\"isPartOf\":{\"@id\":\"https:\\\/\\\/acfa.ab.ca\\\/#website\"},\"primaryImageOfPage\":{\"@id\":\"https:\\\/\\\/acfa.ab.ca\\\/en\\\/product\\\/banner-copie-copie-copie-copie-copie-copie\\\/#primaryimage\"},\"image\":{\"@id\":\"https:\\\/\\\/acfa.ab.ca\\\/en\\\/product\\\/banner-copie-copie-copie-copie-copie-copie\\\/#primaryimage\"},\"thumbnailUrl\":\"https:\\\/\\\/acfa.ab.ca\\\/wp-content\\\/uploads\\\/2025\\\/05\\\/Image-Boutique-ACFA12.jpg\",\"datePublished\":\"2025-05-14T15:15:41+00:00\",\"dateModified\":\"2026-02-02T17:36:38+00:00\",\"breadcrumb\":{\"@id\":\"https:\\\/\\\/acfa.ab.ca\\\/en\\\/product\\\/banner-copie-copie-copie-copie-copie-copie\\\/#breadcrumb\"},\"inLanguage\":\"en-US\",\"potentialAction\":[{\"@type\":\"ReadAction\",\"target\":[\"https:\\\/\\\/acfa.ab.ca\\\/en\\\/product\\\/banner-copie-copie-copie-copie-copie-copie\\\/\"]}]},{\"@type\":\"ImageObject\",\"inLanguage\":\"en-US\",\"@id\":\"https:\\\/\\\/acfa.ab.ca\\\/en\\\/product\\\/banner-copie-copie-copie-copie-copie-copie\\\/#primaryimage\",\"url\":\"https:\\\/\\\/acfa.ab.ca\\\/wp-content\\\/uploads\\\/2025\\\/05\\\/Image-Boutique-ACFA12.jpg\",\"contentUrl\":\"https:\\\/\\\/acfa.ab.ca\\\/wp-content\\\/uploads\\\/2025\\\/05\\\/Image-Boutique-ACFA12.jpg\",\"width\":760,\"height\":726},{\"@type\":\"BreadcrumbList\",\"@id\":\"https:\\\/\\\/acfa.ab.ca\\\/en\\\/product\\\/banner-copie-copie-copie-copie-copie-copie\\\/#breadcrumb\",\"itemListElement\":[{\"@type\":\"ListItem\",\"position\":1,\"name\":\"Accueil\",\"item\":\"https:\\\/\\\/acfa.ab.ca\\\/en\\\/\"},{\"@type\":\"ListItem\",\"position\":2,\"name\":\"Shop\",\"item\":\"https:\\\/\\\/acfa.ab.ca\\\/en\\\/boutique\\\/\"},{\"@type\":\"ListItem\",\"position\":3,\"name\":\"Destination Canada \u2013 Le froid de l\u2019\u00e9tranger\"}]},{\"@type\":\"WebSite\",\"@id\":\"https:\\\/\\\/acfa.ab.ca\\\/#website\",\"url\":\"https:\\\/\\\/acfa.ab.ca\\\/\",\"name\":\"ACFA\",\"description\":\"Association de tous les francophones en Alberta\",\"publisher\":{\"@id\":\"https:\\\/\\\/acfa.ab.ca\\\/#organization\"},\"potentialAction\":[{\"@type\":\"SearchAction\",\"target\":{\"@type\":\"EntryPoint\",\"urlTemplate\":\"https:\\\/\\\/acfa.ab.ca\\\/?s={search_term_string}\"},\"query-input\":{\"@type\":\"PropertyValueSpecification\",\"valueRequired\":true,\"valueName\":\"search_term_string\"}}],\"inLanguage\":\"en-US\"},{\"@type\":\"Organization\",\"@id\":\"https:\\\/\\\/acfa.ab.ca\\\/#organization\",\"name\":\"ACFA : Association canadienne-fran\u00e7aise de l'Alberta\",\"url\":\"https:\\\/\\\/acfa.ab.ca\\\/\",\"logo\":{\"@type\":\"ImageObject\",\"inLanguage\":\"en-US\",\"@id\":\"https:\\\/\\\/acfa.ab.ca\\\/#\\\/schema\\\/logo\\\/image\\\/\",\"url\":\"https:\\\/\\\/acfa.ab.ca\\\/wp-content\\\/uploads\\\/2022\\\/07\\\/logo-white.png\",\"contentUrl\":\"https:\\\/\\\/acfa.ab.ca\\\/wp-content\\\/uploads\\\/2022\\\/07\\\/logo-white.png\",\"width\":3414,\"height\":1228,\"caption\":\"ACFA : Association canadienne-fran\u00e7aise de l'Alberta\"},\"image\":{\"@id\":\"https:\\\/\\\/acfa.ab.ca\\\/#\\\/schema\\\/logo\\\/image\\\/\"}}]}<\/script>\n<!-- \/ Yoast SEO plugin. -->","yoast_head_json":{"title":"Destination Canada \u2013 Le froid de l\u2019\u00e9tranger - ACFA","robots":{"index":"index","follow":"follow","max-snippet":"max-snippet:-1","max-image-preview":"max-image-preview:large","max-video-preview":"max-video-preview:-1"},"canonical":"https:\/\/acfa.ab.ca\/en\/product\/banner-copie-copie-copie-copie-copie-copie\/","og_locale":"en_US","og_type":"article","og_title":"Destination Canada \u2013 Le froid de l\u2019\u00e9tranger - ACFA","og_description":"Title : Destination Canada \u2013 Le froid de l\u2019\u00e9tranger Author : Alice A. Proph\u00e8te  Publisher : Les \u00c9ditions de la Francophonie  Targer audience :\u00a0Adultes N. of Pages :\u00a0248 pages \/\u00a0Format\u00a0: 14 CM x 21,5 CM ISBN : 9782898740398  &nbsp;  Summary:\u00a0  Destination Canada, le froid de l\u2019\u00e9tranger est un r\u00e9cit vibrant et \u00e9mouvant, o\u00f9 se m\u00ealent la chaleur et la douceur des Cara\u00efbes avec le froid et la s\u00e9v\u00e9rit\u00e9 de l\u2019hiver canadien. St\u00e9phanie, jeune immigrante ha\u00eftienne, traverse l\u2019oc\u00e9an pour se retrouver dans l\u2019immensit\u00e9 blanche de l\u2019Alberta. Mais ce n\u2019est pas seulement le froid du climat qui la saisit, c\u2019est celui, plus subtil, de l\u2019int\u00e9gration dans un monde inconnu, o\u00f9 les visages sont diff\u00e9rents, et les coutumes, \u00e9trang\u00e8res.  Au fil des pages, ce roman d\u00e9voile une qu\u00eate d\u2019identit\u00e9 et d\u2019appartenance, un voyage int\u00e9rieur aussi profond que celui qui l\u2019a men\u00e9e sur cette terre lointaine. St\u00e9phanie, en apprenant \u00e0 apprivoiser ce froid ext\u00e9rieur, d\u00e9couvre que l\u2019inclusion n\u2019est pas seulement une affaire de tol\u00e9rance, mais de v\u00e9ritable ouverture \u00e0 l\u2019autre, \u00e0 celui qui vient d\u2019ailleurs, avec ses propres histoires et richesses.  Ce texte est une ode \u00e0 l\u2019humanit\u00e9 dans toute sa diversit\u00e9, o\u00f9 chaque rencontre, chaque lien tiss\u00e9, devient un acte de transformation mutuelle. Mais St\u00e9phanie parviendra-t-elle \u00e0 r\u00e9chauffer son coeur et celui des autres, \u00e0 transformer ce froid glacial en une chaleur humaine universelle ?  &nbsp;  About the author : Dre Alice Proph\u00e8te, originaire d\u2019Ha\u00efti, enseigne actuellement \u00e0 l\u2019Universit\u00e9 de l\u2019Alberta, Campus Saint-Jean, o\u00f9 elle se consacre \u00e0 la formation initiale des enseignants. En parall\u00e8le \u00e0 son enseignement, elle m\u00e8ne des recherches inspir\u00e9es par son propre parcours migratoire et ses exp\u00e9riences dans les milieux scolaire, communautaire et universitaire en Alberta. Forte de plus de trente ans d\u2019exp\u00e9rience dans l\u2019enseignement au Canada et \u00e0 l\u2019international, elle a contribu\u00e9 \u00e0 la refonte des curriculums en Alberta et accompagne les enseignants dans le d\u00e9veloppement de p\u00e9dagogies et de ressources inclusives. Ses \u00e9crits, tant acad\u00e9miques que litt\u00e9raires, t\u00e9moignent de son engagement pour une soci\u00e9t\u00e9 inclusive, o\u00f9 chaque individu, quelle que soit son origine, trouve sa place et sa voix\/voie dans la soci\u00e9t\u00e9 canadienne. Dre Alice Proph\u00e8te infuse ses textes narratifs et litt\u00e9raires de l\u2019authenticit\u00e9 qui \u00e9mane de son v\u00e9cu, de ses recherches, continuant ainsi d\u2019enrichir le milieu \u00e9ducatif canadien avec des oeuvres qui c\u00e9l\u00e8brent la diversit\u00e9 et l\u2019inclusion, tout en contribuant \u00e0 la litt\u00e9rature jeunesse avec des r\u00e9cits profond\u00e9ment enracin\u00e9s dans la r\u00e9alit\u00e9 qu\u2019elle vit au quotidien.","og_url":"https:\/\/acfa.ab.ca\/en\/product\/banner-copie-copie-copie-copie-copie-copie\/","og_site_name":"ACFA","article_modified_time":"2026-02-02T17:36:38+00:00","og_image":[{"width":760,"height":726,"url":"https:\/\/acfa.ab.ca\/wp-content\/uploads\/2025\/05\/Image-Boutique-ACFA12.jpg","type":"image\/jpeg"}],"twitter_card":"summary_large_image","twitter_misc":{"Est. reading time":"1 minute"},"schema":{"@context":"https:\/\/schema.org","@graph":[{"@type":"WebPage","@id":"https:\/\/acfa.ab.ca\/en\/product\/banner-copie-copie-copie-copie-copie-copie\/","url":"https:\/\/acfa.ab.ca\/en\/product\/banner-copie-copie-copie-copie-copie-copie\/","name":"Destination Canada \u2013 Le froid de l\u2019\u00e9tranger - ACFA","isPartOf":{"@id":"https:\/\/acfa.ab.ca\/#website"},"primaryImageOfPage":{"@id":"https:\/\/acfa.ab.ca\/en\/product\/banner-copie-copie-copie-copie-copie-copie\/#primaryimage"},"image":{"@id":"https:\/\/acfa.ab.ca\/en\/product\/banner-copie-copie-copie-copie-copie-copie\/#primaryimage"},"thumbnailUrl":"https:\/\/acfa.ab.ca\/wp-content\/uploads\/2025\/05\/Image-Boutique-ACFA12.jpg","datePublished":"2025-05-14T15:15:41+00:00","dateModified":"2026-02-02T17:36:38+00:00","breadcrumb":{"@id":"https:\/\/acfa.ab.ca\/en\/product\/banner-copie-copie-copie-copie-copie-copie\/#breadcrumb"},"inLanguage":"en-US","potentialAction":[{"@type":"ReadAction","target":["https:\/\/acfa.ab.ca\/en\/product\/banner-copie-copie-copie-copie-copie-copie\/"]}]},{"@type":"ImageObject","inLanguage":"en-US","@id":"https:\/\/acfa.ab.ca\/en\/product\/banner-copie-copie-copie-copie-copie-copie\/#primaryimage","url":"https:\/\/acfa.ab.ca\/wp-content\/uploads\/2025\/05\/Image-Boutique-ACFA12.jpg","contentUrl":"https:\/\/acfa.ab.ca\/wp-content\/uploads\/2025\/05\/Image-Boutique-ACFA12.jpg","width":760,"height":726},{"@type":"BreadcrumbList","@id":"https:\/\/acfa.ab.ca\/en\/product\/banner-copie-copie-copie-copie-copie-copie\/#breadcrumb","itemListElement":[{"@type":"ListItem","position":1,"name":"Accueil","item":"https:\/\/acfa.ab.ca\/en\/"},{"@type":"ListItem","position":2,"name":"Shop","item":"https:\/\/acfa.ab.ca\/en\/boutique\/"},{"@type":"ListItem","position":3,"name":"Destination Canada \u2013 Le froid de l\u2019\u00e9tranger"}]},{"@type":"WebSite","@id":"https:\/\/acfa.ab.ca\/#website","url":"https:\/\/acfa.ab.ca\/","name":"ACFA","description":"Association de tous les francophones en Alberta","publisher":{"@id":"https:\/\/acfa.ab.ca\/#organization"},"potentialAction":[{"@type":"SearchAction","target":{"@type":"EntryPoint","urlTemplate":"https:\/\/acfa.ab.ca\/?s={search_term_string}"},"query-input":{"@type":"PropertyValueSpecification","valueRequired":true,"valueName":"search_term_string"}}],"inLanguage":"en-US"},{"@type":"Organization","@id":"https:\/\/acfa.ab.ca\/#organization","name":"ACFA : Association canadienne-fran\u00e7aise de l'Alberta","url":"https:\/\/acfa.ab.ca\/","logo":{"@type":"ImageObject","inLanguage":"en-US","@id":"https:\/\/acfa.ab.ca\/#\/schema\/logo\/image\/","url":"https:\/\/acfa.ab.ca\/wp-content\/uploads\/2022\/07\/logo-white.png","contentUrl":"https:\/\/acfa.ab.ca\/wp-content\/uploads\/2022\/07\/logo-white.png","width":3414,"height":1228,"caption":"ACFA : Association canadienne-fran\u00e7aise de l'Alberta"},"image":{"@id":"https:\/\/acfa.ab.ca\/#\/schema\/logo\/image\/"}}]}},"_links":{"self":[{"href":"https:\/\/acfa.ab.ca\/en\/wp-json\/wp\/v2\/product\/16690","targetHints":{"allow":["GET"]}}],"collection":[{"href":"https:\/\/acfa.ab.ca\/en\/wp-json\/wp\/v2\/product"}],"about":[{"href":"https:\/\/acfa.ab.ca\/en\/wp-json\/wp\/v2\/types\/product"}],"replies":[{"embeddable":true,"href":"https:\/\/acfa.ab.ca\/en\/wp-json\/wp\/v2\/comments?post=16690"}],"wp:featuredmedia":[{"embeddable":true,"href":"https:\/\/acfa.ab.ca\/en\/wp-json\/wp\/v2\/media\/20133"}],"wp:attachment":[{"href":"https:\/\/acfa.ab.ca\/en\/wp-json\/wp\/v2\/media?parent=16690"}],"wp:term":[{"taxonomy":"product_brand","embeddable":true,"href":"https:\/\/acfa.ab.ca\/en\/wp-json\/wp\/v2\/product_brand?post=16690"},{"taxonomy":"product_cat","embeddable":true,"href":"https:\/\/acfa.ab.ca\/en\/wp-json\/wp\/v2\/product_cat?post=16690"},{"taxonomy":"product_tag","embeddable":true,"href":"https:\/\/acfa.ab.ca\/en\/wp-json\/wp\/v2\/product_tag?post=16690"}],"curies":[{"name":"wp","href":"https:\/\/api.w.org\/{rel}","templated":true}]}}