{"id":16686,"date":"2025-05-14T08:15:52","date_gmt":"2025-05-14T15:15:52","guid":{"rendered":"https:\/\/acfa.ab.ca\/?post_type=product&#038;p=16686"},"modified":"2026-02-02T10:35:47","modified_gmt":"2026-02-02T17:35:47","slug":"banner-copie-copie-copie-copie-copie","status":"publish","type":"product","link":"https:\/\/acfa.ab.ca\/en\/product\/banner-copie-copie-copie-copie-copie\/","title":{"rendered":"La fille du facteur"},"content":{"rendered":"","protected":false},"excerpt":{"rendered":"<p>Title : La fille du facteur<br \/>\nAuthor : Jos\u00e9e Thibeault<\/p>\n<p>Target audience : Adultes \/ Genre: R\u00e9cit po\u00e9tique et th\u00e9\u00e2tral<br \/>\nN. of pages: 102 pages \/ Format : 12,8 CM x 21,6 CM<br \/>\nISBN : 9782764812310<\/p>\n<p>&nbsp;<\/p>\n<p>Summary:<\/p>\n<p>Dans une trajectoire circulaire entre Edmonton, Banff, Trois-Rivi\u00e8res et Montr\u00e9al, la fille du facteur trace la cartographie des lieux de sa m\u00e9moire pour mener une qu\u00eate identitaire marqu\u00e9e par l\u2019art de raconter et la pratique de la fuite vers l\u2019avant. Sans mani\u00e9risme, avec humour et pudeur, elle voyage jusqu\u2019au terreau de ses racines familiales pour renouer les liens subtils qu\u2019elle a tiss\u00e9s, sans le savoir, avec son p\u00e8re.<\/p>\n<p>&nbsp;<\/p>\n<p>About the author :<br \/>\nJos\u00e9e Thibeault est autrice, metteuse en sc\u00e8ne et com\u00e9dienne. Elle \u0153uvre dans le milieu artistique et culturel albertain depuis son arriv\u00e9e \u00e0 Edmonton en 1994. Artiste multidisciplinaire, elle touche \u00e0 tout et participe \u00e0 toutes les \u00e9tapes d&#8217;une production, de l&#8217;\u00e9criture \u00e0 la r\u00e9alisation : th\u00e9\u00e2tre, po\u00e9sie spoken word, humour, chanson, podcast, s\u00e9rie t\u00e9l\u00e9 et documentaire. Son \u00e9criture est ancr\u00e9e dans l&#8217;oralit\u00e9 et explore les voix narratives insuffl\u00e9es par ses nombreux alter ego.<\/p>\n","protected":false},"featured_media":20130,"comment_status":"closed","ping_status":"closed","template":"","meta":[],"product_brand":[],"product_cat":[104,106,175,196],"product_tag":[],"class_list":{"0":"post-16686","1":"product","2":"type-product","3":"status-publish","4":"has-post-thumbnail","6":"product_cat-tous-les-produits-en","7":"product_cat-new","8":"product_cat-cultural-items","9":"product_cat-stories-and-poetry","10":"product_shipping_class-domestic-en","13":"first","14":"instock","15":"taxable","16":"shipping-taxable","17":"purchasable","18":"product-type-simple"},"yoast_head":"<!-- This site is optimized with the Yoast SEO plugin v27.3 - https:\/\/yoast.com\/product\/yoast-seo-wordpress\/ -->\n<title>La fille du facteur - ACFA<\/title>\n<meta name=\"robots\" content=\"index, follow, max-snippet:-1, max-image-preview:large, max-video-preview:-1\" \/>\n<link rel=\"canonical\" href=\"https:\/\/acfa.ab.ca\/en\/product\/banner-copie-copie-copie-copie-copie\/\" \/>\n<meta property=\"og:locale\" content=\"en_US\" \/>\n<meta property=\"og:type\" content=\"article\" \/>\n<meta property=\"og:title\" content=\"La fille du facteur - ACFA\" \/>\n<meta property=\"og:description\" content=\"Title : La fille du facteur Author : Jos\u00e9e Thibeault  Target audience : Adultes \/ Genre: R\u00e9cit po\u00e9tique et th\u00e9\u00e2tral N. of pages: 102 pages \/ Format : 12,8 CM x 21,6 CM ISBN : 9782764812310  &nbsp;  Summary:  Dans une trajectoire circulaire entre Edmonton, Banff, Trois-Rivi\u00e8res et Montr\u00e9al, la fille du facteur trace la cartographie des lieux de sa m\u00e9moire pour mener une qu\u00eate identitaire marqu\u00e9e par l\u2019art de raconter et la pratique de la fuite vers l\u2019avant. Sans mani\u00e9risme, avec humour et pudeur, elle voyage jusqu\u2019au terreau de ses racines familiales pour renouer les liens subtils qu\u2019elle a tiss\u00e9s, sans le savoir, avec son p\u00e8re.  &nbsp;  About the author : Jos\u00e9e Thibeault est autrice, metteuse en sc\u00e8ne et com\u00e9dienne. Elle \u0153uvre dans le milieu artistique et culturel albertain depuis son arriv\u00e9e \u00e0 Edmonton en 1994. Artiste multidisciplinaire, elle touche \u00e0 tout et participe \u00e0 toutes les \u00e9tapes d&#039;une production, de l&#039;\u00e9criture \u00e0 la r\u00e9alisation : th\u00e9\u00e2tre, po\u00e9sie spoken word, humour, chanson, podcast, s\u00e9rie t\u00e9l\u00e9 et documentaire. Son \u00e9criture est ancr\u00e9e dans l&#039;oralit\u00e9 et explore les voix narratives insuffl\u00e9es par ses nombreux alter ego.\" \/>\n<meta property=\"og:url\" content=\"https:\/\/acfa.ab.ca\/en\/product\/banner-copie-copie-copie-copie-copie\/\" \/>\n<meta property=\"og:site_name\" content=\"ACFA\" \/>\n<meta property=\"article:modified_time\" content=\"2026-02-02T17:35:47+00:00\" \/>\n<meta property=\"og:image\" content=\"https:\/\/acfa.ab.ca\/wp-content\/uploads\/2025\/05\/Image-Boutique-ACFA10.jpg\" \/>\n\t<meta property=\"og:image:width\" content=\"760\" \/>\n\t<meta property=\"og:image:height\" content=\"726\" \/>\n\t<meta property=\"og:image:type\" content=\"image\/jpeg\" \/>\n<meta name=\"twitter:card\" content=\"summary_large_image\" \/>\n<meta name=\"twitter:label1\" content=\"Est. reading time\" \/>\n\t<meta name=\"twitter:data1\" content=\"1 minute\" \/>\n<script type=\"application\/ld+json\" class=\"yoast-schema-graph\">{\"@context\":\"https:\\\/\\\/schema.org\",\"@graph\":[{\"@type\":\"WebPage\",\"@id\":\"https:\\\/\\\/acfa.ab.ca\\\/en\\\/product\\\/banner-copie-copie-copie-copie-copie\\\/\",\"url\":\"https:\\\/\\\/acfa.ab.ca\\\/en\\\/product\\\/banner-copie-copie-copie-copie-copie\\\/\",\"name\":\"La fille du facteur - ACFA\",\"isPartOf\":{\"@id\":\"https:\\\/\\\/acfa.ab.ca\\\/#website\"},\"primaryImageOfPage\":{\"@id\":\"https:\\\/\\\/acfa.ab.ca\\\/en\\\/product\\\/banner-copie-copie-copie-copie-copie\\\/#primaryimage\"},\"image\":{\"@id\":\"https:\\\/\\\/acfa.ab.ca\\\/en\\\/product\\\/banner-copie-copie-copie-copie-copie\\\/#primaryimage\"},\"thumbnailUrl\":\"https:\\\/\\\/acfa.ab.ca\\\/wp-content\\\/uploads\\\/2025\\\/05\\\/Image-Boutique-ACFA10.jpg\",\"datePublished\":\"2025-05-14T15:15:52+00:00\",\"dateModified\":\"2026-02-02T17:35:47+00:00\",\"breadcrumb\":{\"@id\":\"https:\\\/\\\/acfa.ab.ca\\\/en\\\/product\\\/banner-copie-copie-copie-copie-copie\\\/#breadcrumb\"},\"inLanguage\":\"en-US\",\"potentialAction\":[{\"@type\":\"ReadAction\",\"target\":[\"https:\\\/\\\/acfa.ab.ca\\\/en\\\/product\\\/banner-copie-copie-copie-copie-copie\\\/\"]}]},{\"@type\":\"ImageObject\",\"inLanguage\":\"en-US\",\"@id\":\"https:\\\/\\\/acfa.ab.ca\\\/en\\\/product\\\/banner-copie-copie-copie-copie-copie\\\/#primaryimage\",\"url\":\"https:\\\/\\\/acfa.ab.ca\\\/wp-content\\\/uploads\\\/2025\\\/05\\\/Image-Boutique-ACFA10.jpg\",\"contentUrl\":\"https:\\\/\\\/acfa.ab.ca\\\/wp-content\\\/uploads\\\/2025\\\/05\\\/Image-Boutique-ACFA10.jpg\",\"width\":760,\"height\":726},{\"@type\":\"BreadcrumbList\",\"@id\":\"https:\\\/\\\/acfa.ab.ca\\\/en\\\/product\\\/banner-copie-copie-copie-copie-copie\\\/#breadcrumb\",\"itemListElement\":[{\"@type\":\"ListItem\",\"position\":1,\"name\":\"Accueil\",\"item\":\"https:\\\/\\\/acfa.ab.ca\\\/en\\\/\"},{\"@type\":\"ListItem\",\"position\":2,\"name\":\"Shop\",\"item\":\"https:\\\/\\\/acfa.ab.ca\\\/en\\\/boutique\\\/\"},{\"@type\":\"ListItem\",\"position\":3,\"name\":\"La fille du facteur\"}]},{\"@type\":\"WebSite\",\"@id\":\"https:\\\/\\\/acfa.ab.ca\\\/#website\",\"url\":\"https:\\\/\\\/acfa.ab.ca\\\/\",\"name\":\"ACFA\",\"description\":\"Association de tous les francophones en Alberta\",\"publisher\":{\"@id\":\"https:\\\/\\\/acfa.ab.ca\\\/#organization\"},\"potentialAction\":[{\"@type\":\"SearchAction\",\"target\":{\"@type\":\"EntryPoint\",\"urlTemplate\":\"https:\\\/\\\/acfa.ab.ca\\\/?s={search_term_string}\"},\"query-input\":{\"@type\":\"PropertyValueSpecification\",\"valueRequired\":true,\"valueName\":\"search_term_string\"}}],\"inLanguage\":\"en-US\"},{\"@type\":\"Organization\",\"@id\":\"https:\\\/\\\/acfa.ab.ca\\\/#organization\",\"name\":\"ACFA : Association canadienne-fran\u00e7aise de l'Alberta\",\"url\":\"https:\\\/\\\/acfa.ab.ca\\\/\",\"logo\":{\"@type\":\"ImageObject\",\"inLanguage\":\"en-US\",\"@id\":\"https:\\\/\\\/acfa.ab.ca\\\/#\\\/schema\\\/logo\\\/image\\\/\",\"url\":\"https:\\\/\\\/acfa.ab.ca\\\/wp-content\\\/uploads\\\/2022\\\/07\\\/logo-white.png\",\"contentUrl\":\"https:\\\/\\\/acfa.ab.ca\\\/wp-content\\\/uploads\\\/2022\\\/07\\\/logo-white.png\",\"width\":3414,\"height\":1228,\"caption\":\"ACFA : Association canadienne-fran\u00e7aise de l'Alberta\"},\"image\":{\"@id\":\"https:\\\/\\\/acfa.ab.ca\\\/#\\\/schema\\\/logo\\\/image\\\/\"}}]}<\/script>\n<!-- \/ Yoast SEO plugin. -->","yoast_head_json":{"title":"La fille du facteur - ACFA","robots":{"index":"index","follow":"follow","max-snippet":"max-snippet:-1","max-image-preview":"max-image-preview:large","max-video-preview":"max-video-preview:-1"},"canonical":"https:\/\/acfa.ab.ca\/en\/product\/banner-copie-copie-copie-copie-copie\/","og_locale":"en_US","og_type":"article","og_title":"La fille du facteur - ACFA","og_description":"Title : La fille du facteur Author : Jos\u00e9e Thibeault  Target audience : Adultes \/ Genre: R\u00e9cit po\u00e9tique et th\u00e9\u00e2tral N. of pages: 102 pages \/ Format : 12,8 CM x 21,6 CM ISBN : 9782764812310  &nbsp;  Summary:  Dans une trajectoire circulaire entre Edmonton, Banff, Trois-Rivi\u00e8res et Montr\u00e9al, la fille du facteur trace la cartographie des lieux de sa m\u00e9moire pour mener une qu\u00eate identitaire marqu\u00e9e par l\u2019art de raconter et la pratique de la fuite vers l\u2019avant. Sans mani\u00e9risme, avec humour et pudeur, elle voyage jusqu\u2019au terreau de ses racines familiales pour renouer les liens subtils qu\u2019elle a tiss\u00e9s, sans le savoir, avec son p\u00e8re.  &nbsp;  About the author : Jos\u00e9e Thibeault est autrice, metteuse en sc\u00e8ne et com\u00e9dienne. Elle \u0153uvre dans le milieu artistique et culturel albertain depuis son arriv\u00e9e \u00e0 Edmonton en 1994. Artiste multidisciplinaire, elle touche \u00e0 tout et participe \u00e0 toutes les \u00e9tapes d'une production, de l'\u00e9criture \u00e0 la r\u00e9alisation : th\u00e9\u00e2tre, po\u00e9sie spoken word, humour, chanson, podcast, s\u00e9rie t\u00e9l\u00e9 et documentaire. Son \u00e9criture est ancr\u00e9e dans l'oralit\u00e9 et explore les voix narratives insuffl\u00e9es par ses nombreux alter ego.","og_url":"https:\/\/acfa.ab.ca\/en\/product\/banner-copie-copie-copie-copie-copie\/","og_site_name":"ACFA","article_modified_time":"2026-02-02T17:35:47+00:00","og_image":[{"width":760,"height":726,"url":"https:\/\/acfa.ab.ca\/wp-content\/uploads\/2025\/05\/Image-Boutique-ACFA10.jpg","type":"image\/jpeg"}],"twitter_card":"summary_large_image","twitter_misc":{"Est. reading time":"1 minute"},"schema":{"@context":"https:\/\/schema.org","@graph":[{"@type":"WebPage","@id":"https:\/\/acfa.ab.ca\/en\/product\/banner-copie-copie-copie-copie-copie\/","url":"https:\/\/acfa.ab.ca\/en\/product\/banner-copie-copie-copie-copie-copie\/","name":"La fille du facteur - ACFA","isPartOf":{"@id":"https:\/\/acfa.ab.ca\/#website"},"primaryImageOfPage":{"@id":"https:\/\/acfa.ab.ca\/en\/product\/banner-copie-copie-copie-copie-copie\/#primaryimage"},"image":{"@id":"https:\/\/acfa.ab.ca\/en\/product\/banner-copie-copie-copie-copie-copie\/#primaryimage"},"thumbnailUrl":"https:\/\/acfa.ab.ca\/wp-content\/uploads\/2025\/05\/Image-Boutique-ACFA10.jpg","datePublished":"2025-05-14T15:15:52+00:00","dateModified":"2026-02-02T17:35:47+00:00","breadcrumb":{"@id":"https:\/\/acfa.ab.ca\/en\/product\/banner-copie-copie-copie-copie-copie\/#breadcrumb"},"inLanguage":"en-US","potentialAction":[{"@type":"ReadAction","target":["https:\/\/acfa.ab.ca\/en\/product\/banner-copie-copie-copie-copie-copie\/"]}]},{"@type":"ImageObject","inLanguage":"en-US","@id":"https:\/\/acfa.ab.ca\/en\/product\/banner-copie-copie-copie-copie-copie\/#primaryimage","url":"https:\/\/acfa.ab.ca\/wp-content\/uploads\/2025\/05\/Image-Boutique-ACFA10.jpg","contentUrl":"https:\/\/acfa.ab.ca\/wp-content\/uploads\/2025\/05\/Image-Boutique-ACFA10.jpg","width":760,"height":726},{"@type":"BreadcrumbList","@id":"https:\/\/acfa.ab.ca\/en\/product\/banner-copie-copie-copie-copie-copie\/#breadcrumb","itemListElement":[{"@type":"ListItem","position":1,"name":"Accueil","item":"https:\/\/acfa.ab.ca\/en\/"},{"@type":"ListItem","position":2,"name":"Shop","item":"https:\/\/acfa.ab.ca\/en\/boutique\/"},{"@type":"ListItem","position":3,"name":"La fille du facteur"}]},{"@type":"WebSite","@id":"https:\/\/acfa.ab.ca\/#website","url":"https:\/\/acfa.ab.ca\/","name":"ACFA","description":"Association de tous les francophones en Alberta","publisher":{"@id":"https:\/\/acfa.ab.ca\/#organization"},"potentialAction":[{"@type":"SearchAction","target":{"@type":"EntryPoint","urlTemplate":"https:\/\/acfa.ab.ca\/?s={search_term_string}"},"query-input":{"@type":"PropertyValueSpecification","valueRequired":true,"valueName":"search_term_string"}}],"inLanguage":"en-US"},{"@type":"Organization","@id":"https:\/\/acfa.ab.ca\/#organization","name":"ACFA : Association canadienne-fran\u00e7aise de l'Alberta","url":"https:\/\/acfa.ab.ca\/","logo":{"@type":"ImageObject","inLanguage":"en-US","@id":"https:\/\/acfa.ab.ca\/#\/schema\/logo\/image\/","url":"https:\/\/acfa.ab.ca\/wp-content\/uploads\/2022\/07\/logo-white.png","contentUrl":"https:\/\/acfa.ab.ca\/wp-content\/uploads\/2022\/07\/logo-white.png","width":3414,"height":1228,"caption":"ACFA : Association canadienne-fran\u00e7aise de l'Alberta"},"image":{"@id":"https:\/\/acfa.ab.ca\/#\/schema\/logo\/image\/"}}]}},"_links":{"self":[{"href":"https:\/\/acfa.ab.ca\/en\/wp-json\/wp\/v2\/product\/16686","targetHints":{"allow":["GET"]}}],"collection":[{"href":"https:\/\/acfa.ab.ca\/en\/wp-json\/wp\/v2\/product"}],"about":[{"href":"https:\/\/acfa.ab.ca\/en\/wp-json\/wp\/v2\/types\/product"}],"replies":[{"embeddable":true,"href":"https:\/\/acfa.ab.ca\/en\/wp-json\/wp\/v2\/comments?post=16686"}],"wp:featuredmedia":[{"embeddable":true,"href":"https:\/\/acfa.ab.ca\/en\/wp-json\/wp\/v2\/media\/20130"}],"wp:attachment":[{"href":"https:\/\/acfa.ab.ca\/en\/wp-json\/wp\/v2\/media?parent=16686"}],"wp:term":[{"taxonomy":"product_brand","embeddable":true,"href":"https:\/\/acfa.ab.ca\/en\/wp-json\/wp\/v2\/product_brand?post=16686"},{"taxonomy":"product_cat","embeddable":true,"href":"https:\/\/acfa.ab.ca\/en\/wp-json\/wp\/v2\/product_cat?post=16686"},{"taxonomy":"product_tag","embeddable":true,"href":"https:\/\/acfa.ab.ca\/en\/wp-json\/wp\/v2\/product_tag?post=16686"}],"curies":[{"name":"wp","href":"https:\/\/api.w.org\/{rel}","templated":true}]}}