{"id":16684,"date":"2025-05-14T08:15:44","date_gmt":"2025-05-14T15:15:44","guid":{"rendered":"https:\/\/acfa.ab.ca\/?post_type=product&#038;p=16684"},"modified":"2026-02-02T10:37:56","modified_gmt":"2026-02-02T17:37:56","slug":"banner-copie-copie-copie-copie-2","status":"publish","type":"product","link":"https:\/\/acfa.ab.ca\/en\/product\/banner-copie-copie-copie-copie-2\/","title":{"rendered":"Abiga\u00eblle et la retraite amoureuse &#8211; 3 &#8211;"},"content":{"rendered":"","protected":false},"excerpt":{"rendered":"<p>Title : Abiga\u00eblle et la retraite amoureuse &#8211; 3 &#8211;<br \/>\nAuthor : St\u00e9phanie Bourgault-Dallaire<\/p>\n<p>Target audience: Adultes<br \/>\nN. of pages: 232 pages \/ Format : 13,5 CM x 23,8 CM<br \/>\nISBN : 9782764812310<\/p>\n<p>&nbsp;<\/p>\n<p>Summary:<\/p>\n<p>\u00ab Tu crois qu&#8217;on a besoin d&#8217;une th\u00e9rapie de couple ? Mon homme se tourna l\u00e9g\u00e8rement vers moi, sans quitter son fr\u00e8re des yeux. &#8211; C&#8217;est une retraite, pas une th\u00e9rapie, pr\u00e9cisa-t-il \u00e0 voix basse. Et, oui, je pense que ce serait une belle excuse pour prendre quelques jours de vacances, tous les deux, et pour se rappeler nos meilleurs moments&#8230; comme notre voyage en Suisse. La Suisse?? Il veut dire du sexe. Merde&#8230; \u00bb Trois ans apr\u00e8s qu&#8217;on eut sauv\u00e9 in extremis son plancher pelvien avec une c\u00e9sarienne d&#8217;urgence, Abiga\u00eblle ne se reconna\u00eet plus&#8230; En fait, personne ne la reconna\u00eet, pas m\u00eame Guillaume, son fianc\u00e9. Col\u00e9rique et \u00e0 fleur de peau, l&#8217;optom\u00e9triste consent \u00e0 suivre le tr\u00e8s color\u00e9 clan Michaud-Tremblay-Turmel \u00e0 Las Vegas, pour participer \u00e0 une retraite amoureuse tr\u00e8s peu conventionnelle, dans l&#8217;espoir de reprendre le contr\u00f4le de sa vie et de raviver la flamme de son couple.<\/p>\n<p>&nbsp;<\/p>\n<p>About the author :<br \/>\nSt\u00e9phanie Bourgault Dallaire est enseignante \u00e0 Edmonton, en Alberta. Chroniqueuse, auteure et sc\u00e9nariste, elle cr\u00e9e des univers \u00e0 la fois dr\u00f4les et touchants pour ses personnages. Abiga\u00eblle et la retraite amoureuse est son troisi\u00e8me roman et il conclut cette trilogie, dont le premier tome, Abiga\u00eblle et le date coaching, a inspir\u00e9 une s\u00e9rie web diffus\u00e9e en 2017.<\/p>\n","protected":false},"featured_media":20139,"comment_status":"closed","ping_status":"closed","template":"","meta":[],"product_brand":[],"product_cat":[175,197,104,106],"product_tag":[],"class_list":{"0":"post-16684","1":"product","2":"type-product","3":"status-publish","4":"has-post-thumbnail","6":"product_cat-cultural-items","7":"product_cat-novels","8":"product_cat-tous-les-produits-en","9":"product_cat-new","10":"product_shipping_class-domestic-en","13":"first","14":"instock","15":"taxable","16":"shipping-taxable","17":"purchasable","18":"product-type-simple"},"yoast_head":"<!-- This site is optimized with the Yoast SEO plugin v27.3 - https:\/\/yoast.com\/product\/yoast-seo-wordpress\/ -->\n<title>Abiga\u00eblle et la retraite amoureuse - 3 - ACFA<\/title>\n<meta name=\"robots\" content=\"index, follow, max-snippet:-1, max-image-preview:large, max-video-preview:-1\" \/>\n<link rel=\"canonical\" href=\"https:\/\/acfa.ab.ca\/en\/product\/banner-copie-copie-copie-copie-2\/\" \/>\n<meta property=\"og:locale\" content=\"en_US\" \/>\n<meta property=\"og:type\" content=\"article\" \/>\n<meta property=\"og:title\" content=\"Abiga\u00eblle et la retraite amoureuse - 3 - ACFA\" \/>\n<meta property=\"og:description\" content=\"Title : Abiga\u00eblle et la retraite amoureuse - 3 - Author : St\u00e9phanie Bourgault-Dallaire  Target audience: Adultes N. of pages: 232 pages \/ Format : 13,5 CM x 23,8 CM ISBN : 9782764812310  &nbsp;  Summary:  \u00ab Tu crois qu&#039;on a besoin d&#039;une th\u00e9rapie de couple ? Mon homme se tourna l\u00e9g\u00e8rement vers moi, sans quitter son fr\u00e8re des yeux. - C&#039;est une retraite, pas une th\u00e9rapie, pr\u00e9cisa-t-il \u00e0 voix basse. Et, oui, je pense que ce serait une belle excuse pour prendre quelques jours de vacances, tous les deux, et pour se rappeler nos meilleurs moments... comme notre voyage en Suisse. La Suisse?? Il veut dire du sexe. Merde... \u00bb Trois ans apr\u00e8s qu&#039;on eut sauv\u00e9 in extremis son plancher pelvien avec une c\u00e9sarienne d&#039;urgence, Abiga\u00eblle ne se reconna\u00eet plus... En fait, personne ne la reconna\u00eet, pas m\u00eame Guillaume, son fianc\u00e9. Col\u00e9rique et \u00e0 fleur de peau, l&#039;optom\u00e9triste consent \u00e0 suivre le tr\u00e8s color\u00e9 clan Michaud-Tremblay-Turmel \u00e0 Las Vegas, pour participer \u00e0 une retraite amoureuse tr\u00e8s peu conventionnelle, dans l&#039;espoir de reprendre le contr\u00f4le de sa vie et de raviver la flamme de son couple.  &nbsp;  About the author : St\u00e9phanie Bourgault Dallaire est enseignante \u00e0 Edmonton, en Alberta. Chroniqueuse, auteure et sc\u00e9nariste, elle cr\u00e9e des univers \u00e0 la fois dr\u00f4les et touchants pour ses personnages. Abiga\u00eblle et la retraite amoureuse est son troisi\u00e8me roman et il conclut cette trilogie, dont le premier tome, Abiga\u00eblle et le date coaching, a inspir\u00e9 une s\u00e9rie web diffus\u00e9e en 2017.\" \/>\n<meta property=\"og:url\" content=\"https:\/\/acfa.ab.ca\/en\/product\/banner-copie-copie-copie-copie-2\/\" \/>\n<meta property=\"og:site_name\" content=\"ACFA\" \/>\n<meta property=\"article:modified_time\" content=\"2026-02-02T17:37:56+00:00\" \/>\n<meta property=\"og:image\" content=\"https:\/\/acfa.ab.ca\/wp-content\/uploads\/2025\/05\/Image-Boutique-ACFA15.jpg\" \/>\n\t<meta property=\"og:image:width\" content=\"760\" \/>\n\t<meta property=\"og:image:height\" content=\"726\" \/>\n\t<meta property=\"og:image:type\" content=\"image\/jpeg\" \/>\n<meta name=\"twitter:card\" content=\"summary_large_image\" \/>\n<meta name=\"twitter:label1\" content=\"Est. reading time\" \/>\n\t<meta name=\"twitter:data1\" content=\"1 minute\" \/>\n<script type=\"application\/ld+json\" class=\"yoast-schema-graph\">{\"@context\":\"https:\\\/\\\/schema.org\",\"@graph\":[{\"@type\":\"WebPage\",\"@id\":\"https:\\\/\\\/acfa.ab.ca\\\/en\\\/product\\\/banner-copie-copie-copie-copie-2\\\/\",\"url\":\"https:\\\/\\\/acfa.ab.ca\\\/en\\\/product\\\/banner-copie-copie-copie-copie-2\\\/\",\"name\":\"Abiga\u00eblle et la retraite amoureuse - 3 - ACFA\",\"isPartOf\":{\"@id\":\"https:\\\/\\\/acfa.ab.ca\\\/#website\"},\"primaryImageOfPage\":{\"@id\":\"https:\\\/\\\/acfa.ab.ca\\\/en\\\/product\\\/banner-copie-copie-copie-copie-2\\\/#primaryimage\"},\"image\":{\"@id\":\"https:\\\/\\\/acfa.ab.ca\\\/en\\\/product\\\/banner-copie-copie-copie-copie-2\\\/#primaryimage\"},\"thumbnailUrl\":\"https:\\\/\\\/acfa.ab.ca\\\/wp-content\\\/uploads\\\/2025\\\/05\\\/Image-Boutique-ACFA15.jpg\",\"datePublished\":\"2025-05-14T15:15:44+00:00\",\"dateModified\":\"2026-02-02T17:37:56+00:00\",\"breadcrumb\":{\"@id\":\"https:\\\/\\\/acfa.ab.ca\\\/en\\\/product\\\/banner-copie-copie-copie-copie-2\\\/#breadcrumb\"},\"inLanguage\":\"en-US\",\"potentialAction\":[{\"@type\":\"ReadAction\",\"target\":[\"https:\\\/\\\/acfa.ab.ca\\\/en\\\/product\\\/banner-copie-copie-copie-copie-2\\\/\"]}]},{\"@type\":\"ImageObject\",\"inLanguage\":\"en-US\",\"@id\":\"https:\\\/\\\/acfa.ab.ca\\\/en\\\/product\\\/banner-copie-copie-copie-copie-2\\\/#primaryimage\",\"url\":\"https:\\\/\\\/acfa.ab.ca\\\/wp-content\\\/uploads\\\/2025\\\/05\\\/Image-Boutique-ACFA15.jpg\",\"contentUrl\":\"https:\\\/\\\/acfa.ab.ca\\\/wp-content\\\/uploads\\\/2025\\\/05\\\/Image-Boutique-ACFA15.jpg\",\"width\":760,\"height\":726},{\"@type\":\"BreadcrumbList\",\"@id\":\"https:\\\/\\\/acfa.ab.ca\\\/en\\\/product\\\/banner-copie-copie-copie-copie-2\\\/#breadcrumb\",\"itemListElement\":[{\"@type\":\"ListItem\",\"position\":1,\"name\":\"Accueil\",\"item\":\"https:\\\/\\\/acfa.ab.ca\\\/en\\\/\"},{\"@type\":\"ListItem\",\"position\":2,\"name\":\"Shop\",\"item\":\"https:\\\/\\\/acfa.ab.ca\\\/en\\\/boutique\\\/\"},{\"@type\":\"ListItem\",\"position\":3,\"name\":\"Abiga\u00eblle et la retraite amoureuse &#8211; 3 &#8211;\"}]},{\"@type\":\"WebSite\",\"@id\":\"https:\\\/\\\/acfa.ab.ca\\\/#website\",\"url\":\"https:\\\/\\\/acfa.ab.ca\\\/\",\"name\":\"ACFA\",\"description\":\"Association de tous les francophones en Alberta\",\"publisher\":{\"@id\":\"https:\\\/\\\/acfa.ab.ca\\\/#organization\"},\"potentialAction\":[{\"@type\":\"SearchAction\",\"target\":{\"@type\":\"EntryPoint\",\"urlTemplate\":\"https:\\\/\\\/acfa.ab.ca\\\/?s={search_term_string}\"},\"query-input\":{\"@type\":\"PropertyValueSpecification\",\"valueRequired\":true,\"valueName\":\"search_term_string\"}}],\"inLanguage\":\"en-US\"},{\"@type\":\"Organization\",\"@id\":\"https:\\\/\\\/acfa.ab.ca\\\/#organization\",\"name\":\"ACFA : Association canadienne-fran\u00e7aise de l'Alberta\",\"url\":\"https:\\\/\\\/acfa.ab.ca\\\/\",\"logo\":{\"@type\":\"ImageObject\",\"inLanguage\":\"en-US\",\"@id\":\"https:\\\/\\\/acfa.ab.ca\\\/#\\\/schema\\\/logo\\\/image\\\/\",\"url\":\"https:\\\/\\\/acfa.ab.ca\\\/wp-content\\\/uploads\\\/2022\\\/07\\\/logo-white.png\",\"contentUrl\":\"https:\\\/\\\/acfa.ab.ca\\\/wp-content\\\/uploads\\\/2022\\\/07\\\/logo-white.png\",\"width\":3414,\"height\":1228,\"caption\":\"ACFA : Association canadienne-fran\u00e7aise de l'Alberta\"},\"image\":{\"@id\":\"https:\\\/\\\/acfa.ab.ca\\\/#\\\/schema\\\/logo\\\/image\\\/\"}}]}<\/script>\n<!-- \/ Yoast SEO plugin. -->","yoast_head_json":{"title":"Abiga\u00eblle et la retraite amoureuse - 3 - ACFA","robots":{"index":"index","follow":"follow","max-snippet":"max-snippet:-1","max-image-preview":"max-image-preview:large","max-video-preview":"max-video-preview:-1"},"canonical":"https:\/\/acfa.ab.ca\/en\/product\/banner-copie-copie-copie-copie-2\/","og_locale":"en_US","og_type":"article","og_title":"Abiga\u00eblle et la retraite amoureuse - 3 - ACFA","og_description":"Title : Abiga\u00eblle et la retraite amoureuse - 3 - Author : St\u00e9phanie Bourgault-Dallaire  Target audience: Adultes N. of pages: 232 pages \/ Format : 13,5 CM x 23,8 CM ISBN : 9782764812310  &nbsp;  Summary:  \u00ab Tu crois qu'on a besoin d'une th\u00e9rapie de couple ? Mon homme se tourna l\u00e9g\u00e8rement vers moi, sans quitter son fr\u00e8re des yeux. - C'est une retraite, pas une th\u00e9rapie, pr\u00e9cisa-t-il \u00e0 voix basse. Et, oui, je pense que ce serait une belle excuse pour prendre quelques jours de vacances, tous les deux, et pour se rappeler nos meilleurs moments... comme notre voyage en Suisse. La Suisse?? Il veut dire du sexe. Merde... \u00bb Trois ans apr\u00e8s qu'on eut sauv\u00e9 in extremis son plancher pelvien avec une c\u00e9sarienne d'urgence, Abiga\u00eblle ne se reconna\u00eet plus... En fait, personne ne la reconna\u00eet, pas m\u00eame Guillaume, son fianc\u00e9. Col\u00e9rique et \u00e0 fleur de peau, l'optom\u00e9triste consent \u00e0 suivre le tr\u00e8s color\u00e9 clan Michaud-Tremblay-Turmel \u00e0 Las Vegas, pour participer \u00e0 une retraite amoureuse tr\u00e8s peu conventionnelle, dans l'espoir de reprendre le contr\u00f4le de sa vie et de raviver la flamme de son couple.  &nbsp;  About the author : St\u00e9phanie Bourgault Dallaire est enseignante \u00e0 Edmonton, en Alberta. Chroniqueuse, auteure et sc\u00e9nariste, elle cr\u00e9e des univers \u00e0 la fois dr\u00f4les et touchants pour ses personnages. Abiga\u00eblle et la retraite amoureuse est son troisi\u00e8me roman et il conclut cette trilogie, dont le premier tome, Abiga\u00eblle et le date coaching, a inspir\u00e9 une s\u00e9rie web diffus\u00e9e en 2017.","og_url":"https:\/\/acfa.ab.ca\/en\/product\/banner-copie-copie-copie-copie-2\/","og_site_name":"ACFA","article_modified_time":"2026-02-02T17:37:56+00:00","og_image":[{"width":760,"height":726,"url":"https:\/\/acfa.ab.ca\/wp-content\/uploads\/2025\/05\/Image-Boutique-ACFA15.jpg","type":"image\/jpeg"}],"twitter_card":"summary_large_image","twitter_misc":{"Est. reading time":"1 minute"},"schema":{"@context":"https:\/\/schema.org","@graph":[{"@type":"WebPage","@id":"https:\/\/acfa.ab.ca\/en\/product\/banner-copie-copie-copie-copie-2\/","url":"https:\/\/acfa.ab.ca\/en\/product\/banner-copie-copie-copie-copie-2\/","name":"Abiga\u00eblle et la retraite amoureuse - 3 - ACFA","isPartOf":{"@id":"https:\/\/acfa.ab.ca\/#website"},"primaryImageOfPage":{"@id":"https:\/\/acfa.ab.ca\/en\/product\/banner-copie-copie-copie-copie-2\/#primaryimage"},"image":{"@id":"https:\/\/acfa.ab.ca\/en\/product\/banner-copie-copie-copie-copie-2\/#primaryimage"},"thumbnailUrl":"https:\/\/acfa.ab.ca\/wp-content\/uploads\/2025\/05\/Image-Boutique-ACFA15.jpg","datePublished":"2025-05-14T15:15:44+00:00","dateModified":"2026-02-02T17:37:56+00:00","breadcrumb":{"@id":"https:\/\/acfa.ab.ca\/en\/product\/banner-copie-copie-copie-copie-2\/#breadcrumb"},"inLanguage":"en-US","potentialAction":[{"@type":"ReadAction","target":["https:\/\/acfa.ab.ca\/en\/product\/banner-copie-copie-copie-copie-2\/"]}]},{"@type":"ImageObject","inLanguage":"en-US","@id":"https:\/\/acfa.ab.ca\/en\/product\/banner-copie-copie-copie-copie-2\/#primaryimage","url":"https:\/\/acfa.ab.ca\/wp-content\/uploads\/2025\/05\/Image-Boutique-ACFA15.jpg","contentUrl":"https:\/\/acfa.ab.ca\/wp-content\/uploads\/2025\/05\/Image-Boutique-ACFA15.jpg","width":760,"height":726},{"@type":"BreadcrumbList","@id":"https:\/\/acfa.ab.ca\/en\/product\/banner-copie-copie-copie-copie-2\/#breadcrumb","itemListElement":[{"@type":"ListItem","position":1,"name":"Accueil","item":"https:\/\/acfa.ab.ca\/en\/"},{"@type":"ListItem","position":2,"name":"Shop","item":"https:\/\/acfa.ab.ca\/en\/boutique\/"},{"@type":"ListItem","position":3,"name":"Abiga\u00eblle et la retraite amoureuse &#8211; 3 &#8211;"}]},{"@type":"WebSite","@id":"https:\/\/acfa.ab.ca\/#website","url":"https:\/\/acfa.ab.ca\/","name":"ACFA","description":"Association de tous les francophones en Alberta","publisher":{"@id":"https:\/\/acfa.ab.ca\/#organization"},"potentialAction":[{"@type":"SearchAction","target":{"@type":"EntryPoint","urlTemplate":"https:\/\/acfa.ab.ca\/?s={search_term_string}"},"query-input":{"@type":"PropertyValueSpecification","valueRequired":true,"valueName":"search_term_string"}}],"inLanguage":"en-US"},{"@type":"Organization","@id":"https:\/\/acfa.ab.ca\/#organization","name":"ACFA : Association canadienne-fran\u00e7aise de l'Alberta","url":"https:\/\/acfa.ab.ca\/","logo":{"@type":"ImageObject","inLanguage":"en-US","@id":"https:\/\/acfa.ab.ca\/#\/schema\/logo\/image\/","url":"https:\/\/acfa.ab.ca\/wp-content\/uploads\/2022\/07\/logo-white.png","contentUrl":"https:\/\/acfa.ab.ca\/wp-content\/uploads\/2022\/07\/logo-white.png","width":3414,"height":1228,"caption":"ACFA : Association canadienne-fran\u00e7aise de l'Alberta"},"image":{"@id":"https:\/\/acfa.ab.ca\/#\/schema\/logo\/image\/"}}]}},"_links":{"self":[{"href":"https:\/\/acfa.ab.ca\/en\/wp-json\/wp\/v2\/product\/16684","targetHints":{"allow":["GET"]}}],"collection":[{"href":"https:\/\/acfa.ab.ca\/en\/wp-json\/wp\/v2\/product"}],"about":[{"href":"https:\/\/acfa.ab.ca\/en\/wp-json\/wp\/v2\/types\/product"}],"replies":[{"embeddable":true,"href":"https:\/\/acfa.ab.ca\/en\/wp-json\/wp\/v2\/comments?post=16684"}],"wp:featuredmedia":[{"embeddable":true,"href":"https:\/\/acfa.ab.ca\/en\/wp-json\/wp\/v2\/media\/20139"}],"wp:attachment":[{"href":"https:\/\/acfa.ab.ca\/en\/wp-json\/wp\/v2\/media?parent=16684"}],"wp:term":[{"taxonomy":"product_brand","embeddable":true,"href":"https:\/\/acfa.ab.ca\/en\/wp-json\/wp\/v2\/product_brand?post=16684"},{"taxonomy":"product_cat","embeddable":true,"href":"https:\/\/acfa.ab.ca\/en\/wp-json\/wp\/v2\/product_cat?post=16684"},{"taxonomy":"product_tag","embeddable":true,"href":"https:\/\/acfa.ab.ca\/en\/wp-json\/wp\/v2\/product_tag?post=16684"}],"curies":[{"name":"wp","href":"https:\/\/api.w.org\/{rel}","templated":true}]}}