{"id":16673,"date":"2025-05-14T08:15:12","date_gmt":"2025-05-14T15:15:12","guid":{"rendered":"https:\/\/acfa.ab.ca\/?post_type=product&#038;p=16673"},"modified":"2026-02-02T10:37:26","modified_gmt":"2026-02-02T17:37:26","slug":"banner-copie-copie-copie-2","status":"publish","type":"product","link":"https:\/\/acfa.ab.ca\/en\/product\/banner-copie-copie-copie-2\/","title":{"rendered":"Abiga\u00eblle et la s\u00e9duction pr\u00e9natale &#8211; 2 &#8211;"},"content":{"rendered":"","protected":false},"excerpt":{"rendered":"<p><strong>Title : <\/strong>Abiga\u00eblle et la s\u00e9duction pr\u00e9natale &#8211; 2 &#8211;<br \/>\n<strong>Author : <\/strong>St\u00e9phanie Bourgault-Dallaire<\/p>\n<p><strong>Target audience:<\/strong>\u00a0Adultes<br \/>\n<strong>N. of pages:<\/strong>\u00a0221 pages \/\u00a0<strong>Format<\/strong>\u00a0: 13,5 CM x 23,8 CM<br \/>\n<strong>ISBN :<\/strong>\u00a09782764810866<\/p>\n<p><strong>Summary:\u00a0<\/strong><\/p>\n<p>Quand Abiga\u00eblle retrouve ses proches apr\u00e8s un voyage avec sa nouvelle flamme, elle n&#8217;a pas que des souvenirs de pacotille \u00e0 leur offrir. L&#8217;heure est aux nouvelles qui d\u00e9coiffent, qui d\u00e9sar\u00e7onnent\u2026 qui donnent la naus\u00e9e ?<\/p>\n<p>\u00c0 la table du brunch familial, l&#8217;annonce ne laisse personne indiff\u00e9rent. Puis, Abby fait la rencontre de sa belle-m\u00e8re, Diane, une femme tout en intensit\u00e9 et en convictions, qui ne reculera devant rien pour s&#8217;assurer du bien-\u00eatre in utero de sa descendance.<\/p>\n<p>Guillaume, lui, tente maladroitement de soutenir sa compagne en suivant \u00e0 la lettre les guides \u00e0 la mode du papa impliqu\u00e9. Mais malgr\u00e9 ses efforts, Abiga\u00eblle n&#8217;arrive pas \u00e0 chasser ses doutes quant \u00e0 la loyaut\u00e9 de son copain, dont les absences se multiplient\u2026<\/p>\n<p>Heureusement, elle peut compter sur Tania, Candide et Gabrielle pour la distraire de ses sc\u00e9narios \u00e0 saveur de parano\u00efa. Une gr\u00e8ve du sexe, un retour inattendu au coaching et une filature sur chauss\u00e9e glissante ne tarderont pas \u00e0 lui donner sa premi\u00e8re mont\u00e9e de lait !<\/p>\n<p><strong>About the author :<\/strong><br \/>\nSt\u00e9phanie Bourgault-Dallaire enseigne \u00e0 Edmonton, en Alberta. Sa plume habile et son humour d\u00e9routant ont \u00e9t\u00e9 lus dans Le Franco, un hebdomadaire albertain, puis dans sa chronique web Conseils de drague. Elle r\u00e9cidive avec Abiga\u00eblle et la s\u00e9duction pr\u00e9natale, son deuxi\u00e8me roman.<\/p>\n","protected":false},"featured_media":20137,"comment_status":"closed","ping_status":"closed","template":"","meta":[],"product_brand":[],"product_cat":[104,106,175,197],"product_tag":[],"class_list":{"0":"post-16673","1":"product","2":"type-product","3":"status-publish","4":"has-post-thumbnail","6":"product_cat-tous-les-produits-en","7":"product_cat-new","8":"product_cat-cultural-items","9":"product_cat-novels","10":"product_shipping_class-domestic-en","13":"first","14":"instock","15":"taxable","16":"shipping-taxable","17":"purchasable","18":"product-type-simple"},"yoast_head":"<!-- This site is optimized with the Yoast SEO plugin v27.3 - https:\/\/yoast.com\/product\/yoast-seo-wordpress\/ -->\n<title>Abiga\u00eblle et la s\u00e9duction pr\u00e9natale - 2 - ACFA<\/title>\n<meta name=\"robots\" content=\"index, follow, max-snippet:-1, max-image-preview:large, max-video-preview:-1\" \/>\n<link rel=\"canonical\" href=\"https:\/\/acfa.ab.ca\/en\/product\/banner-copie-copie-copie-2\/\" \/>\n<meta property=\"og:locale\" content=\"en_US\" \/>\n<meta property=\"og:type\" content=\"article\" \/>\n<meta property=\"og:title\" content=\"Abiga\u00eblle et la s\u00e9duction pr\u00e9natale - 2 - ACFA\" \/>\n<meta property=\"og:description\" content=\"Title : Abiga\u00eblle et la s\u00e9duction pr\u00e9natale - 2 - Author : St\u00e9phanie Bourgault-Dallaire  Target audience:\u00a0Adultes N. of pages:\u00a0221 pages \/\u00a0Format\u00a0: 13,5 CM x 23,8 CM ISBN :\u00a09782764810866  Summary:\u00a0  Quand Abiga\u00eblle retrouve ses proches apr\u00e8s un voyage avec sa nouvelle flamme, elle n&#039;a pas que des souvenirs de pacotille \u00e0 leur offrir. L&#039;heure est aux nouvelles qui d\u00e9coiffent, qui d\u00e9sar\u00e7onnent\u2026 qui donnent la naus\u00e9e ?  \u00c0 la table du brunch familial, l&#039;annonce ne laisse personne indiff\u00e9rent. Puis, Abby fait la rencontre de sa belle-m\u00e8re, Diane, une femme tout en intensit\u00e9 et en convictions, qui ne reculera devant rien pour s&#039;assurer du bien-\u00eatre in utero de sa descendance.  Guillaume, lui, tente maladroitement de soutenir sa compagne en suivant \u00e0 la lettre les guides \u00e0 la mode du papa impliqu\u00e9. Mais malgr\u00e9 ses efforts, Abiga\u00eblle n&#039;arrive pas \u00e0 chasser ses doutes quant \u00e0 la loyaut\u00e9 de son copain, dont les absences se multiplient\u2026  Heureusement, elle peut compter sur Tania, Candide et Gabrielle pour la distraire de ses sc\u00e9narios \u00e0 saveur de parano\u00efa. Une gr\u00e8ve du sexe, un retour inattendu au coaching et une filature sur chauss\u00e9e glissante ne tarderont pas \u00e0 lui donner sa premi\u00e8re mont\u00e9e de lait !  About the author : St\u00e9phanie Bourgault-Dallaire enseigne \u00e0 Edmonton, en Alberta. Sa plume habile et son humour d\u00e9routant ont \u00e9t\u00e9 lus dans Le Franco, un hebdomadaire albertain, puis dans sa chronique web Conseils de drague. Elle r\u00e9cidive avec Abiga\u00eblle et la s\u00e9duction pr\u00e9natale, son deuxi\u00e8me roman.\" \/>\n<meta property=\"og:url\" content=\"https:\/\/acfa.ab.ca\/en\/product\/banner-copie-copie-copie-2\/\" \/>\n<meta property=\"og:site_name\" content=\"ACFA\" \/>\n<meta property=\"article:modified_time\" content=\"2026-02-02T17:37:26+00:00\" \/>\n<meta property=\"og:image\" content=\"https:\/\/acfa.ab.ca\/wp-content\/uploads\/2025\/05\/Image-Boutique-ACFA14.jpg\" \/>\n\t<meta property=\"og:image:width\" content=\"760\" \/>\n\t<meta property=\"og:image:height\" content=\"726\" \/>\n\t<meta property=\"og:image:type\" content=\"image\/jpeg\" \/>\n<meta name=\"twitter:card\" content=\"summary_large_image\" \/>\n<meta name=\"twitter:label1\" content=\"Est. reading time\" \/>\n\t<meta name=\"twitter:data1\" content=\"1 minute\" \/>\n<script type=\"application\/ld+json\" class=\"yoast-schema-graph\">{\"@context\":\"https:\\\/\\\/schema.org\",\"@graph\":[{\"@type\":\"WebPage\",\"@id\":\"https:\\\/\\\/acfa.ab.ca\\\/en\\\/product\\\/banner-copie-copie-copie-2\\\/\",\"url\":\"https:\\\/\\\/acfa.ab.ca\\\/en\\\/product\\\/banner-copie-copie-copie-2\\\/\",\"name\":\"Abiga\u00eblle et la s\u00e9duction pr\u00e9natale - 2 - ACFA\",\"isPartOf\":{\"@id\":\"https:\\\/\\\/acfa.ab.ca\\\/#website\"},\"primaryImageOfPage\":{\"@id\":\"https:\\\/\\\/acfa.ab.ca\\\/en\\\/product\\\/banner-copie-copie-copie-2\\\/#primaryimage\"},\"image\":{\"@id\":\"https:\\\/\\\/acfa.ab.ca\\\/en\\\/product\\\/banner-copie-copie-copie-2\\\/#primaryimage\"},\"thumbnailUrl\":\"https:\\\/\\\/acfa.ab.ca\\\/wp-content\\\/uploads\\\/2025\\\/05\\\/Image-Boutique-ACFA14.jpg\",\"datePublished\":\"2025-05-14T15:15:12+00:00\",\"dateModified\":\"2026-02-02T17:37:26+00:00\",\"breadcrumb\":{\"@id\":\"https:\\\/\\\/acfa.ab.ca\\\/en\\\/product\\\/banner-copie-copie-copie-2\\\/#breadcrumb\"},\"inLanguage\":\"en-US\",\"potentialAction\":[{\"@type\":\"ReadAction\",\"target\":[\"https:\\\/\\\/acfa.ab.ca\\\/en\\\/product\\\/banner-copie-copie-copie-2\\\/\"]}]},{\"@type\":\"ImageObject\",\"inLanguage\":\"en-US\",\"@id\":\"https:\\\/\\\/acfa.ab.ca\\\/en\\\/product\\\/banner-copie-copie-copie-2\\\/#primaryimage\",\"url\":\"https:\\\/\\\/acfa.ab.ca\\\/wp-content\\\/uploads\\\/2025\\\/05\\\/Image-Boutique-ACFA14.jpg\",\"contentUrl\":\"https:\\\/\\\/acfa.ab.ca\\\/wp-content\\\/uploads\\\/2025\\\/05\\\/Image-Boutique-ACFA14.jpg\",\"width\":760,\"height\":726},{\"@type\":\"BreadcrumbList\",\"@id\":\"https:\\\/\\\/acfa.ab.ca\\\/en\\\/product\\\/banner-copie-copie-copie-2\\\/#breadcrumb\",\"itemListElement\":[{\"@type\":\"ListItem\",\"position\":1,\"name\":\"Accueil\",\"item\":\"https:\\\/\\\/acfa.ab.ca\\\/en\\\/\"},{\"@type\":\"ListItem\",\"position\":2,\"name\":\"Shop\",\"item\":\"https:\\\/\\\/acfa.ab.ca\\\/en\\\/boutique\\\/\"},{\"@type\":\"ListItem\",\"position\":3,\"name\":\"Abiga\u00eblle et la s\u00e9duction pr\u00e9natale &#8211; 2 &#8211;\"}]},{\"@type\":\"WebSite\",\"@id\":\"https:\\\/\\\/acfa.ab.ca\\\/#website\",\"url\":\"https:\\\/\\\/acfa.ab.ca\\\/\",\"name\":\"ACFA\",\"description\":\"Association de tous les francophones en Alberta\",\"publisher\":{\"@id\":\"https:\\\/\\\/acfa.ab.ca\\\/#organization\"},\"potentialAction\":[{\"@type\":\"SearchAction\",\"target\":{\"@type\":\"EntryPoint\",\"urlTemplate\":\"https:\\\/\\\/acfa.ab.ca\\\/?s={search_term_string}\"},\"query-input\":{\"@type\":\"PropertyValueSpecification\",\"valueRequired\":true,\"valueName\":\"search_term_string\"}}],\"inLanguage\":\"en-US\"},{\"@type\":\"Organization\",\"@id\":\"https:\\\/\\\/acfa.ab.ca\\\/#organization\",\"name\":\"ACFA : Association canadienne-fran\u00e7aise de l'Alberta\",\"url\":\"https:\\\/\\\/acfa.ab.ca\\\/\",\"logo\":{\"@type\":\"ImageObject\",\"inLanguage\":\"en-US\",\"@id\":\"https:\\\/\\\/acfa.ab.ca\\\/#\\\/schema\\\/logo\\\/image\\\/\",\"url\":\"https:\\\/\\\/acfa.ab.ca\\\/wp-content\\\/uploads\\\/2022\\\/07\\\/logo-white.png\",\"contentUrl\":\"https:\\\/\\\/acfa.ab.ca\\\/wp-content\\\/uploads\\\/2022\\\/07\\\/logo-white.png\",\"width\":3414,\"height\":1228,\"caption\":\"ACFA : Association canadienne-fran\u00e7aise de l'Alberta\"},\"image\":{\"@id\":\"https:\\\/\\\/acfa.ab.ca\\\/#\\\/schema\\\/logo\\\/image\\\/\"}}]}<\/script>\n<!-- \/ Yoast SEO plugin. -->","yoast_head_json":{"title":"Abiga\u00eblle et la s\u00e9duction pr\u00e9natale - 2 - ACFA","robots":{"index":"index","follow":"follow","max-snippet":"max-snippet:-1","max-image-preview":"max-image-preview:large","max-video-preview":"max-video-preview:-1"},"canonical":"https:\/\/acfa.ab.ca\/en\/product\/banner-copie-copie-copie-2\/","og_locale":"en_US","og_type":"article","og_title":"Abiga\u00eblle et la s\u00e9duction pr\u00e9natale - 2 - ACFA","og_description":"Title : Abiga\u00eblle et la s\u00e9duction pr\u00e9natale - 2 - Author : St\u00e9phanie Bourgault-Dallaire  Target audience:\u00a0Adultes N. of pages:\u00a0221 pages \/\u00a0Format\u00a0: 13,5 CM x 23,8 CM ISBN :\u00a09782764810866  Summary:\u00a0  Quand Abiga\u00eblle retrouve ses proches apr\u00e8s un voyage avec sa nouvelle flamme, elle n'a pas que des souvenirs de pacotille \u00e0 leur offrir. L'heure est aux nouvelles qui d\u00e9coiffent, qui d\u00e9sar\u00e7onnent\u2026 qui donnent la naus\u00e9e ?  \u00c0 la table du brunch familial, l'annonce ne laisse personne indiff\u00e9rent. Puis, Abby fait la rencontre de sa belle-m\u00e8re, Diane, une femme tout en intensit\u00e9 et en convictions, qui ne reculera devant rien pour s'assurer du bien-\u00eatre in utero de sa descendance.  Guillaume, lui, tente maladroitement de soutenir sa compagne en suivant \u00e0 la lettre les guides \u00e0 la mode du papa impliqu\u00e9. Mais malgr\u00e9 ses efforts, Abiga\u00eblle n'arrive pas \u00e0 chasser ses doutes quant \u00e0 la loyaut\u00e9 de son copain, dont les absences se multiplient\u2026  Heureusement, elle peut compter sur Tania, Candide et Gabrielle pour la distraire de ses sc\u00e9narios \u00e0 saveur de parano\u00efa. Une gr\u00e8ve du sexe, un retour inattendu au coaching et une filature sur chauss\u00e9e glissante ne tarderont pas \u00e0 lui donner sa premi\u00e8re mont\u00e9e de lait !  About the author : St\u00e9phanie Bourgault-Dallaire enseigne \u00e0 Edmonton, en Alberta. Sa plume habile et son humour d\u00e9routant ont \u00e9t\u00e9 lus dans Le Franco, un hebdomadaire albertain, puis dans sa chronique web Conseils de drague. Elle r\u00e9cidive avec Abiga\u00eblle et la s\u00e9duction pr\u00e9natale, son deuxi\u00e8me roman.","og_url":"https:\/\/acfa.ab.ca\/en\/product\/banner-copie-copie-copie-2\/","og_site_name":"ACFA","article_modified_time":"2026-02-02T17:37:26+00:00","og_image":[{"width":760,"height":726,"url":"https:\/\/acfa.ab.ca\/wp-content\/uploads\/2025\/05\/Image-Boutique-ACFA14.jpg","type":"image\/jpeg"}],"twitter_card":"summary_large_image","twitter_misc":{"Est. reading time":"1 minute"},"schema":{"@context":"https:\/\/schema.org","@graph":[{"@type":"WebPage","@id":"https:\/\/acfa.ab.ca\/en\/product\/banner-copie-copie-copie-2\/","url":"https:\/\/acfa.ab.ca\/en\/product\/banner-copie-copie-copie-2\/","name":"Abiga\u00eblle et la s\u00e9duction pr\u00e9natale - 2 - ACFA","isPartOf":{"@id":"https:\/\/acfa.ab.ca\/#website"},"primaryImageOfPage":{"@id":"https:\/\/acfa.ab.ca\/en\/product\/banner-copie-copie-copie-2\/#primaryimage"},"image":{"@id":"https:\/\/acfa.ab.ca\/en\/product\/banner-copie-copie-copie-2\/#primaryimage"},"thumbnailUrl":"https:\/\/acfa.ab.ca\/wp-content\/uploads\/2025\/05\/Image-Boutique-ACFA14.jpg","datePublished":"2025-05-14T15:15:12+00:00","dateModified":"2026-02-02T17:37:26+00:00","breadcrumb":{"@id":"https:\/\/acfa.ab.ca\/en\/product\/banner-copie-copie-copie-2\/#breadcrumb"},"inLanguage":"en-US","potentialAction":[{"@type":"ReadAction","target":["https:\/\/acfa.ab.ca\/en\/product\/banner-copie-copie-copie-2\/"]}]},{"@type":"ImageObject","inLanguage":"en-US","@id":"https:\/\/acfa.ab.ca\/en\/product\/banner-copie-copie-copie-2\/#primaryimage","url":"https:\/\/acfa.ab.ca\/wp-content\/uploads\/2025\/05\/Image-Boutique-ACFA14.jpg","contentUrl":"https:\/\/acfa.ab.ca\/wp-content\/uploads\/2025\/05\/Image-Boutique-ACFA14.jpg","width":760,"height":726},{"@type":"BreadcrumbList","@id":"https:\/\/acfa.ab.ca\/en\/product\/banner-copie-copie-copie-2\/#breadcrumb","itemListElement":[{"@type":"ListItem","position":1,"name":"Accueil","item":"https:\/\/acfa.ab.ca\/en\/"},{"@type":"ListItem","position":2,"name":"Shop","item":"https:\/\/acfa.ab.ca\/en\/boutique\/"},{"@type":"ListItem","position":3,"name":"Abiga\u00eblle et la s\u00e9duction pr\u00e9natale &#8211; 2 &#8211;"}]},{"@type":"WebSite","@id":"https:\/\/acfa.ab.ca\/#website","url":"https:\/\/acfa.ab.ca\/","name":"ACFA","description":"Association de tous les francophones en Alberta","publisher":{"@id":"https:\/\/acfa.ab.ca\/#organization"},"potentialAction":[{"@type":"SearchAction","target":{"@type":"EntryPoint","urlTemplate":"https:\/\/acfa.ab.ca\/?s={search_term_string}"},"query-input":{"@type":"PropertyValueSpecification","valueRequired":true,"valueName":"search_term_string"}}],"inLanguage":"en-US"},{"@type":"Organization","@id":"https:\/\/acfa.ab.ca\/#organization","name":"ACFA : Association canadienne-fran\u00e7aise de l'Alberta","url":"https:\/\/acfa.ab.ca\/","logo":{"@type":"ImageObject","inLanguage":"en-US","@id":"https:\/\/acfa.ab.ca\/#\/schema\/logo\/image\/","url":"https:\/\/acfa.ab.ca\/wp-content\/uploads\/2022\/07\/logo-white.png","contentUrl":"https:\/\/acfa.ab.ca\/wp-content\/uploads\/2022\/07\/logo-white.png","width":3414,"height":1228,"caption":"ACFA : Association canadienne-fran\u00e7aise de l'Alberta"},"image":{"@id":"https:\/\/acfa.ab.ca\/#\/schema\/logo\/image\/"}}]}},"_links":{"self":[{"href":"https:\/\/acfa.ab.ca\/en\/wp-json\/wp\/v2\/product\/16673","targetHints":{"allow":["GET"]}}],"collection":[{"href":"https:\/\/acfa.ab.ca\/en\/wp-json\/wp\/v2\/product"}],"about":[{"href":"https:\/\/acfa.ab.ca\/en\/wp-json\/wp\/v2\/types\/product"}],"replies":[{"embeddable":true,"href":"https:\/\/acfa.ab.ca\/en\/wp-json\/wp\/v2\/comments?post=16673"}],"wp:featuredmedia":[{"embeddable":true,"href":"https:\/\/acfa.ab.ca\/en\/wp-json\/wp\/v2\/media\/20137"}],"wp:attachment":[{"href":"https:\/\/acfa.ab.ca\/en\/wp-json\/wp\/v2\/media?parent=16673"}],"wp:term":[{"taxonomy":"product_brand","embeddable":true,"href":"https:\/\/acfa.ab.ca\/en\/wp-json\/wp\/v2\/product_brand?post=16673"},{"taxonomy":"product_cat","embeddable":true,"href":"https:\/\/acfa.ab.ca\/en\/wp-json\/wp\/v2\/product_cat?post=16673"},{"taxonomy":"product_tag","embeddable":true,"href":"https:\/\/acfa.ab.ca\/en\/wp-json\/wp\/v2\/product_tag?post=16673"}],"curies":[{"name":"wp","href":"https:\/\/api.w.org\/{rel}","templated":true}]}}