{"id":16669,"date":"2025-05-14T08:15:47","date_gmt":"2025-05-14T15:15:47","guid":{"rendered":"https:\/\/acfa.ab.ca\/?post_type=product&#038;p=16669"},"modified":"2026-02-06T14:32:37","modified_gmt":"2026-02-06T21:32:37","slug":"banner-copie-copie-2","status":"publish","type":"product","link":"https:\/\/acfa.ab.ca\/en\/product\/banner-copie-copie-2\/","title":{"rendered":"Maurice l\u2019orignal et son aventure hivernale"},"content":{"rendered":"","protected":false},"excerpt":{"rendered":"<p>Title: Maurice l\u2019orignal et son aventure hivernale<br \/>\nAuthor : Sophie Gareau-Brennan \/ Illustrations: Roger Garcia<br \/>\nGenre: Illustrated children\u2019s book \/ Target audience: Ages 6+<br \/>\nN. of pages : 44 pages \/ Format: 10.8 x 17.8 cm<br \/>\nISBN: 9782925329145<br \/>\nRelease date: March 2025<br \/>\nThemes: Winter, moose, being different, desire to grow up<\/p>\n<p>&nbsp;<\/p>\n<p>Summary:<\/p>\n<p>C&#8217;est l&#8217;hiver. Dans la grande for\u00eat bor\u00e9ale, il fait froid. Maurice est un jeune orignal pas comme les autres. Il ne mange pas comme les autres orignaux et il ne fait pas d\u2019activit\u00e9 d\u2019orignal comme la natation. Il pr\u00e9f\u00e8re danser dans la brise d\u2019\u00e9t\u00e9 avec les arbres. Avec l\u2019hiver qui approche, Maurice aimerait mieux voler vers le Sud rejoindre les bernaches.<\/p>\n<p>&nbsp;<\/p>\n<p>About the author:<br \/>\nSophie Gareau-Brennan est artiste multidisciplinaire et \u00e9ducatrice franco-albertaine passionn\u00e9e par le th\u00e9\u00e2tre et les arts visuels. Apr\u00e8s avoir compl\u00e9t\u00e9 un BA avec distinction en art dramatique \u00e0 l\u2019Universit\u00e9 de l\u2019Alberta, Sophie a particip\u00e9 \u00e0 de nombreuses productions de th\u00e9\u00e2tre en fran\u00e7ais et en anglais en Alberta. Elle travaille comme interpr\u00e8te, dramaturge, metteure en sc\u00e8ne, et conceptrice.<\/p>\n","protected":false},"featured_media":20384,"comment_status":"closed","ping_status":"closed","template":"","meta":[],"product_brand":[],"product_cat":[104,106,175,199],"product_tag":[],"class_list":{"0":"post-16669","1":"product","2":"type-product","3":"status-publish","4":"has-post-thumbnail","6":"product_cat-tous-les-produits-en","7":"product_cat-new","8":"product_cat-cultural-items","9":"product_cat-kids-books","10":"product_shipping_class-domestic-en","13":"first","14":"instock","15":"featured","16":"taxable","17":"shipping-taxable","18":"purchasable","19":"product-type-simple"},"yoast_head":"<!-- This site is optimized with the Yoast SEO plugin v27.3 - https:\/\/yoast.com\/product\/yoast-seo-wordpress\/ -->\n<title>Maurice l\u2019orignal et son aventure hivernale - ACFA<\/title>\n<meta name=\"robots\" content=\"index, follow, max-snippet:-1, max-image-preview:large, max-video-preview:-1\" \/>\n<link rel=\"canonical\" href=\"https:\/\/acfa.ab.ca\/en\/product\/banner-copie-copie-2\/\" \/>\n<meta property=\"og:locale\" content=\"en_US\" \/>\n<meta property=\"og:type\" content=\"article\" \/>\n<meta property=\"og:title\" content=\"Maurice l\u2019orignal et son aventure hivernale - ACFA\" \/>\n<meta property=\"og:description\" content=\"Title: Maurice l\u2019orignal et son aventure hivernale Author : Sophie Gareau-Brennan \/ Illustrations: Roger Garcia Genre: Illustrated children\u2019s book \/ Target audience: Ages 6+ N. of pages : 44 pages \/ Format: 10.8 x 17.8 cm ISBN: 9782925329145 Release date: March 2025 Themes: Winter, moose, being different, desire to grow up  &nbsp;  Summary:  C&#039;est l&#039;hiver. Dans la grande for\u00eat bor\u00e9ale, il fait froid. Maurice est un jeune orignal pas comme les autres. Il ne mange pas comme les autres orignaux et il ne fait pas d\u2019activit\u00e9 d\u2019orignal comme la natation. Il pr\u00e9f\u00e8re danser dans la brise d\u2019\u00e9t\u00e9 avec les arbres. Avec l\u2019hiver qui approche, Maurice aimerait mieux voler vers le Sud rejoindre les bernaches.  &nbsp;  About the author: Sophie Gareau-Brennan est artiste multidisciplinaire et \u00e9ducatrice franco-albertaine passionn\u00e9e par le th\u00e9\u00e2tre et les arts visuels. Apr\u00e8s avoir compl\u00e9t\u00e9 un BA avec distinction en art dramatique \u00e0 l\u2019Universit\u00e9 de l\u2019Alberta, Sophie a particip\u00e9 \u00e0 de nombreuses productions de th\u00e9\u00e2tre en fran\u00e7ais et en anglais en Alberta. Elle travaille comme interpr\u00e8te, dramaturge, metteure en sc\u00e8ne, et conceptrice.\" \/>\n<meta property=\"og:url\" content=\"https:\/\/acfa.ab.ca\/en\/product\/banner-copie-copie-2\/\" \/>\n<meta property=\"og:site_name\" content=\"ACFA\" \/>\n<meta property=\"article:modified_time\" content=\"2026-02-06T21:32:37+00:00\" \/>\n<meta property=\"og:image\" content=\"https:\/\/acfa.ab.ca\/wp-content\/uploads\/2025\/05\/Image-Boutique-ACFA5.jpg\" \/>\n\t<meta property=\"og:image:width\" content=\"760\" \/>\n\t<meta property=\"og:image:height\" content=\"726\" \/>\n\t<meta property=\"og:image:type\" content=\"image\/jpeg\" \/>\n<meta name=\"twitter:card\" content=\"summary_large_image\" \/>\n<meta name=\"twitter:label1\" content=\"Est. reading time\" \/>\n\t<meta name=\"twitter:data1\" content=\"1 minute\" \/>\n<script type=\"application\/ld+json\" class=\"yoast-schema-graph\">{\"@context\":\"https:\\\/\\\/schema.org\",\"@graph\":[{\"@type\":\"WebPage\",\"@id\":\"https:\\\/\\\/acfa.ab.ca\\\/en\\\/product\\\/banner-copie-copie-2\\\/\",\"url\":\"https:\\\/\\\/acfa.ab.ca\\\/en\\\/product\\\/banner-copie-copie-2\\\/\",\"name\":\"Maurice l\u2019orignal et son aventure hivernale - ACFA\",\"isPartOf\":{\"@id\":\"https:\\\/\\\/acfa.ab.ca\\\/#website\"},\"primaryImageOfPage\":{\"@id\":\"https:\\\/\\\/acfa.ab.ca\\\/en\\\/product\\\/banner-copie-copie-2\\\/#primaryimage\"},\"image\":{\"@id\":\"https:\\\/\\\/acfa.ab.ca\\\/en\\\/product\\\/banner-copie-copie-2\\\/#primaryimage\"},\"thumbnailUrl\":\"https:\\\/\\\/acfa.ab.ca\\\/wp-content\\\/uploads\\\/2025\\\/05\\\/Image-Boutique-ACFA5.jpg\",\"datePublished\":\"2025-05-14T15:15:47+00:00\",\"dateModified\":\"2026-02-06T21:32:37+00:00\",\"breadcrumb\":{\"@id\":\"https:\\\/\\\/acfa.ab.ca\\\/en\\\/product\\\/banner-copie-copie-2\\\/#breadcrumb\"},\"inLanguage\":\"en-US\",\"potentialAction\":[{\"@type\":\"ReadAction\",\"target\":[\"https:\\\/\\\/acfa.ab.ca\\\/en\\\/product\\\/banner-copie-copie-2\\\/\"]}]},{\"@type\":\"ImageObject\",\"inLanguage\":\"en-US\",\"@id\":\"https:\\\/\\\/acfa.ab.ca\\\/en\\\/product\\\/banner-copie-copie-2\\\/#primaryimage\",\"url\":\"https:\\\/\\\/acfa.ab.ca\\\/wp-content\\\/uploads\\\/2025\\\/05\\\/Image-Boutique-ACFA5.jpg\",\"contentUrl\":\"https:\\\/\\\/acfa.ab.ca\\\/wp-content\\\/uploads\\\/2025\\\/05\\\/Image-Boutique-ACFA5.jpg\",\"width\":760,\"height\":726},{\"@type\":\"BreadcrumbList\",\"@id\":\"https:\\\/\\\/acfa.ab.ca\\\/en\\\/product\\\/banner-copie-copie-2\\\/#breadcrumb\",\"itemListElement\":[{\"@type\":\"ListItem\",\"position\":1,\"name\":\"Accueil\",\"item\":\"https:\\\/\\\/acfa.ab.ca\\\/en\\\/\"},{\"@type\":\"ListItem\",\"position\":2,\"name\":\"Shop\",\"item\":\"https:\\\/\\\/acfa.ab.ca\\\/en\\\/boutique\\\/\"},{\"@type\":\"ListItem\",\"position\":3,\"name\":\"Maurice l\u2019orignal et son aventure hivernale\"}]},{\"@type\":\"WebSite\",\"@id\":\"https:\\\/\\\/acfa.ab.ca\\\/#website\",\"url\":\"https:\\\/\\\/acfa.ab.ca\\\/\",\"name\":\"ACFA\",\"description\":\"Association de tous les francophones en Alberta\",\"publisher\":{\"@id\":\"https:\\\/\\\/acfa.ab.ca\\\/#organization\"},\"potentialAction\":[{\"@type\":\"SearchAction\",\"target\":{\"@type\":\"EntryPoint\",\"urlTemplate\":\"https:\\\/\\\/acfa.ab.ca\\\/?s={search_term_string}\"},\"query-input\":{\"@type\":\"PropertyValueSpecification\",\"valueRequired\":true,\"valueName\":\"search_term_string\"}}],\"inLanguage\":\"en-US\"},{\"@type\":\"Organization\",\"@id\":\"https:\\\/\\\/acfa.ab.ca\\\/#organization\",\"name\":\"ACFA : Association canadienne-fran\u00e7aise de l'Alberta\",\"url\":\"https:\\\/\\\/acfa.ab.ca\\\/\",\"logo\":{\"@type\":\"ImageObject\",\"inLanguage\":\"en-US\",\"@id\":\"https:\\\/\\\/acfa.ab.ca\\\/#\\\/schema\\\/logo\\\/image\\\/\",\"url\":\"https:\\\/\\\/acfa.ab.ca\\\/wp-content\\\/uploads\\\/2022\\\/07\\\/logo-white.png\",\"contentUrl\":\"https:\\\/\\\/acfa.ab.ca\\\/wp-content\\\/uploads\\\/2022\\\/07\\\/logo-white.png\",\"width\":3414,\"height\":1228,\"caption\":\"ACFA : Association canadienne-fran\u00e7aise de l'Alberta\"},\"image\":{\"@id\":\"https:\\\/\\\/acfa.ab.ca\\\/#\\\/schema\\\/logo\\\/image\\\/\"}}]}<\/script>\n<!-- \/ Yoast SEO plugin. -->","yoast_head_json":{"title":"Maurice l\u2019orignal et son aventure hivernale - ACFA","robots":{"index":"index","follow":"follow","max-snippet":"max-snippet:-1","max-image-preview":"max-image-preview:large","max-video-preview":"max-video-preview:-1"},"canonical":"https:\/\/acfa.ab.ca\/en\/product\/banner-copie-copie-2\/","og_locale":"en_US","og_type":"article","og_title":"Maurice l\u2019orignal et son aventure hivernale - ACFA","og_description":"Title: Maurice l\u2019orignal et son aventure hivernale Author : Sophie Gareau-Brennan \/ Illustrations: Roger Garcia Genre: Illustrated children\u2019s book \/ Target audience: Ages 6+ N. of pages : 44 pages \/ Format: 10.8 x 17.8 cm ISBN: 9782925329145 Release date: March 2025 Themes: Winter, moose, being different, desire to grow up  &nbsp;  Summary:  C'est l'hiver. Dans la grande for\u00eat bor\u00e9ale, il fait froid. Maurice est un jeune orignal pas comme les autres. Il ne mange pas comme les autres orignaux et il ne fait pas d\u2019activit\u00e9 d\u2019orignal comme la natation. Il pr\u00e9f\u00e8re danser dans la brise d\u2019\u00e9t\u00e9 avec les arbres. Avec l\u2019hiver qui approche, Maurice aimerait mieux voler vers le Sud rejoindre les bernaches.  &nbsp;  About the author: Sophie Gareau-Brennan est artiste multidisciplinaire et \u00e9ducatrice franco-albertaine passionn\u00e9e par le th\u00e9\u00e2tre et les arts visuels. Apr\u00e8s avoir compl\u00e9t\u00e9 un BA avec distinction en art dramatique \u00e0 l\u2019Universit\u00e9 de l\u2019Alberta, Sophie a particip\u00e9 \u00e0 de nombreuses productions de th\u00e9\u00e2tre en fran\u00e7ais et en anglais en Alberta. Elle travaille comme interpr\u00e8te, dramaturge, metteure en sc\u00e8ne, et conceptrice.","og_url":"https:\/\/acfa.ab.ca\/en\/product\/banner-copie-copie-2\/","og_site_name":"ACFA","article_modified_time":"2026-02-06T21:32:37+00:00","og_image":[{"width":760,"height":726,"url":"https:\/\/acfa.ab.ca\/wp-content\/uploads\/2025\/05\/Image-Boutique-ACFA5.jpg","type":"image\/jpeg"}],"twitter_card":"summary_large_image","twitter_misc":{"Est. reading time":"1 minute"},"schema":{"@context":"https:\/\/schema.org","@graph":[{"@type":"WebPage","@id":"https:\/\/acfa.ab.ca\/en\/product\/banner-copie-copie-2\/","url":"https:\/\/acfa.ab.ca\/en\/product\/banner-copie-copie-2\/","name":"Maurice l\u2019orignal et son aventure hivernale - ACFA","isPartOf":{"@id":"https:\/\/acfa.ab.ca\/#website"},"primaryImageOfPage":{"@id":"https:\/\/acfa.ab.ca\/en\/product\/banner-copie-copie-2\/#primaryimage"},"image":{"@id":"https:\/\/acfa.ab.ca\/en\/product\/banner-copie-copie-2\/#primaryimage"},"thumbnailUrl":"https:\/\/acfa.ab.ca\/wp-content\/uploads\/2025\/05\/Image-Boutique-ACFA5.jpg","datePublished":"2025-05-14T15:15:47+00:00","dateModified":"2026-02-06T21:32:37+00:00","breadcrumb":{"@id":"https:\/\/acfa.ab.ca\/en\/product\/banner-copie-copie-2\/#breadcrumb"},"inLanguage":"en-US","potentialAction":[{"@type":"ReadAction","target":["https:\/\/acfa.ab.ca\/en\/product\/banner-copie-copie-2\/"]}]},{"@type":"ImageObject","inLanguage":"en-US","@id":"https:\/\/acfa.ab.ca\/en\/product\/banner-copie-copie-2\/#primaryimage","url":"https:\/\/acfa.ab.ca\/wp-content\/uploads\/2025\/05\/Image-Boutique-ACFA5.jpg","contentUrl":"https:\/\/acfa.ab.ca\/wp-content\/uploads\/2025\/05\/Image-Boutique-ACFA5.jpg","width":760,"height":726},{"@type":"BreadcrumbList","@id":"https:\/\/acfa.ab.ca\/en\/product\/banner-copie-copie-2\/#breadcrumb","itemListElement":[{"@type":"ListItem","position":1,"name":"Accueil","item":"https:\/\/acfa.ab.ca\/en\/"},{"@type":"ListItem","position":2,"name":"Shop","item":"https:\/\/acfa.ab.ca\/en\/boutique\/"},{"@type":"ListItem","position":3,"name":"Maurice l\u2019orignal et son aventure hivernale"}]},{"@type":"WebSite","@id":"https:\/\/acfa.ab.ca\/#website","url":"https:\/\/acfa.ab.ca\/","name":"ACFA","description":"Association de tous les francophones en Alberta","publisher":{"@id":"https:\/\/acfa.ab.ca\/#organization"},"potentialAction":[{"@type":"SearchAction","target":{"@type":"EntryPoint","urlTemplate":"https:\/\/acfa.ab.ca\/?s={search_term_string}"},"query-input":{"@type":"PropertyValueSpecification","valueRequired":true,"valueName":"search_term_string"}}],"inLanguage":"en-US"},{"@type":"Organization","@id":"https:\/\/acfa.ab.ca\/#organization","name":"ACFA : Association canadienne-fran\u00e7aise de l'Alberta","url":"https:\/\/acfa.ab.ca\/","logo":{"@type":"ImageObject","inLanguage":"en-US","@id":"https:\/\/acfa.ab.ca\/#\/schema\/logo\/image\/","url":"https:\/\/acfa.ab.ca\/wp-content\/uploads\/2022\/07\/logo-white.png","contentUrl":"https:\/\/acfa.ab.ca\/wp-content\/uploads\/2022\/07\/logo-white.png","width":3414,"height":1228,"caption":"ACFA : Association canadienne-fran\u00e7aise de l'Alberta"},"image":{"@id":"https:\/\/acfa.ab.ca\/#\/schema\/logo\/image\/"}}]}},"_links":{"self":[{"href":"https:\/\/acfa.ab.ca\/en\/wp-json\/wp\/v2\/product\/16669","targetHints":{"allow":["GET"]}}],"collection":[{"href":"https:\/\/acfa.ab.ca\/en\/wp-json\/wp\/v2\/product"}],"about":[{"href":"https:\/\/acfa.ab.ca\/en\/wp-json\/wp\/v2\/types\/product"}],"replies":[{"embeddable":true,"href":"https:\/\/acfa.ab.ca\/en\/wp-json\/wp\/v2\/comments?post=16669"}],"wp:featuredmedia":[{"embeddable":true,"href":"https:\/\/acfa.ab.ca\/en\/wp-json\/wp\/v2\/media\/20384"}],"wp:attachment":[{"href":"https:\/\/acfa.ab.ca\/en\/wp-json\/wp\/v2\/media?parent=16669"}],"wp:term":[{"taxonomy":"product_brand","embeddable":true,"href":"https:\/\/acfa.ab.ca\/en\/wp-json\/wp\/v2\/product_brand?post=16669"},{"taxonomy":"product_cat","embeddable":true,"href":"https:\/\/acfa.ab.ca\/en\/wp-json\/wp\/v2\/product_cat?post=16669"},{"taxonomy":"product_tag","embeddable":true,"href":"https:\/\/acfa.ab.ca\/en\/wp-json\/wp\/v2\/product_tag?post=16669"}],"curies":[{"name":"wp","href":"https:\/\/api.w.org\/{rel}","templated":true}]}}