{"id":16665,"date":"2025-05-14T08:15:11","date_gmt":"2025-05-14T15:15:11","guid":{"rendered":"https:\/\/acfa.ab.ca\/?post_type=product&#038;p=16665"},"modified":"2026-02-06T14:30:04","modified_gmt":"2026-02-06T21:30:04","slug":"a-coeur-ouvert-quatre-voix-au-feminin-de-louest-canadien","status":"publish","type":"product","link":"https:\/\/acfa.ab.ca\/en\/product\/a-coeur-ouvert-quatre-voix-au-feminin-de-louest-canadien\/","title":{"rendered":"\u00c0 c\u0153ur ouvert : Quatre voix au f\u00e9minin de l\u2019Ouest canadien"},"content":{"rendered":"","protected":false},"excerpt":{"rendered":"<p><strong>Title :<\/strong> \u00c0 c\u0153ur ouvert : Quatre voix au f\u00e9minin de l\u2019Ouest canadien<br \/>\n<strong>Authors :<\/strong> Fr\u00e9d\u00e9rique Roussel | Marie Carri\u00e8re | Mych\u00e8le Fortin | Sharon Pulvermacher<br \/>\n<strong>Target audience :<\/strong> Adultes<br \/>\n<strong>N. of pages:<\/strong> 215 pages \/ <strong>Format<\/strong> : 13,5 CM x 20,5 CM<br \/>\n<strong>ISBN :<\/strong> 978-2-925329-07-7<\/p>\n<p>&nbsp;<\/p>\n<p><strong>Summary :<\/strong><br \/>\n\u00c0 c\u0153ur ouvert : Quatre voix au f\u00e9minin de l\u2019Ouest canadien donne la parole \u00e0 quatre autrices dont les parcours et les \u00e9crits s\u2019entrecroisent et s\u2019enrichissent pour exprimer la diversit\u00e9 de leurs cr\u00e9ations litt\u00e9raires. Po\u00e9sies, contes, r\u00e9cits et r\u00eaveries s\u2019unissent en un univers unique ponctu\u00e9 de tendresses, de d\u00e9chirures, d\u2019all\u00e9gories et d\u2019aventures.<br \/>\nLes autrices vous offrent des pages d\u2019elles-m\u00eames qu\u2019elles ont \u00e9crites une intuition, une exp\u00e9rience et un \u00e9lan \u00e0 la fois. Vous y trouverez des soup\u00e7ons de gu\u00e9rison, des recoins de r\u00e9flexions, des rires et des sourires, des blessures b\u00e9antes, des rituels rassurants, des regards assidus, mais surtout une spiritualit\u00e9 sentie et la conviction, qu\u2019entre femmes, on peut ressentir et dire le partage d\u2019une vie amplement v\u00e9cue.<\/p>\n<p>&nbsp;<\/p>\n<p><strong>About the authors :<\/strong><br \/>\nOriginaire de Qu\u00e9bec, Fr\u00e9d\u00e9rique Roussel s\u2019est install\u00e9e en Colombie-Britannique apr\u00e8s avoir compl\u00e9t\u00e9 son baccalaur\u00e9at en enseignement du fran\u00e7ais langue seconde afin de poursuivre son r\u00eave de devenir com\u00e9dienne. Elle a \u0153uvr\u00e9 dans le milieu th\u00e9\u00e2tral francophone de Vancouver pendant quelques ann\u00e9es, en plus de participer \u00e0 divers projets artistiques et cin\u00e9matographiques, devant ou derri\u00e8re la cam\u00e9ra.<\/p>\n<p>&nbsp;<\/p>\n<p>N\u00e9e \u00e0 Ottawa, Marie Carri\u00e8re habite \u00e0 Edmonton, o\u00f9 elle est professeure de litt\u00e9rature et vice-doyenne \u00e0 la recherche \u00e0 l\u2019Universit\u00e9 de l\u2019Alberta.<\/p>\n<p>&nbsp;<\/p>\n<p>En Saskatchewan depuis 2013, Mych\u00e8le Fortin a \u00e9t\u00e9 r\u00e9dactrice en chef du journal l\u2019Eau vive et signe la chronique Coup d\u2019\u0153il sur le monde depuis l\u2019automne 2014. Elle a \u00e9dit\u00e9 plusieurs livres pour les \u00c9ditions de la nouvelle plume.<\/p>\n<p>&nbsp;<\/p>\n<p>Sharon Pulvermacher est n\u00e9e \u00e0 Bruno, Saskatchewan. Elle d\u00e9tient un baccalaur\u00e9at en beaux-arts (avanc\u00e9) en c\u00e9ramique et un baccalaur\u00e9at en \u00e9ducation fran\u00e7aise de l\u2019Universit\u00e9 de la Saskatchewan.<\/p>\n","protected":false},"featured_media":20377,"comment_status":"closed","ping_status":"closed","template":"","meta":[],"product_brand":[],"product_cat":[104,175,196],"product_tag":[],"class_list":{"0":"post-16665","1":"product","2":"type-product","3":"status-publish","4":"has-post-thumbnail","6":"product_cat-tous-les-produits-en","7":"product_cat-cultural-items","8":"product_cat-stories-and-poetry","9":"product_shipping_class-domestic-en","12":"first","13":"instock","14":"taxable","15":"shipping-taxable","16":"purchasable","17":"product-type-simple"},"yoast_head":"<!-- This site is optimized with the Yoast SEO plugin v27.3 - https:\/\/yoast.com\/product\/yoast-seo-wordpress\/ -->\n<title>\u00c0 c\u0153ur ouvert : Quatre voix au f\u00e9minin de l\u2019Ouest canadien - ACFA<\/title>\n<meta name=\"robots\" content=\"index, follow, max-snippet:-1, max-image-preview:large, max-video-preview:-1\" \/>\n<link rel=\"canonical\" href=\"https:\/\/acfa.ab.ca\/en\/product\/a-coeur-ouvert-quatre-voix-au-feminin-de-louest-canadien\/\" \/>\n<meta property=\"og:locale\" content=\"en_US\" \/>\n<meta property=\"og:type\" content=\"article\" \/>\n<meta property=\"og:title\" content=\"\u00c0 c\u0153ur ouvert : Quatre voix au f\u00e9minin de l\u2019Ouest canadien - ACFA\" \/>\n<meta property=\"og:description\" content=\"Title : \u00c0 c\u0153ur ouvert : Quatre voix au f\u00e9minin de l\u2019Ouest canadien Authors : Fr\u00e9d\u00e9rique Roussel | Marie Carri\u00e8re | Mych\u00e8le Fortin | Sharon Pulvermacher Target audience : Adultes N. of pages: 215 pages \/ Format : 13,5 CM x 20,5 CM ISBN : 978-2-925329-07-7  &nbsp;  Summary : \u00c0 c\u0153ur ouvert : Quatre voix au f\u00e9minin de l\u2019Ouest canadien donne la parole \u00e0 quatre autrices dont les parcours et les \u00e9crits s\u2019entrecroisent et s\u2019enrichissent pour exprimer la diversit\u00e9 de leurs cr\u00e9ations litt\u00e9raires. Po\u00e9sies, contes, r\u00e9cits et r\u00eaveries s\u2019unissent en un univers unique ponctu\u00e9 de tendresses, de d\u00e9chirures, d\u2019all\u00e9gories et d\u2019aventures. Les autrices vous offrent des pages d\u2019elles-m\u00eames qu\u2019elles ont \u00e9crites une intuition, une exp\u00e9rience et un \u00e9lan \u00e0 la fois. Vous y trouverez des soup\u00e7ons de gu\u00e9rison, des recoins de r\u00e9flexions, des rires et des sourires, des blessures b\u00e9antes, des rituels rassurants, des regards assidus, mais surtout une spiritualit\u00e9 sentie et la conviction, qu\u2019entre femmes, on peut ressentir et dire le partage d\u2019une vie amplement v\u00e9cue.  &nbsp;  About the authors : Originaire de Qu\u00e9bec, Fr\u00e9d\u00e9rique Roussel s\u2019est install\u00e9e en Colombie-Britannique apr\u00e8s avoir compl\u00e9t\u00e9 son baccalaur\u00e9at en enseignement du fran\u00e7ais langue seconde afin de poursuivre son r\u00eave de devenir com\u00e9dienne. Elle a \u0153uvr\u00e9 dans le milieu th\u00e9\u00e2tral francophone de Vancouver pendant quelques ann\u00e9es, en plus de participer \u00e0 divers projets artistiques et cin\u00e9matographiques, devant ou derri\u00e8re la cam\u00e9ra.  &nbsp;  N\u00e9e \u00e0 Ottawa, Marie Carri\u00e8re habite \u00e0 Edmonton, o\u00f9 elle est professeure de litt\u00e9rature et vice-doyenne \u00e0 la recherche \u00e0 l\u2019Universit\u00e9 de l\u2019Alberta.  &nbsp;  En Saskatchewan depuis 2013, Mych\u00e8le Fortin a \u00e9t\u00e9 r\u00e9dactrice en chef du journal l\u2019Eau vive et signe la chronique Coup d\u2019\u0153il sur le monde depuis l\u2019automne 2014. Elle a \u00e9dit\u00e9 plusieurs livres pour les \u00c9ditions de la nouvelle plume.  &nbsp;  Sharon Pulvermacher est n\u00e9e \u00e0 Bruno, Saskatchewan. Elle d\u00e9tient un baccalaur\u00e9at en beaux-arts (avanc\u00e9) en c\u00e9ramique et un baccalaur\u00e9at en \u00e9ducation fran\u00e7aise de l\u2019Universit\u00e9 de la Saskatchewan.\" \/>\n<meta property=\"og:url\" content=\"https:\/\/acfa.ab.ca\/en\/product\/a-coeur-ouvert-quatre-voix-au-feminin-de-louest-canadien\/\" \/>\n<meta property=\"og:site_name\" content=\"ACFA\" \/>\n<meta property=\"article:modified_time\" content=\"2026-02-06T21:30:04+00:00\" \/>\n<meta property=\"og:image\" content=\"https:\/\/acfa.ab.ca\/wp-content\/uploads\/2025\/05\/Image-Boutique-ACFA11.jpg\" \/>\n\t<meta property=\"og:image:width\" content=\"760\" \/>\n\t<meta property=\"og:image:height\" content=\"726\" \/>\n\t<meta property=\"og:image:type\" content=\"image\/jpeg\" \/>\n<meta name=\"twitter:card\" content=\"summary_large_image\" \/>\n<meta name=\"twitter:label1\" content=\"Est. reading time\" \/>\n\t<meta name=\"twitter:data1\" content=\"1 minute\" \/>\n<script type=\"application\/ld+json\" class=\"yoast-schema-graph\">{\"@context\":\"https:\\\/\\\/schema.org\",\"@graph\":[{\"@type\":\"WebPage\",\"@id\":\"https:\\\/\\\/acfa.ab.ca\\\/en\\\/product\\\/a-coeur-ouvert-quatre-voix-au-feminin-de-louest-canadien\\\/\",\"url\":\"https:\\\/\\\/acfa.ab.ca\\\/en\\\/product\\\/a-coeur-ouvert-quatre-voix-au-feminin-de-louest-canadien\\\/\",\"name\":\"\u00c0 c\u0153ur ouvert : Quatre voix au f\u00e9minin de l\u2019Ouest canadien - ACFA\",\"isPartOf\":{\"@id\":\"https:\\\/\\\/acfa.ab.ca\\\/#website\"},\"primaryImageOfPage\":{\"@id\":\"https:\\\/\\\/acfa.ab.ca\\\/en\\\/product\\\/a-coeur-ouvert-quatre-voix-au-feminin-de-louest-canadien\\\/#primaryimage\"},\"image\":{\"@id\":\"https:\\\/\\\/acfa.ab.ca\\\/en\\\/product\\\/a-coeur-ouvert-quatre-voix-au-feminin-de-louest-canadien\\\/#primaryimage\"},\"thumbnailUrl\":\"https:\\\/\\\/acfa.ab.ca\\\/wp-content\\\/uploads\\\/2025\\\/05\\\/Image-Boutique-ACFA11.jpg\",\"datePublished\":\"2025-05-14T15:15:11+00:00\",\"dateModified\":\"2026-02-06T21:30:04+00:00\",\"breadcrumb\":{\"@id\":\"https:\\\/\\\/acfa.ab.ca\\\/en\\\/product\\\/a-coeur-ouvert-quatre-voix-au-feminin-de-louest-canadien\\\/#breadcrumb\"},\"inLanguage\":\"en-US\",\"potentialAction\":[{\"@type\":\"ReadAction\",\"target\":[\"https:\\\/\\\/acfa.ab.ca\\\/en\\\/product\\\/a-coeur-ouvert-quatre-voix-au-feminin-de-louest-canadien\\\/\"]}]},{\"@type\":\"ImageObject\",\"inLanguage\":\"en-US\",\"@id\":\"https:\\\/\\\/acfa.ab.ca\\\/en\\\/product\\\/a-coeur-ouvert-quatre-voix-au-feminin-de-louest-canadien\\\/#primaryimage\",\"url\":\"https:\\\/\\\/acfa.ab.ca\\\/wp-content\\\/uploads\\\/2025\\\/05\\\/Image-Boutique-ACFA11.jpg\",\"contentUrl\":\"https:\\\/\\\/acfa.ab.ca\\\/wp-content\\\/uploads\\\/2025\\\/05\\\/Image-Boutique-ACFA11.jpg\",\"width\":760,\"height\":726},{\"@type\":\"BreadcrumbList\",\"@id\":\"https:\\\/\\\/acfa.ab.ca\\\/en\\\/product\\\/a-coeur-ouvert-quatre-voix-au-feminin-de-louest-canadien\\\/#breadcrumb\",\"itemListElement\":[{\"@type\":\"ListItem\",\"position\":1,\"name\":\"Accueil\",\"item\":\"https:\\\/\\\/acfa.ab.ca\\\/en\\\/\"},{\"@type\":\"ListItem\",\"position\":2,\"name\":\"Shop\",\"item\":\"https:\\\/\\\/acfa.ab.ca\\\/en\\\/boutique\\\/\"},{\"@type\":\"ListItem\",\"position\":3,\"name\":\"\u00c0 c\u0153ur ouvert : Quatre voix au f\u00e9minin de l\u2019Ouest canadien\"}]},{\"@type\":\"WebSite\",\"@id\":\"https:\\\/\\\/acfa.ab.ca\\\/#website\",\"url\":\"https:\\\/\\\/acfa.ab.ca\\\/\",\"name\":\"ACFA\",\"description\":\"Association de tous les francophones en Alberta\",\"publisher\":{\"@id\":\"https:\\\/\\\/acfa.ab.ca\\\/#organization\"},\"potentialAction\":[{\"@type\":\"SearchAction\",\"target\":{\"@type\":\"EntryPoint\",\"urlTemplate\":\"https:\\\/\\\/acfa.ab.ca\\\/?s={search_term_string}\"},\"query-input\":{\"@type\":\"PropertyValueSpecification\",\"valueRequired\":true,\"valueName\":\"search_term_string\"}}],\"inLanguage\":\"en-US\"},{\"@type\":\"Organization\",\"@id\":\"https:\\\/\\\/acfa.ab.ca\\\/#organization\",\"name\":\"ACFA : Association canadienne-fran\u00e7aise de l'Alberta\",\"url\":\"https:\\\/\\\/acfa.ab.ca\\\/\",\"logo\":{\"@type\":\"ImageObject\",\"inLanguage\":\"en-US\",\"@id\":\"https:\\\/\\\/acfa.ab.ca\\\/#\\\/schema\\\/logo\\\/image\\\/\",\"url\":\"https:\\\/\\\/acfa.ab.ca\\\/wp-content\\\/uploads\\\/2022\\\/07\\\/logo-white.png\",\"contentUrl\":\"https:\\\/\\\/acfa.ab.ca\\\/wp-content\\\/uploads\\\/2022\\\/07\\\/logo-white.png\",\"width\":3414,\"height\":1228,\"caption\":\"ACFA : Association canadienne-fran\u00e7aise de l'Alberta\"},\"image\":{\"@id\":\"https:\\\/\\\/acfa.ab.ca\\\/#\\\/schema\\\/logo\\\/image\\\/\"}}]}<\/script>\n<!-- \/ Yoast SEO plugin. -->","yoast_head_json":{"title":"\u00c0 c\u0153ur ouvert : Quatre voix au f\u00e9minin de l\u2019Ouest canadien - ACFA","robots":{"index":"index","follow":"follow","max-snippet":"max-snippet:-1","max-image-preview":"max-image-preview:large","max-video-preview":"max-video-preview:-1"},"canonical":"https:\/\/acfa.ab.ca\/en\/product\/a-coeur-ouvert-quatre-voix-au-feminin-de-louest-canadien\/","og_locale":"en_US","og_type":"article","og_title":"\u00c0 c\u0153ur ouvert : Quatre voix au f\u00e9minin de l\u2019Ouest canadien - ACFA","og_description":"Title : \u00c0 c\u0153ur ouvert : Quatre voix au f\u00e9minin de l\u2019Ouest canadien Authors : Fr\u00e9d\u00e9rique Roussel | Marie Carri\u00e8re | Mych\u00e8le Fortin | Sharon Pulvermacher Target audience : Adultes N. of pages: 215 pages \/ Format : 13,5 CM x 20,5 CM ISBN : 978-2-925329-07-7  &nbsp;  Summary : \u00c0 c\u0153ur ouvert : Quatre voix au f\u00e9minin de l\u2019Ouest canadien donne la parole \u00e0 quatre autrices dont les parcours et les \u00e9crits s\u2019entrecroisent et s\u2019enrichissent pour exprimer la diversit\u00e9 de leurs cr\u00e9ations litt\u00e9raires. Po\u00e9sies, contes, r\u00e9cits et r\u00eaveries s\u2019unissent en un univers unique ponctu\u00e9 de tendresses, de d\u00e9chirures, d\u2019all\u00e9gories et d\u2019aventures. Les autrices vous offrent des pages d\u2019elles-m\u00eames qu\u2019elles ont \u00e9crites une intuition, une exp\u00e9rience et un \u00e9lan \u00e0 la fois. Vous y trouverez des soup\u00e7ons de gu\u00e9rison, des recoins de r\u00e9flexions, des rires et des sourires, des blessures b\u00e9antes, des rituels rassurants, des regards assidus, mais surtout une spiritualit\u00e9 sentie et la conviction, qu\u2019entre femmes, on peut ressentir et dire le partage d\u2019une vie amplement v\u00e9cue.  &nbsp;  About the authors : Originaire de Qu\u00e9bec, Fr\u00e9d\u00e9rique Roussel s\u2019est install\u00e9e en Colombie-Britannique apr\u00e8s avoir compl\u00e9t\u00e9 son baccalaur\u00e9at en enseignement du fran\u00e7ais langue seconde afin de poursuivre son r\u00eave de devenir com\u00e9dienne. Elle a \u0153uvr\u00e9 dans le milieu th\u00e9\u00e2tral francophone de Vancouver pendant quelques ann\u00e9es, en plus de participer \u00e0 divers projets artistiques et cin\u00e9matographiques, devant ou derri\u00e8re la cam\u00e9ra.  &nbsp;  N\u00e9e \u00e0 Ottawa, Marie Carri\u00e8re habite \u00e0 Edmonton, o\u00f9 elle est professeure de litt\u00e9rature et vice-doyenne \u00e0 la recherche \u00e0 l\u2019Universit\u00e9 de l\u2019Alberta.  &nbsp;  En Saskatchewan depuis 2013, Mych\u00e8le Fortin a \u00e9t\u00e9 r\u00e9dactrice en chef du journal l\u2019Eau vive et signe la chronique Coup d\u2019\u0153il sur le monde depuis l\u2019automne 2014. Elle a \u00e9dit\u00e9 plusieurs livres pour les \u00c9ditions de la nouvelle plume.  &nbsp;  Sharon Pulvermacher est n\u00e9e \u00e0 Bruno, Saskatchewan. Elle d\u00e9tient un baccalaur\u00e9at en beaux-arts (avanc\u00e9) en c\u00e9ramique et un baccalaur\u00e9at en \u00e9ducation fran\u00e7aise de l\u2019Universit\u00e9 de la Saskatchewan.","og_url":"https:\/\/acfa.ab.ca\/en\/product\/a-coeur-ouvert-quatre-voix-au-feminin-de-louest-canadien\/","og_site_name":"ACFA","article_modified_time":"2026-02-06T21:30:04+00:00","og_image":[{"width":760,"height":726,"url":"https:\/\/acfa.ab.ca\/wp-content\/uploads\/2025\/05\/Image-Boutique-ACFA11.jpg","type":"image\/jpeg"}],"twitter_card":"summary_large_image","twitter_misc":{"Est. reading time":"1 minute"},"schema":{"@context":"https:\/\/schema.org","@graph":[{"@type":"WebPage","@id":"https:\/\/acfa.ab.ca\/en\/product\/a-coeur-ouvert-quatre-voix-au-feminin-de-louest-canadien\/","url":"https:\/\/acfa.ab.ca\/en\/product\/a-coeur-ouvert-quatre-voix-au-feminin-de-louest-canadien\/","name":"\u00c0 c\u0153ur ouvert : Quatre voix au f\u00e9minin de l\u2019Ouest canadien - ACFA","isPartOf":{"@id":"https:\/\/acfa.ab.ca\/#website"},"primaryImageOfPage":{"@id":"https:\/\/acfa.ab.ca\/en\/product\/a-coeur-ouvert-quatre-voix-au-feminin-de-louest-canadien\/#primaryimage"},"image":{"@id":"https:\/\/acfa.ab.ca\/en\/product\/a-coeur-ouvert-quatre-voix-au-feminin-de-louest-canadien\/#primaryimage"},"thumbnailUrl":"https:\/\/acfa.ab.ca\/wp-content\/uploads\/2025\/05\/Image-Boutique-ACFA11.jpg","datePublished":"2025-05-14T15:15:11+00:00","dateModified":"2026-02-06T21:30:04+00:00","breadcrumb":{"@id":"https:\/\/acfa.ab.ca\/en\/product\/a-coeur-ouvert-quatre-voix-au-feminin-de-louest-canadien\/#breadcrumb"},"inLanguage":"en-US","potentialAction":[{"@type":"ReadAction","target":["https:\/\/acfa.ab.ca\/en\/product\/a-coeur-ouvert-quatre-voix-au-feminin-de-louest-canadien\/"]}]},{"@type":"ImageObject","inLanguage":"en-US","@id":"https:\/\/acfa.ab.ca\/en\/product\/a-coeur-ouvert-quatre-voix-au-feminin-de-louest-canadien\/#primaryimage","url":"https:\/\/acfa.ab.ca\/wp-content\/uploads\/2025\/05\/Image-Boutique-ACFA11.jpg","contentUrl":"https:\/\/acfa.ab.ca\/wp-content\/uploads\/2025\/05\/Image-Boutique-ACFA11.jpg","width":760,"height":726},{"@type":"BreadcrumbList","@id":"https:\/\/acfa.ab.ca\/en\/product\/a-coeur-ouvert-quatre-voix-au-feminin-de-louest-canadien\/#breadcrumb","itemListElement":[{"@type":"ListItem","position":1,"name":"Accueil","item":"https:\/\/acfa.ab.ca\/en\/"},{"@type":"ListItem","position":2,"name":"Shop","item":"https:\/\/acfa.ab.ca\/en\/boutique\/"},{"@type":"ListItem","position":3,"name":"\u00c0 c\u0153ur ouvert : Quatre voix au f\u00e9minin de l\u2019Ouest canadien"}]},{"@type":"WebSite","@id":"https:\/\/acfa.ab.ca\/#website","url":"https:\/\/acfa.ab.ca\/","name":"ACFA","description":"Association de tous les francophones en Alberta","publisher":{"@id":"https:\/\/acfa.ab.ca\/#organization"},"potentialAction":[{"@type":"SearchAction","target":{"@type":"EntryPoint","urlTemplate":"https:\/\/acfa.ab.ca\/?s={search_term_string}"},"query-input":{"@type":"PropertyValueSpecification","valueRequired":true,"valueName":"search_term_string"}}],"inLanguage":"en-US"},{"@type":"Organization","@id":"https:\/\/acfa.ab.ca\/#organization","name":"ACFA : Association canadienne-fran\u00e7aise de l'Alberta","url":"https:\/\/acfa.ab.ca\/","logo":{"@type":"ImageObject","inLanguage":"en-US","@id":"https:\/\/acfa.ab.ca\/#\/schema\/logo\/image\/","url":"https:\/\/acfa.ab.ca\/wp-content\/uploads\/2022\/07\/logo-white.png","contentUrl":"https:\/\/acfa.ab.ca\/wp-content\/uploads\/2022\/07\/logo-white.png","width":3414,"height":1228,"caption":"ACFA : Association canadienne-fran\u00e7aise de l'Alberta"},"image":{"@id":"https:\/\/acfa.ab.ca\/#\/schema\/logo\/image\/"}}]}},"_links":{"self":[{"href":"https:\/\/acfa.ab.ca\/en\/wp-json\/wp\/v2\/product\/16665","targetHints":{"allow":["GET"]}}],"collection":[{"href":"https:\/\/acfa.ab.ca\/en\/wp-json\/wp\/v2\/product"}],"about":[{"href":"https:\/\/acfa.ab.ca\/en\/wp-json\/wp\/v2\/types\/product"}],"replies":[{"embeddable":true,"href":"https:\/\/acfa.ab.ca\/en\/wp-json\/wp\/v2\/comments?post=16665"}],"wp:featuredmedia":[{"embeddable":true,"href":"https:\/\/acfa.ab.ca\/en\/wp-json\/wp\/v2\/media\/20377"}],"wp:attachment":[{"href":"https:\/\/acfa.ab.ca\/en\/wp-json\/wp\/v2\/media?parent=16665"}],"wp:term":[{"taxonomy":"product_brand","embeddable":true,"href":"https:\/\/acfa.ab.ca\/en\/wp-json\/wp\/v2\/product_brand?post=16665"},{"taxonomy":"product_cat","embeddable":true,"href":"https:\/\/acfa.ab.ca\/en\/wp-json\/wp\/v2\/product_cat?post=16665"},{"taxonomy":"product_tag","embeddable":true,"href":"https:\/\/acfa.ab.ca\/en\/wp-json\/wp\/v2\/product_tag?post=16665"}],"curies":[{"name":"wp","href":"https:\/\/api.w.org\/{rel}","templated":true}]}}