{"id":16645,"date":"2025-05-14T08:15:02","date_gmt":"2025-05-14T15:15:02","guid":{"rendered":"https:\/\/acfa.ab.ca\/?post_type=product&#038;p=16645"},"modified":"2026-02-06T14:32:10","modified_gmt":"2026-02-06T21:32:10","slug":"le-tresor-de-lucie","status":"publish","type":"product","link":"https:\/\/acfa.ab.ca\/en\/product\/le-tresor-de-lucie\/","title":{"rendered":"Le tr\u00e9sor de Lucie"},"content":{"rendered":"","protected":false},"excerpt":{"rendered":"<p><strong>Title :<\/strong> Le tr\u00e9sor de Lucie<br \/>\n<strong>Author :<\/strong> Danielle Lavoie\/ <strong>Illustrations :<\/strong> Andrew S. Davies<br \/>\n<strong>Genre :<\/strong> Conte jeunesse illustr\u00e9 \/ Target audience<strong>:<\/strong> 3 \u00e0 8 ans<br \/>\n<strong>N. of pages:<\/strong> 40 pages \/ <strong>Format<\/strong> : 21,6 CM X 17,8 CM<br \/>\n<strong>ISBN : <\/strong>978-2-924237-17-5<\/p>\n<p><strong>Themes :<\/strong>Amiti\u00e9, aventure, conte<\/p>\n<p>&nbsp;<\/p>\n<p>&nbsp;<\/p>\n<p><strong>Summary:<\/strong><\/p>\n<p>Lucie trouve le bout de l\u2019arc-en-ciel. L\u00e0, elle rencontre un petit lutin qui lui annonce qu\u2019il est le gardien de l\u2019arc-en-ciel et qu\u2019elle peut y trouver un tr\u00e9sor. Mais elle doit d\u2019abord faire trois v\u0153ux. Lucie r\u00e9ussira-t-elle \u00e0 trouver le tr\u00e9sor \u00e0 la fin de son voyage?<\/p>\n<p>&nbsp;<\/p>\n<p><strong>About the author :<\/strong><\/p>\n<p>Franco-albertaine, Danielle Lavoie est n\u00e9e \u00e0 la Rivi\u00e8re-la-Paix, dans le nord de l\u2019Alberta, M\u00e8re, enseignante et artiste multi-disciplinaire, elle demeure pr\u00e9sentement dans la belle r\u00e9gion<br \/>\nde Bonnyville. Entre son travail et ses enfants, elle essaie de trouver du temps pour la lecture, l\u2019\u00e9criture, la musique et la peinture.<\/p>\n","protected":false},"featured_media":20383,"comment_status":"closed","ping_status":"closed","template":"","meta":[],"product_brand":[],"product_cat":[199,104,106,175],"product_tag":[],"class_list":{"0":"post-16645","1":"product","2":"type-product","3":"status-publish","4":"has-post-thumbnail","6":"product_cat-kids-books","7":"product_cat-tous-les-produits-en","8":"product_cat-new","9":"product_cat-cultural-items","10":"product_shipping_class-domestic-en","13":"first","14":"instock","15":"featured","16":"taxable","17":"shipping-taxable","18":"purchasable","19":"product-type-simple"},"yoast_head":"<!-- This site is optimized with the Yoast SEO plugin v27.3 - https:\/\/yoast.com\/product\/yoast-seo-wordpress\/ -->\n<title>Le tr\u00e9sor de Lucie - ACFA<\/title>\n<meta name=\"robots\" content=\"index, follow, max-snippet:-1, max-image-preview:large, max-video-preview:-1\" \/>\n<link rel=\"canonical\" href=\"https:\/\/acfa.ab.ca\/en\/product\/le-tresor-de-lucie\/\" \/>\n<meta property=\"og:locale\" content=\"en_US\" \/>\n<meta property=\"og:type\" content=\"article\" \/>\n<meta property=\"og:title\" content=\"Le tr\u00e9sor de Lucie - ACFA\" \/>\n<meta property=\"og:description\" content=\"Title : Le tr\u00e9sor de Lucie Author : Danielle Lavoie\/ Illustrations : Andrew S. Davies Genre : Conte jeunesse illustr\u00e9 \/ Target audience: 3 \u00e0 8 ans N. of pages: 40 pages \/ Format : 21,6 CM X 17,8 CM ISBN : 978-2-924237-17-5  Themes :Amiti\u00e9, aventure, conte  &nbsp;  &nbsp;  Summary:  Lucie trouve le bout de l\u2019arc-en-ciel. L\u00e0, elle rencontre un petit lutin qui lui annonce qu\u2019il est le gardien de l\u2019arc-en-ciel et qu\u2019elle peut y trouver un tr\u00e9sor. Mais elle doit d\u2019abord faire trois v\u0153ux. Lucie r\u00e9ussira-t-elle \u00e0 trouver le tr\u00e9sor \u00e0 la fin de son voyage?  &nbsp;  About the author :  Franco-albertaine, Danielle Lavoie est n\u00e9e \u00e0 la Rivi\u00e8re-la-Paix, dans le nord de l\u2019Alberta, M\u00e8re, enseignante et artiste multi-disciplinaire, elle demeure pr\u00e9sentement dans la belle r\u00e9gion de Bonnyville. Entre son travail et ses enfants, elle essaie de trouver du temps pour la lecture, l\u2019\u00e9criture, la musique et la peinture.\" \/>\n<meta property=\"og:url\" content=\"https:\/\/acfa.ab.ca\/en\/product\/le-tresor-de-lucie\/\" \/>\n<meta property=\"og:site_name\" content=\"ACFA\" \/>\n<meta property=\"article:modified_time\" content=\"2026-02-06T21:32:10+00:00\" \/>\n<meta property=\"og:image\" content=\"https:\/\/acfa.ab.ca\/wp-content\/uploads\/2025\/05\/Image-Boutique-ACFA28.jpg\" \/>\n\t<meta property=\"og:image:width\" content=\"760\" \/>\n\t<meta property=\"og:image:height\" content=\"726\" \/>\n\t<meta property=\"og:image:type\" content=\"image\/jpeg\" \/>\n<meta name=\"twitter:card\" content=\"summary_large_image\" \/>\n<meta name=\"twitter:label1\" content=\"Est. reading time\" \/>\n\t<meta name=\"twitter:data1\" content=\"1 minute\" \/>\n<script type=\"application\/ld+json\" class=\"yoast-schema-graph\">{\"@context\":\"https:\\\/\\\/schema.org\",\"@graph\":[{\"@type\":\"WebPage\",\"@id\":\"https:\\\/\\\/acfa.ab.ca\\\/en\\\/product\\\/le-tresor-de-lucie\\\/\",\"url\":\"https:\\\/\\\/acfa.ab.ca\\\/en\\\/product\\\/le-tresor-de-lucie\\\/\",\"name\":\"Le tr\u00e9sor de Lucie - ACFA\",\"isPartOf\":{\"@id\":\"https:\\\/\\\/acfa.ab.ca\\\/#website\"},\"primaryImageOfPage\":{\"@id\":\"https:\\\/\\\/acfa.ab.ca\\\/en\\\/product\\\/le-tresor-de-lucie\\\/#primaryimage\"},\"image\":{\"@id\":\"https:\\\/\\\/acfa.ab.ca\\\/en\\\/product\\\/le-tresor-de-lucie\\\/#primaryimage\"},\"thumbnailUrl\":\"https:\\\/\\\/acfa.ab.ca\\\/wp-content\\\/uploads\\\/2025\\\/05\\\/Image-Boutique-ACFA28.jpg\",\"datePublished\":\"2025-05-14T15:15:02+00:00\",\"dateModified\":\"2026-02-06T21:32:10+00:00\",\"breadcrumb\":{\"@id\":\"https:\\\/\\\/acfa.ab.ca\\\/en\\\/product\\\/le-tresor-de-lucie\\\/#breadcrumb\"},\"inLanguage\":\"en-US\",\"potentialAction\":[{\"@type\":\"ReadAction\",\"target\":[\"https:\\\/\\\/acfa.ab.ca\\\/en\\\/product\\\/le-tresor-de-lucie\\\/\"]}]},{\"@type\":\"ImageObject\",\"inLanguage\":\"en-US\",\"@id\":\"https:\\\/\\\/acfa.ab.ca\\\/en\\\/product\\\/le-tresor-de-lucie\\\/#primaryimage\",\"url\":\"https:\\\/\\\/acfa.ab.ca\\\/wp-content\\\/uploads\\\/2025\\\/05\\\/Image-Boutique-ACFA28.jpg\",\"contentUrl\":\"https:\\\/\\\/acfa.ab.ca\\\/wp-content\\\/uploads\\\/2025\\\/05\\\/Image-Boutique-ACFA28.jpg\",\"width\":760,\"height\":726},{\"@type\":\"BreadcrumbList\",\"@id\":\"https:\\\/\\\/acfa.ab.ca\\\/en\\\/product\\\/le-tresor-de-lucie\\\/#breadcrumb\",\"itemListElement\":[{\"@type\":\"ListItem\",\"position\":1,\"name\":\"Accueil\",\"item\":\"https:\\\/\\\/acfa.ab.ca\\\/en\\\/\"},{\"@type\":\"ListItem\",\"position\":2,\"name\":\"Shop\",\"item\":\"https:\\\/\\\/acfa.ab.ca\\\/en\\\/boutique\\\/\"},{\"@type\":\"ListItem\",\"position\":3,\"name\":\"Le tr\u00e9sor de Lucie\"}]},{\"@type\":\"WebSite\",\"@id\":\"https:\\\/\\\/acfa.ab.ca\\\/#website\",\"url\":\"https:\\\/\\\/acfa.ab.ca\\\/\",\"name\":\"ACFA\",\"description\":\"Association de tous les francophones en Alberta\",\"publisher\":{\"@id\":\"https:\\\/\\\/acfa.ab.ca\\\/#organization\"},\"potentialAction\":[{\"@type\":\"SearchAction\",\"target\":{\"@type\":\"EntryPoint\",\"urlTemplate\":\"https:\\\/\\\/acfa.ab.ca\\\/?s={search_term_string}\"},\"query-input\":{\"@type\":\"PropertyValueSpecification\",\"valueRequired\":true,\"valueName\":\"search_term_string\"}}],\"inLanguage\":\"en-US\"},{\"@type\":\"Organization\",\"@id\":\"https:\\\/\\\/acfa.ab.ca\\\/#organization\",\"name\":\"ACFA : Association canadienne-fran\u00e7aise de l'Alberta\",\"url\":\"https:\\\/\\\/acfa.ab.ca\\\/\",\"logo\":{\"@type\":\"ImageObject\",\"inLanguage\":\"en-US\",\"@id\":\"https:\\\/\\\/acfa.ab.ca\\\/#\\\/schema\\\/logo\\\/image\\\/\",\"url\":\"https:\\\/\\\/acfa.ab.ca\\\/wp-content\\\/uploads\\\/2022\\\/07\\\/logo-white.png\",\"contentUrl\":\"https:\\\/\\\/acfa.ab.ca\\\/wp-content\\\/uploads\\\/2022\\\/07\\\/logo-white.png\",\"width\":3414,\"height\":1228,\"caption\":\"ACFA : Association canadienne-fran\u00e7aise de l'Alberta\"},\"image\":{\"@id\":\"https:\\\/\\\/acfa.ab.ca\\\/#\\\/schema\\\/logo\\\/image\\\/\"}}]}<\/script>\n<!-- \/ Yoast SEO plugin. -->","yoast_head_json":{"title":"Le tr\u00e9sor de Lucie - ACFA","robots":{"index":"index","follow":"follow","max-snippet":"max-snippet:-1","max-image-preview":"max-image-preview:large","max-video-preview":"max-video-preview:-1"},"canonical":"https:\/\/acfa.ab.ca\/en\/product\/le-tresor-de-lucie\/","og_locale":"en_US","og_type":"article","og_title":"Le tr\u00e9sor de Lucie - ACFA","og_description":"Title : Le tr\u00e9sor de Lucie Author : Danielle Lavoie\/ Illustrations : Andrew S. Davies Genre : Conte jeunesse illustr\u00e9 \/ Target audience: 3 \u00e0 8 ans N. of pages: 40 pages \/ Format : 21,6 CM X 17,8 CM ISBN : 978-2-924237-17-5  Themes :Amiti\u00e9, aventure, conte  &nbsp;  &nbsp;  Summary:  Lucie trouve le bout de l\u2019arc-en-ciel. L\u00e0, elle rencontre un petit lutin qui lui annonce qu\u2019il est le gardien de l\u2019arc-en-ciel et qu\u2019elle peut y trouver un tr\u00e9sor. Mais elle doit d\u2019abord faire trois v\u0153ux. Lucie r\u00e9ussira-t-elle \u00e0 trouver le tr\u00e9sor \u00e0 la fin de son voyage?  &nbsp;  About the author :  Franco-albertaine, Danielle Lavoie est n\u00e9e \u00e0 la Rivi\u00e8re-la-Paix, dans le nord de l\u2019Alberta, M\u00e8re, enseignante et artiste multi-disciplinaire, elle demeure pr\u00e9sentement dans la belle r\u00e9gion de Bonnyville. Entre son travail et ses enfants, elle essaie de trouver du temps pour la lecture, l\u2019\u00e9criture, la musique et la peinture.","og_url":"https:\/\/acfa.ab.ca\/en\/product\/le-tresor-de-lucie\/","og_site_name":"ACFA","article_modified_time":"2026-02-06T21:32:10+00:00","og_image":[{"width":760,"height":726,"url":"https:\/\/acfa.ab.ca\/wp-content\/uploads\/2025\/05\/Image-Boutique-ACFA28.jpg","type":"image\/jpeg"}],"twitter_card":"summary_large_image","twitter_misc":{"Est. reading time":"1 minute"},"schema":{"@context":"https:\/\/schema.org","@graph":[{"@type":"WebPage","@id":"https:\/\/acfa.ab.ca\/en\/product\/le-tresor-de-lucie\/","url":"https:\/\/acfa.ab.ca\/en\/product\/le-tresor-de-lucie\/","name":"Le tr\u00e9sor de Lucie - ACFA","isPartOf":{"@id":"https:\/\/acfa.ab.ca\/#website"},"primaryImageOfPage":{"@id":"https:\/\/acfa.ab.ca\/en\/product\/le-tresor-de-lucie\/#primaryimage"},"image":{"@id":"https:\/\/acfa.ab.ca\/en\/product\/le-tresor-de-lucie\/#primaryimage"},"thumbnailUrl":"https:\/\/acfa.ab.ca\/wp-content\/uploads\/2025\/05\/Image-Boutique-ACFA28.jpg","datePublished":"2025-05-14T15:15:02+00:00","dateModified":"2026-02-06T21:32:10+00:00","breadcrumb":{"@id":"https:\/\/acfa.ab.ca\/en\/product\/le-tresor-de-lucie\/#breadcrumb"},"inLanguage":"en-US","potentialAction":[{"@type":"ReadAction","target":["https:\/\/acfa.ab.ca\/en\/product\/le-tresor-de-lucie\/"]}]},{"@type":"ImageObject","inLanguage":"en-US","@id":"https:\/\/acfa.ab.ca\/en\/product\/le-tresor-de-lucie\/#primaryimage","url":"https:\/\/acfa.ab.ca\/wp-content\/uploads\/2025\/05\/Image-Boutique-ACFA28.jpg","contentUrl":"https:\/\/acfa.ab.ca\/wp-content\/uploads\/2025\/05\/Image-Boutique-ACFA28.jpg","width":760,"height":726},{"@type":"BreadcrumbList","@id":"https:\/\/acfa.ab.ca\/en\/product\/le-tresor-de-lucie\/#breadcrumb","itemListElement":[{"@type":"ListItem","position":1,"name":"Accueil","item":"https:\/\/acfa.ab.ca\/en\/"},{"@type":"ListItem","position":2,"name":"Shop","item":"https:\/\/acfa.ab.ca\/en\/boutique\/"},{"@type":"ListItem","position":3,"name":"Le tr\u00e9sor de Lucie"}]},{"@type":"WebSite","@id":"https:\/\/acfa.ab.ca\/#website","url":"https:\/\/acfa.ab.ca\/","name":"ACFA","description":"Association de tous les francophones en Alberta","publisher":{"@id":"https:\/\/acfa.ab.ca\/#organization"},"potentialAction":[{"@type":"SearchAction","target":{"@type":"EntryPoint","urlTemplate":"https:\/\/acfa.ab.ca\/?s={search_term_string}"},"query-input":{"@type":"PropertyValueSpecification","valueRequired":true,"valueName":"search_term_string"}}],"inLanguage":"en-US"},{"@type":"Organization","@id":"https:\/\/acfa.ab.ca\/#organization","name":"ACFA : Association canadienne-fran\u00e7aise de l'Alberta","url":"https:\/\/acfa.ab.ca\/","logo":{"@type":"ImageObject","inLanguage":"en-US","@id":"https:\/\/acfa.ab.ca\/#\/schema\/logo\/image\/","url":"https:\/\/acfa.ab.ca\/wp-content\/uploads\/2022\/07\/logo-white.png","contentUrl":"https:\/\/acfa.ab.ca\/wp-content\/uploads\/2022\/07\/logo-white.png","width":3414,"height":1228,"caption":"ACFA : Association canadienne-fran\u00e7aise de l'Alberta"},"image":{"@id":"https:\/\/acfa.ab.ca\/#\/schema\/logo\/image\/"}}]}},"_links":{"self":[{"href":"https:\/\/acfa.ab.ca\/en\/wp-json\/wp\/v2\/product\/16645","targetHints":{"allow":["GET"]}}],"collection":[{"href":"https:\/\/acfa.ab.ca\/en\/wp-json\/wp\/v2\/product"}],"about":[{"href":"https:\/\/acfa.ab.ca\/en\/wp-json\/wp\/v2\/types\/product"}],"replies":[{"embeddable":true,"href":"https:\/\/acfa.ab.ca\/en\/wp-json\/wp\/v2\/comments?post=16645"}],"wp:featuredmedia":[{"embeddable":true,"href":"https:\/\/acfa.ab.ca\/en\/wp-json\/wp\/v2\/media\/20383"}],"wp:attachment":[{"href":"https:\/\/acfa.ab.ca\/en\/wp-json\/wp\/v2\/media?parent=16645"}],"wp:term":[{"taxonomy":"product_brand","embeddable":true,"href":"https:\/\/acfa.ab.ca\/en\/wp-json\/wp\/v2\/product_brand?post=16645"},{"taxonomy":"product_cat","embeddable":true,"href":"https:\/\/acfa.ab.ca\/en\/wp-json\/wp\/v2\/product_cat?post=16645"},{"taxonomy":"product_tag","embeddable":true,"href":"https:\/\/acfa.ab.ca\/en\/wp-json\/wp\/v2\/product_tag?post=16645"}],"curies":[{"name":"wp","href":"https:\/\/api.w.org\/{rel}","templated":true}]}}