{"id":17607,"date":"2022-06-23T05:49:25","date_gmt":"2022-06-23T12:49:25","guid":{"rendered":"https:\/\/acfa.ab.ca\/evenements\/"},"modified":"2025-08-06T14:54:44","modified_gmt":"2025-08-06T21:54:44","slug":"events","status":"publish","type":"page","link":"https:\/\/acfa.ab.ca\/en\/events\/","title":{"rendered":"Events"},"content":{"rendered":"<div class=\"wpb-content-wrapper\"><p>[vc_row type=&#8221;container&#8221;][vc_column]\t<!-- Featured Events -->\r\n\t<div class=\"theme-newsevents pt_100 pb_0\">\r\n\t\t\t\t\t<div class=\"section-header\">\r\n\t\t\t\t<h3>\u00c9v\u00e9nements \u00e0 venir\n<\/h3>\r\n\t\t\t\t\t\t\t<\/div>\r\n\t\t\t\t\t<!-- Row -->\r\n\t\t<div class=\"row gy-5 gx-xl-5\">\r\n\t\t\t\t\t\t\t\t<div class=\"col-lg-8 col-md-7\">\r\n\t\t\t\t\t\t<div class=\"type-post\">\r\n\t\t\t\t\t\t\t\t\t\t\t\t\t\t\t<div class=\"entry-cover\">\r\n\t\t\t\t\t\t\t\t\t<a href=\"https:\/\/acfa.ab.ca\/en\/evenement\/29-avril-et-3-mai-rencontre-du-ca-provincial-de-lacfa-virtuel-et-presentiel\/\" title=\"Rencontre du CA provincial de l\u2019ACFA (virtuel et pr\u00e9sentiel)\">\r\n\t\t\t\t\t\t\t\t\t\t<img loading=\"lazy\" decoding=\"async\" width=\"768\" height=\"432\" src=\"https:\/\/acfa.ab.ca\/wp-content\/uploads\/2022\/11\/Evenement_Web_Bleu8-768x432.jpg\" class=\"attachment-acfamainwp_768_432 size-acfamainwp_768_432 wp-post-image\" alt=\"\" \/>\t\t\t\t\t\t\t\t\t<\/a>\r\n\t\t\t\t\t\t\t\t<\/div>\r\n\t\t\t\t\t\t\t\t\t\t\t\t\t\t\t<div class=\"entry-content d-lg-flex\">\r\n\t\t\t\t\t\t\t\t\t\t\t\t\t\t\t\t\t<div class=\"entry-meta\">\r\n\t\t\t\t\t\t\t\t\t\t<div class=\"cat-links\">\r\n\t\t\t\t\t\t\t\t\t\t\t\u00c0 venir\t\t\t\t\t\t\t\t\t\t<\/div>\r\n\t\t\t\t\t\t\t\t\t<\/div>\r\n\t\t\t\t\t\t\t\t\t\t\t\t\t\t\t\t\t<div class=\"content-inner\">\r\n\t\t\t\t\t\t\t\t\t<h3 class=\"entry-title\">\r\n\t\t\t\t\t\t\t\t\t\t<a href=\"https:\/\/acfa.ab.ca\/en\/evenement\/29-avril-et-3-mai-rencontre-du-ca-provincial-de-lacfa-virtuel-et-presentiel\/\" title=\"Rencontre du CA provincial de l\u2019ACFA (virtuel et pr\u00e9sentiel)\">\r\n\t\t\t\t\t\t\t\t\t\t\tRencontre du CA provincial de l\u2019ACFA (virtuel et pr\u00e9sentiel)\t\t\t\t\t\t\t\t\t\t<\/a>\r\n\t\t\t\t\t\t\t\t\t<\/h3>\r\n\t\t\t\t\t\t\t\t\t<div class=\"post-meta mb-3\">\r\n\t\t\t\t\t\t\t\t\t\t<span><i class=\"icofont-location-pin\"><\/i> (virtuel et pr\u00e9sentiel)<\/span>\t\t\t\t\t\t\t\t\t\t\t\t\t\t\t\t\t\t\t\t\t<span><i class=\"icofont-clock-time\"><\/i> 29 April 2026 au 3 May 2026<\/span>\r\n\t\t\t\t\t\t\t\t\t\t\t\t\t\t\t\t\t\t\t\t<\/div>\r\n\t\t\t\t\t\t\t\t\t<p>29 avril et 3 mai : Rencontre du CA provincial de l\u2019ACFA (virtuel et pr\u00e9sentiel)<\/p>\n\t\t\t\t\t\t\t\t\t\t<a href=\"https:\/\/acfa.ab.ca\/en\/evenement\/29-avril-et-3-mai-rencontre-du-ca-provincial-de-lacfa-virtuel-et-presentiel\/\" title=\"LIRE LA SUITE\">\r\n\t\t\t\t\t\t\t\t\t\t\tLIRE LA SUITE <i class=\"icofont-long-arrow-right\"><\/i>\r\n\t\t\t\t\t\t\t\t\t\t<\/a>\r\n\t\t\t\t\t\t\t\t\t\t\t\t\t\t\t\t\t\t<\/div>\r\n\t\t\t\t\t\t\t<\/div>\r\n\t\t\t\t\t\t<\/div>\r\n\t\t\t\t\t<\/div>\r\n\t\t\t\t\t\t\t\t\t\t\t\t\t\t\t\t<div class=\"col-lg-4 col-md-5\">\r\n\t\t\t\t\t\t\t<div class=\"widget widget-events\">\r\n\t\t\t\t\t\t\t\t\t\t\t\t\t\t\t\t\t<h3 class=\"widget-title\">\u00c0 mettre \u00e0 votre agenda !\n<\/h3>\r\n\t\t\t\t\t\t\t\t\t\t\t\t\t\t\t\t\t<div class=\"events-main\">\r\n\t\t\t\t\t\t\t\t\t\t\t\t\t\t\t<div class=\"event-box\">\r\n\t\t\t\t\t\t\t\t\t\t<div class=\"entry-meta\">\r\n\t\t\t\t\t\t\t\t\t\t\t\t\t\t\t\t\t\t\t\t\t\t\t<span class=\"cat-links\">\u00c0 venir<\/span>\r\n\t\t\t\t\t\t\t\t\t\t\t\t\t\t\t\t\t\t\t\t\t\t<\/div>\r\n\t\t\t\t\t\t\t\t\t\t<h3>\r\n\t\t\t\t\t\t\t\t\t\t\t<a href=\"https:\/\/acfa.ab.ca\/en\/evenement\/29-avril-et-3-mai-rencontre-du-ca-provincial-de-lacfa-virtuel-et-presentiel-copy\/\" title=\"Sommet sur le d\u00e9veloppement des comp\u00e9tences (Edmonton)\">\r\n\t\t\t\t\t\t\t\t\t\t\t\tSommet sur le d\u00e9veloppement des comp\u00e9tences (Edmonton)\t\t\t\t\t\t\t\t\t\t\t<\/a>\r\n\t\t\t\t\t\t\t\t\t\t<\/h3>\r\n\t\t\t\t\t\t\t\t\t\t<div class=\"post-meta mb-3\">\r\n\t\t\t\t\t\t\t\t\t\t\t<span><i class=\"icofont-location-pin\"><\/i> Edmonton<\/span>\t\t\t\t\t\t\t\t\t\t\t\t\t\t\t\t\t\t\t\t\t\t\t<span><i class=\"icofont-clock-time\"><\/i> 1 May 2026 au 1 May 2026<\/span>\r\n\t\t\t\t\t\t\t\t\t\t\t\t\t\t\t\t\t\t\t\t\t\t<\/div>\r\n\t\t\t\t\t\t\t\t\t\t<p>Le 1er mai : Sommet sur le d\u00e9veloppement des comp\u00e9tences (Edmonton)<\/p>\n\t\t\t\t\t\t\t\t\t\t\t<a href=\"https:\/\/acfa.ab.ca\/en\/evenement\/29-avril-et-3-mai-rencontre-du-ca-provincial-de-lacfa-virtuel-et-presentiel-copy\/\" title=\"LIRE LA SUITE\">\r\n\t\t\t\t\t\t\t\t\t\t\t\t<i class=\"icofont-long-arrow-right\"><\/i>\r\n\t\t\t\t\t\t\t\t\t\t\t<\/a>\r\n\t\t\t\t\t\t\t\t\t\t\t\t\t\t\t\t\t\t\t\t<\/div>\r\n\t\t\t\t\t\t\t\t\t\t\t\t\t\t\t\t\t\t\t\t\t\t\t\t<div class=\"event-box\">\r\n\t\t\t\t\t\t\t\t\t\t<div class=\"entry-meta\">\r\n\t\t\t\t\t\t\t\t\t\t\t\t\t\t\t\t\t\t\t\t\t\t\t<span class=\"cat-links\">\u00c0 venir<\/span>\r\n\t\t\t\t\t\t\t\t\t\t\t\t\t\t\t\t\t\t\t\t\t\t<\/div>\r\n\t\t\t\t\t\t\t\t\t\t<h3>\r\n\t\t\t\t\t\t\t\t\t\t\t<a href=\"https:\/\/acfa.ab.ca\/en\/evenement\/forumcommunautaire\/\" title=\"Forum communautaire\">\r\n\t\t\t\t\t\t\t\t\t\t\t\tForum communautaire\t\t\t\t\t\t\t\t\t\t\t<\/a>\r\n\t\t\t\t\t\t\t\t\t\t<\/h3>\r\n\t\t\t\t\t\t\t\t\t\t<div class=\"post-meta mb-3\">\r\n\t\t\t\t\t\t\t\t\t\t\t<span><i class=\"icofont-location-pin\"><\/i> \u00c9cole Claudette\u2011et\u2011Denis\u2011Tardif - Sherwood park.<\/span>\t\t\t\t\t\t\t\t\t\t\t\t\t\t\t\t\t\t\t\t\t\t\t<span><i class=\"icofont-clock-time\"><\/i> 2 May 2026<\/span>\r\n\t\t\t\t\t\t\t\t\t\t\t\t\t\t\t\t\t\t\t\t\t\t<\/div>\r\n\t\t\t\t\t\t\t\t\t\t<p>C\u2019est avec grand plaisir que l\u2019ACFA vous invite \u00e0 participer au Forum communautaire 2026, qui se tiendra dans le cadre du Sommet sur la transmission...<\/p>\n\t\t\t\t\t\t\t\t\t\t\t<a href=\"https:\/\/acfa.ab.ca\/en\/evenement\/forumcommunautaire\/\" title=\"LIRE LA SUITE\">\r\n\t\t\t\t\t\t\t\t\t\t\t\t<i class=\"icofont-long-arrow-right\"><\/i>\r\n\t\t\t\t\t\t\t\t\t\t\t<\/a>\r\n\t\t\t\t\t\t\t\t\t\t\t\t\t\t\t\t\t\t\t\t<\/div>\r\n\t\t\t\t\t\t\t\t\t\t\t\t\t<\/div>\r\n\t\t\t\t\t\t\t<\/div>\r\n\t\t\t\t\t\t<\/div>\r\n\t\t\t\t\t\t\t\t\t\t\t\t\t\t\t\t<div class=\"col-md-4\">\r\n\t\t\t\t\t\t<div class=\"widget widget-events\">\r\n\t\t\t\t\t\t\t<div class=\"events-main\">\r\n\t\t\t\t\t\t\t\t<div class=\"event-box\">\r\n\t\t\t\t\t\t\t\t\t<div class=\"entry-meta\">\r\n\t\t\t\t\t\t\t\t\t\t\t\t\t\t\t\t\t\t\t\t\t<span class=\"cat-links\">\u00c0 venir<\/span>\r\n\t\t\t\t\t\t\t\t\t\t\t\t\t\t\t\t\t\t\t\t\t<span>15 April 2025<\/span>\r\n\t\t\t\t\t\t\t\t\t<\/div>\r\n\t\t\t\t\t\t\t\t\t<h3>\r\n\t\t\t\t\t\t\t\t\t\t<a href=\"https:\/\/acfa.ab.ca\/en\/evenement\/forum-sur-les-services-sociaux-et-de-sante-mentale\/\" title=\"Forum sur les services sociaux et de sant\u00e9 mentale\">\r\n\t\t\t\t\t\t\t\t\t\t\tForum sur les services sociaux et de sant\u00e9 mentale\t\t\t\t\t\t\t\t\t\t<\/a>\r\n\t\t\t\t\t\t\t\t\t<\/h3>\r\n\t\t\t\t\t\t\t\t\t<div class=\"post-meta mb-3\">\r\n\t\t\t\t\t\t\t\t\t\t<span><i class=\"icofont-location-pin\"><\/i> La Cit\u00e9 francophone \u00e0 Edmonton<\/span>\t\t\t\t\t\t\t\t\t\t\t\t\t\t\t\t\t\t\t\t\t<span><i class=\"icofont-clock-time\"><\/i> 5 May 2026<\/span>\r\n\t\t\t\t\t\t\t\t\t\t\t\t\t\t\t\t\t\t\t\t<\/div>\r\n\t\t\t\t\t\t\t\t\t<p>L\u2019ACFA a amorc\u00e9, il y a deux ans, un important chantier visant le d\u00e9veloppement du secteur des services sociaux et de sant\u00e9 mentale en fran\u00e7ais...<\/p>\n\t\t\t\t\t\t\t\t\t\t<a href=\"https:\/\/acfa.ab.ca\/en\/evenement\/forum-sur-les-services-sociaux-et-de-sante-mentale\/\" title=\"LIRE LA SUITE\">\r\n\t\t\t\t\t\t\t\t\t\t\t<i class=\"icofont-long-arrow-right\"><\/i>\r\n\t\t\t\t\t\t\t\t\t\t<\/a>\r\n\t\t\t\t\t\t\t\t\t\t\t\t\t\t\t\t\t\t<\/div>\r\n\t\t\t\t\t\t\t<\/div>\r\n\t\t\t\t\t\t<\/div>\r\n\t\t\t\t\t<\/div>\r\n\t\t\t\t\t\t\t\t\t\t<div class=\"col-md-4\">\r\n\t\t\t\t\t\t<div class=\"widget widget-events\">\r\n\t\t\t\t\t\t\t<div class=\"events-main\">\r\n\t\t\t\t\t\t\t\t<div class=\"event-box\">\r\n\t\t\t\t\t\t\t\t\t<div class=\"entry-meta\">\r\n\t\t\t\t\t\t\t\t\t\t\t\t\t\t\t\t\t\t\t\t\t<span class=\"cat-links\">\u00c0 venir<\/span>\r\n\t\t\t\t\t\t\t\t\t\t\t\t\t\t\t\t\t\t\t\t\t<span>30 October 2025<\/span>\r\n\t\t\t\t\t\t\t\t\t<\/div>\r\n\t\t\t\t\t\t\t\t\t<h3>\r\n\t\t\t\t\t\t\t\t\t\t<a href=\"https:\/\/acfa.ab.ca\/en\/evenement\/10-et-13-juin-rencontre-du-ca-provincial-de-lacfa-virtuel\/\" title=\"Rencontre du CA provincial de l\u2019ACFA (virtuel et pr\u00e9sentiel)\">\r\n\t\t\t\t\t\t\t\t\t\t\tRencontre du CA provincial de l\u2019ACFA (virtuel et pr\u00e9sentiel)\t\t\t\t\t\t\t\t\t\t<\/a>\r\n\t\t\t\t\t\t\t\t\t<\/h3>\r\n\t\t\t\t\t\t\t\t\t<div class=\"post-meta mb-3\">\r\n\t\t\t\t\t\t\t\t\t\t<span><i class=\"icofont-location-pin\"><\/i> (virtuel et pr\u00e9sentiel)<\/span>\t\t\t\t\t\t\t\t\t\t\t\t\t\t\t\t\t\t\t\t\t<span><i class=\"icofont-clock-time\"><\/i> 10 June 2026 au 13 June 2026<\/span>\r\n\t\t\t\t\t\t\t\t\t\t\t\t\t\t\t\t\t\t\t\t<\/div>\r\n\t\t\t\t\t\t\t\t\t<p>10 et 13 juin : Rencontre du CA provincial de l\u2019ACFA (virtuel et pr\u00e9sentiel)<\/p>\n\t\t\t\t\t\t\t\t\t\t<a href=\"https:\/\/acfa.ab.ca\/en\/evenement\/10-et-13-juin-rencontre-du-ca-provincial-de-lacfa-virtuel\/\" title=\"LIRE LA SUITE\">\r\n\t\t\t\t\t\t\t\t\t\t\t<i class=\"icofont-long-arrow-right\"><\/i>\r\n\t\t\t\t\t\t\t\t\t\t<\/a>\r\n\t\t\t\t\t\t\t\t\t\t\t\t\t\t\t\t\t\t<\/div>\r\n\t\t\t\t\t\t\t<\/div>\r\n\t\t\t\t\t\t<\/div>\r\n\t\t\t\t\t<\/div>\r\n\t\t\t\t\t\t\t<\/div>\r\n\t\t\t<\/div>\r\n\t[\/vc_column][\/vc_row][vc_row type=&#8221;container&#8221;][vc_column]\t<div class=\"theme-upcomingevents pt_100 pb_100\">\r\n\t\t\r\n\t\t<!-- Row -->\r\n\t\t<div class=\"row gy-5\">\r\n\t\t\t\t\t\t\t<div class=\"event-box-outer col-md-4 col-lg-4 col-xl-3\">\r\n\t\t\t\t\t<div class=\"event-box\">\r\n\t\t\t\t\t\t\t\t\t\t\t\t\t<div class=\"entry-cover mb-3\">\r\n\t\t\t\t\t\t\t\t<a href=\"https:\/\/acfa.ab.ca\/en\/evenement\/29-avril-et-3-mai-rencontre-du-ca-provincial-de-lacfa-virtuel-et-presentiel\/\" title=\"Rencontre du CA provincial de l\u2019ACFA (virtuel et pr\u00e9sentiel)\">\r\n\t\t\t\t\t\t\t\t\t<img loading=\"lazy\" decoding=\"async\" width=\"372\" height=\"257\" src=\"https:\/\/acfa.ab.ca\/wp-content\/uploads\/2022\/11\/Evenement_Web_Bleu8-372x257.jpg\" class=\"attachment-acfamainwp_372_257 size-acfamainwp_372_257 wp-post-image\" alt=\"\" \/>\t\t\t\t\t\t\t\t<\/a>\r\n\t\t\t\t\t\t\t<\/div>\r\n\t\t\t\t\t\t\t\t\t\t\t\t\t<h3>\r\n\t\t\t\t\t\t\t<a href=\"https:\/\/acfa.ab.ca\/en\/evenement\/29-avril-et-3-mai-rencontre-du-ca-provincial-de-lacfa-virtuel-et-presentiel\/\" title=\"Rencontre du CA provincial de l\u2019ACFA (virtuel et pr\u00e9sentiel)\">\r\n\t\t\t\t\t\t\t\tRencontre du CA provincial de l\u2019ACFA (virtuel et pr\u00e9sentiel)\t\t\t\t\t\t\t<\/a>\r\n\t\t\t\t\t\t<\/h3>\r\n\t\t\t\t\t\t<div class=\"post-meta mb-3\">\r\n\t\t\t\t\t\t\t<span><i class=\"icofont-location-pin\"><\/i> (virtuel et pr\u00e9sentiel)<\/span>\t\t\t\t\t\t\t\t\t\t\t\t\t\t\t<span><i class=\"icofont-clock-time\"><\/i> 29 April 2026 au 3 May 2026<\/span>\r\n\t\t\t\t\t\t\t\t\t\t\t\t\t\t<\/div>\r\n\t\t\t\t\t\t\t\t\t\t\t<\/div>\r\n\t\t\t\t<\/div>\r\n\t\t\t\t\t\t\t\t<div class=\"event-box-outer col-md-4 col-lg-4 col-xl-3\">\r\n\t\t\t\t\t<div class=\"event-box\">\r\n\t\t\t\t\t\t\t\t\t\t\t\t\t<div class=\"entry-cover mb-3\">\r\n\t\t\t\t\t\t\t\t<a href=\"https:\/\/acfa.ab.ca\/en\/evenement\/29-avril-et-3-mai-rencontre-du-ca-provincial-de-lacfa-virtuel-et-presentiel-copy\/\" title=\"Sommet sur le d\u00e9veloppement des comp\u00e9tences (Edmonton)\">\r\n\t\t\t\t\t\t\t\t\t<img loading=\"lazy\" decoding=\"async\" width=\"372\" height=\"257\" src=\"https:\/\/acfa.ab.ca\/wp-content\/uploads\/2022\/11\/Evenement_Web_vert1-372x257.jpg\" class=\"attachment-acfamainwp_372_257 size-acfamainwp_372_257 wp-post-image\" alt=\"\" \/>\t\t\t\t\t\t\t\t<\/a>\r\n\t\t\t\t\t\t\t<\/div>\r\n\t\t\t\t\t\t\t\t\t\t\t\t\t<h3>\r\n\t\t\t\t\t\t\t<a href=\"https:\/\/acfa.ab.ca\/en\/evenement\/29-avril-et-3-mai-rencontre-du-ca-provincial-de-lacfa-virtuel-et-presentiel-copy\/\" title=\"Sommet sur le d\u00e9veloppement des comp\u00e9tences (Edmonton)\">\r\n\t\t\t\t\t\t\t\tSommet sur le d\u00e9veloppement des comp\u00e9tences (Edmonton)\t\t\t\t\t\t\t<\/a>\r\n\t\t\t\t\t\t<\/h3>\r\n\t\t\t\t\t\t<div class=\"post-meta mb-3\">\r\n\t\t\t\t\t\t\t<span><i class=\"icofont-location-pin\"><\/i> Edmonton<\/span>\t\t\t\t\t\t\t\t\t\t\t\t\t\t\t<span><i class=\"icofont-clock-time\"><\/i> 1 May 2026<\/span>\r\n\t\t\t\t\t\t\t\t\t\t\t\t\t\t<\/div>\r\n\t\t\t\t\t\t\t\t\t\t\t<\/div>\r\n\t\t\t\t<\/div>\r\n\t\t\t\t\t\t\t\t<div class=\"event-box-outer col-md-4 col-lg-4 col-xl-3\">\r\n\t\t\t\t\t<div class=\"event-box\">\r\n\t\t\t\t\t\t\t\t\t\t\t\t\t<div class=\"entry-cover mb-3\">\r\n\t\t\t\t\t\t\t\t<a href=\"https:\/\/acfa.ab.ca\/en\/evenement\/forumcommunautaire\/\" title=\"Forum communautaire\">\r\n\t\t\t\t\t\t\t\t\t<img loading=\"lazy\" decoding=\"async\" width=\"372\" height=\"257\" src=\"https:\/\/acfa.ab.ca\/wp-content\/uploads\/2022\/11\/Evenements_ACFA_Forum-372x257.jpg\" class=\"attachment-acfamainwp_372_257 size-acfamainwp_372_257 wp-post-image\" alt=\"\" \/>\t\t\t\t\t\t\t\t<\/a>\r\n\t\t\t\t\t\t\t<\/div>\r\n\t\t\t\t\t\t\t\t\t\t\t\t\t<h3>\r\n\t\t\t\t\t\t\t<a href=\"https:\/\/acfa.ab.ca\/en\/evenement\/forumcommunautaire\/\" title=\"Forum communautaire\">\r\n\t\t\t\t\t\t\t\tForum communautaire\t\t\t\t\t\t\t<\/a>\r\n\t\t\t\t\t\t<\/h3>\r\n\t\t\t\t\t\t<div class=\"post-meta mb-3\">\r\n\t\t\t\t\t\t\t<span><i class=\"icofont-location-pin\"><\/i> \u00c9cole Claudette\u2011et\u2011Denis\u2011Tardif - Sherwood park.<\/span>\t\t\t\t\t\t\t\t\t\t\t\t\t\t\t<span><i class=\"icofont-clock-time\"><\/i> 2 May 2026<\/span>\r\n\t\t\t\t\t\t\t\t\t\t\t\t\t\t<\/div>\r\n\t\t\t\t\t\t\t\t\t\t\t<\/div>\r\n\t\t\t\t<\/div>\r\n\t\t\t\t\t\t\t\t<div class=\"event-box-outer col-md-4 col-lg-4 col-xl-3\">\r\n\t\t\t\t\t<div class=\"event-box\">\r\n\t\t\t\t\t\t\t\t\t\t\t\t\t<div class=\"entry-cover mb-3\">\r\n\t\t\t\t\t\t\t\t<a href=\"https:\/\/acfa.ab.ca\/en\/evenement\/forum-sur-les-services-sociaux-et-de-sante-mentale\/\" title=\"Forum sur les services sociaux et de sant\u00e9 mentale\">\r\n\t\t\t\t\t\t\t\t\t<img loading=\"lazy\" decoding=\"async\" width=\"372\" height=\"257\" src=\"https:\/\/acfa.ab.ca\/wp-content\/uploads\/2023\/03\/Evenement_Web_Bleu8-372x257.jpg\" class=\"attachment-acfamainwp_372_257 size-acfamainwp_372_257 wp-post-image\" alt=\"\" \/>\t\t\t\t\t\t\t\t<\/a>\r\n\t\t\t\t\t\t\t<\/div>\r\n\t\t\t\t\t\t\t\t\t\t\t\t\t<h3>\r\n\t\t\t\t\t\t\t<a href=\"https:\/\/acfa.ab.ca\/en\/evenement\/forum-sur-les-services-sociaux-et-de-sante-mentale\/\" title=\"Forum sur les services sociaux et de sant\u00e9 mentale\">\r\n\t\t\t\t\t\t\t\tForum sur les services sociaux et de sant\u00e9 mentale\t\t\t\t\t\t\t<\/a>\r\n\t\t\t\t\t\t<\/h3>\r\n\t\t\t\t\t\t<div class=\"post-meta mb-3\">\r\n\t\t\t\t\t\t\t<span><i class=\"icofont-location-pin\"><\/i> La Cit\u00e9 francophone \u00e0 Edmonton<\/span>\t\t\t\t\t\t\t\t\t\t\t\t\t\t\t<span><i class=\"icofont-clock-time\"><\/i> 5 May 2026<\/span>\r\n\t\t\t\t\t\t\t\t\t\t\t\t\t\t<\/div>\r\n\t\t\t\t\t\t\t\t\t\t\t<\/div>\r\n\t\t\t\t<\/div>\r\n\t\t\t\t\t\t\t\t<div class=\"event-box-outer col-md-4 col-lg-4 col-xl-3\">\r\n\t\t\t\t\t<div class=\"event-box\">\r\n\t\t\t\t\t\t\t\t\t\t\t\t\t<div class=\"entry-cover mb-3\">\r\n\t\t\t\t\t\t\t\t<a href=\"https:\/\/acfa.ab.ca\/en\/evenement\/10-et-13-juin-rencontre-du-ca-provincial-de-lacfa-virtuel\/\" title=\"Rencontre du CA provincial de l\u2019ACFA (virtuel et pr\u00e9sentiel)\">\r\n\t\t\t\t\t\t\t\t\t<img loading=\"lazy\" decoding=\"async\" width=\"372\" height=\"257\" src=\"https:\/\/acfa.ab.ca\/wp-content\/uploads\/2022\/11\/Evenement_Web_Bleu8-372x257.jpg\" class=\"attachment-acfamainwp_372_257 size-acfamainwp_372_257 wp-post-image\" alt=\"\" \/>\t\t\t\t\t\t\t\t<\/a>\r\n\t\t\t\t\t\t\t<\/div>\r\n\t\t\t\t\t\t\t\t\t\t\t\t\t<h3>\r\n\t\t\t\t\t\t\t<a href=\"https:\/\/acfa.ab.ca\/en\/evenement\/10-et-13-juin-rencontre-du-ca-provincial-de-lacfa-virtuel\/\" title=\"Rencontre du CA provincial de l\u2019ACFA (virtuel et pr\u00e9sentiel)\">\r\n\t\t\t\t\t\t\t\tRencontre du CA provincial de l\u2019ACFA (virtuel et pr\u00e9sentiel)\t\t\t\t\t\t\t<\/a>\r\n\t\t\t\t\t\t<\/h3>\r\n\t\t\t\t\t\t<div class=\"post-meta mb-3\">\r\n\t\t\t\t\t\t\t<span><i class=\"icofont-location-pin\"><\/i> (virtuel et pr\u00e9sentiel)<\/span>\t\t\t\t\t\t\t\t\t\t\t\t\t\t\t<span><i class=\"icofont-clock-time\"><\/i> 10 June 2026 au 13 June 2026<\/span>\r\n\t\t\t\t\t\t\t\t\t\t\t\t\t\t<\/div>\r\n\t\t\t\t\t\t\t\t\t\t\t<\/div>\r\n\t\t\t\t<\/div>\r\n\t\t\t\t\t\t\t\t<div class=\"event-box-outer col-md-4 col-lg-4 col-xl-3\">\r\n\t\t\t\t\t<div class=\"event-box\">\r\n\t\t\t\t\t\t\t\t\t\t\t\t\t<div class=\"entry-cover mb-3\">\r\n\t\t\t\t\t\t\t\t<a href=\"https:\/\/acfa.ab.ca\/en\/evenement\/23-et-26-septembre-rencontre-du-ca-provincial-de-lacfa-virtuel\/\" title=\"Rencontre du CA provincial de l\u2019ACFA (virtuel)\">\r\n\t\t\t\t\t\t\t\t\t<img loading=\"lazy\" decoding=\"async\" width=\"372\" height=\"257\" src=\"https:\/\/acfa.ab.ca\/wp-content\/uploads\/2022\/11\/Evenement_Web_Bleu8-372x257.jpg\" class=\"attachment-acfamainwp_372_257 size-acfamainwp_372_257 wp-post-image\" alt=\"\" \/>\t\t\t\t\t\t\t\t<\/a>\r\n\t\t\t\t\t\t\t<\/div>\r\n\t\t\t\t\t\t\t\t\t\t\t\t\t<h3>\r\n\t\t\t\t\t\t\t<a href=\"https:\/\/acfa.ab.ca\/en\/evenement\/23-et-26-septembre-rencontre-du-ca-provincial-de-lacfa-virtuel\/\" title=\"Rencontre du CA provincial de l\u2019ACFA (virtuel)\">\r\n\t\t\t\t\t\t\t\tRencontre du CA provincial de l\u2019ACFA (virtuel)\t\t\t\t\t\t\t<\/a>\r\n\t\t\t\t\t\t<\/h3>\r\n\t\t\t\t\t\t<div class=\"post-meta mb-3\">\r\n\t\t\t\t\t\t\t<span><i class=\"icofont-location-pin\"><\/i> (virtuel)<\/span>\t\t\t\t\t\t\t\t\t\t\t\t\t\t\t<span><i class=\"icofont-clock-time\"><\/i> 23 September 2026 au 26 September 2026<\/span>\r\n\t\t\t\t\t\t\t\t\t\t\t\t\t\t<\/div>\r\n\t\t\t\t\t\t\t\t\t\t\t<\/div>\r\n\t\t\t\t<\/div>\r\n\t\t\t\t\t\t\t\t<div class=\"event-box-outer col-md-4 col-lg-4 col-xl-3\">\r\n\t\t\t\t\t<div class=\"event-box\">\r\n\t\t\t\t\t\t\t\t\t\t\t\t\t<div class=\"entry-cover mb-3\">\r\n\t\t\t\t\t\t\t\t<a href=\"https:\/\/acfa.ab.ca\/en\/evenement\/2-mai-forum-communautaire-presentiel-edmonton-copy\/\" title=\"Congr\u00e8s annuel de la francophonie albertaine\/Assembl\u00e9e g\u00e9n\u00e9rale annuelle\/Gala reconnaissance (pr\u00e9sentiel \u2013 Edmonton)\">\r\n\t\t\t\t\t\t\t\t\t<img loading=\"lazy\" decoding=\"async\" width=\"372\" height=\"257\" src=\"https:\/\/acfa.ab.ca\/wp-content\/uploads\/2022\/11\/Evenement_Web_vert1-372x257.jpg\" class=\"attachment-acfamainwp_372_257 size-acfamainwp_372_257 wp-post-image\" alt=\"\" \/>\t\t\t\t\t\t\t\t<\/a>\r\n\t\t\t\t\t\t\t<\/div>\r\n\t\t\t\t\t\t\t\t\t\t\t\t\t<h3>\r\n\t\t\t\t\t\t\t<a href=\"https:\/\/acfa.ab.ca\/en\/evenement\/2-mai-forum-communautaire-presentiel-edmonton-copy\/\" title=\"Congr\u00e8s annuel de la francophonie albertaine\/Assembl\u00e9e g\u00e9n\u00e9rale annuelle\/Gala reconnaissance (pr\u00e9sentiel \u2013 Edmonton)\">\r\n\t\t\t\t\t\t\t\tCongr\u00e8s annuel de la francophonie albertaine\/Assembl\u00e9e g\u00e9n\u00e9rale annuelle\/Gala reconnaissance (pr\u00e9sentiel \u2013 Edmonton)\t\t\t\t\t\t\t<\/a>\r\n\t\t\t\t\t\t<\/h3>\r\n\t\t\t\t\t\t<div class=\"post-meta mb-3\">\r\n\t\t\t\t\t\t\t<span><i class=\"icofont-location-pin\"><\/i> (Pr\u00e9sentiel \u2013 Edmonton)<\/span>\t\t\t\t\t\t\t\t\t\t\t\t\t\t\t<span><i class=\"icofont-clock-time\"><\/i> 16 October 2026 au 17 October 2026<\/span>\r\n\t\t\t\t\t\t\t\t\t\t\t\t\t\t<\/div>\r\n\t\t\t\t\t\t\t\t\t\t\t<\/div>\r\n\t\t\t\t<\/div>\r\n\t\t\t\t\t\t<\/div><!-- Row \/- -->\r\n\t\t\t<\/div><!-- Page Content \/- -->\r\n\t[\/vc_column][\/vc_row][vc_row][vc_column][\/vc_column][\/vc_row]<\/p>\n<\/div>","protected":false},"excerpt":{"rendered":"<p>[vc_row type=&#8221;container&#8221;][vc_column][\/vc_column][\/vc_row][vc_row type=&#8221;container&#8221;][vc_column][\/vc_column][\/vc_row][vc_row][vc_column][\/vc_column][\/vc_row]<\/p>\n","protected":false},"author":1,"featured_media":0,"parent":0,"menu_order":0,"comment_status":"closed","ping_status":"closed","template":"","meta":{"footnotes":""},"class_list":["post-17607","page","type-page","status-publish","hentry","has-post-thumbnail"],"yoast_head":"<!-- This site is optimized with the Yoast SEO plugin v27.3 - https:\/\/yoast.com\/product\/yoast-seo-wordpress\/ -->\n<title>Events - ACFA<\/title>\n<meta name=\"robots\" content=\"index, follow, max-snippet:-1, max-image-preview:large, max-video-preview:-1\" \/>\n<link rel=\"canonical\" href=\"https:\/\/acfa.ab.ca\/en\/events\/\" \/>\n<meta property=\"og:locale\" content=\"en_US\" \/>\n<meta property=\"og:type\" content=\"article\" \/>\n<meta property=\"og:title\" content=\"Events - ACFA\" \/>\n<meta property=\"og:description\" content=\"[vc_row type=&#8221;container&#8221;][vc_column][\/vc_column][\/vc_row][vc_row type=&#8221;container&#8221;][vc_column][\/vc_column][\/vc_row][vc_row][vc_column][\/vc_column][\/vc_row]\" \/>\n<meta property=\"og:url\" content=\"https:\/\/acfa.ab.ca\/en\/events\/\" \/>\n<meta property=\"og:site_name\" content=\"ACFA\" \/>\n<meta property=\"article:modified_time\" content=\"2025-08-06T21:54:44+00:00\" \/>\n<meta name=\"twitter:card\" content=\"summary_large_image\" \/>\n<meta name=\"twitter:label1\" content=\"Est. reading time\" \/>\n\t<meta name=\"twitter:data1\" content=\"1 minute\" \/>\n<script type=\"application\/ld+json\" class=\"yoast-schema-graph\">{\"@context\":\"https:\\\/\\\/schema.org\",\"@graph\":[{\"@type\":\"WebPage\",\"@id\":\"https:\\\/\\\/acfa.ab.ca\\\/en\\\/events\\\/\",\"url\":\"https:\\\/\\\/acfa.ab.ca\\\/en\\\/events\\\/\",\"name\":\"Events - ACFA\",\"isPartOf\":{\"@id\":\"https:\\\/\\\/acfa.ab.ca\\\/#website\"},\"datePublished\":\"2022-06-23T12:49:25+00:00\",\"dateModified\":\"2025-08-06T21:54:44+00:00\",\"breadcrumb\":{\"@id\":\"https:\\\/\\\/acfa.ab.ca\\\/en\\\/events\\\/#breadcrumb\"},\"inLanguage\":\"en-US\",\"potentialAction\":[{\"@type\":\"ReadAction\",\"target\":[\"https:\\\/\\\/acfa.ab.ca\\\/en\\\/events\\\/\"]}]},{\"@type\":\"BreadcrumbList\",\"@id\":\"https:\\\/\\\/acfa.ab.ca\\\/en\\\/events\\\/#breadcrumb\",\"itemListElement\":[{\"@type\":\"ListItem\",\"position\":1,\"name\":\"Accueil\",\"item\":\"https:\\\/\\\/acfa.ab.ca\\\/en\\\/\"},{\"@type\":\"ListItem\",\"position\":2,\"name\":\"Events\"}]},{\"@type\":\"WebSite\",\"@id\":\"https:\\\/\\\/acfa.ab.ca\\\/#website\",\"url\":\"https:\\\/\\\/acfa.ab.ca\\\/\",\"name\":\"ACFA\",\"description\":\"Association de tous les francophones en Alberta\",\"publisher\":{\"@id\":\"https:\\\/\\\/acfa.ab.ca\\\/#organization\"},\"potentialAction\":[{\"@type\":\"SearchAction\",\"target\":{\"@type\":\"EntryPoint\",\"urlTemplate\":\"https:\\\/\\\/acfa.ab.ca\\\/?s={search_term_string}\"},\"query-input\":{\"@type\":\"PropertyValueSpecification\",\"valueRequired\":true,\"valueName\":\"search_term_string\"}}],\"inLanguage\":\"en-US\"},{\"@type\":\"Organization\",\"@id\":\"https:\\\/\\\/acfa.ab.ca\\\/#organization\",\"name\":\"ACFA : Association canadienne-fran\u00e7aise de l'Alberta\",\"url\":\"https:\\\/\\\/acfa.ab.ca\\\/\",\"logo\":{\"@type\":\"ImageObject\",\"inLanguage\":\"en-US\",\"@id\":\"https:\\\/\\\/acfa.ab.ca\\\/#\\\/schema\\\/logo\\\/image\\\/\",\"url\":\"https:\\\/\\\/acfa.ab.ca\\\/wp-content\\\/uploads\\\/2022\\\/07\\\/logo-white.png\",\"contentUrl\":\"https:\\\/\\\/acfa.ab.ca\\\/wp-content\\\/uploads\\\/2022\\\/07\\\/logo-white.png\",\"width\":3414,\"height\":1228,\"caption\":\"ACFA : Association canadienne-fran\u00e7aise de l'Alberta\"},\"image\":{\"@id\":\"https:\\\/\\\/acfa.ab.ca\\\/#\\\/schema\\\/logo\\\/image\\\/\"}}]}<\/script>\n<!-- \/ Yoast SEO plugin. -->","yoast_head_json":{"title":"Events - ACFA","robots":{"index":"index","follow":"follow","max-snippet":"max-snippet:-1","max-image-preview":"max-image-preview:large","max-video-preview":"max-video-preview:-1"},"canonical":"https:\/\/acfa.ab.ca\/en\/events\/","og_locale":"en_US","og_type":"article","og_title":"Events - ACFA","og_description":"[vc_row type=&#8221;container&#8221;][vc_column][\/vc_column][\/vc_row][vc_row type=&#8221;container&#8221;][vc_column][\/vc_column][\/vc_row][vc_row][vc_column][\/vc_column][\/vc_row]","og_url":"https:\/\/acfa.ab.ca\/en\/events\/","og_site_name":"ACFA","article_modified_time":"2025-08-06T21:54:44+00:00","twitter_card":"summary_large_image","twitter_misc":{"Est. reading time":"1 minute"},"schema":{"@context":"https:\/\/schema.org","@graph":[{"@type":"WebPage","@id":"https:\/\/acfa.ab.ca\/en\/events\/","url":"https:\/\/acfa.ab.ca\/en\/events\/","name":"Events - ACFA","isPartOf":{"@id":"https:\/\/acfa.ab.ca\/#website"},"datePublished":"2022-06-23T12:49:25+00:00","dateModified":"2025-08-06T21:54:44+00:00","breadcrumb":{"@id":"https:\/\/acfa.ab.ca\/en\/events\/#breadcrumb"},"inLanguage":"en-US","potentialAction":[{"@type":"ReadAction","target":["https:\/\/acfa.ab.ca\/en\/events\/"]}]},{"@type":"BreadcrumbList","@id":"https:\/\/acfa.ab.ca\/en\/events\/#breadcrumb","itemListElement":[{"@type":"ListItem","position":1,"name":"Accueil","item":"https:\/\/acfa.ab.ca\/en\/"},{"@type":"ListItem","position":2,"name":"Events"}]},{"@type":"WebSite","@id":"https:\/\/acfa.ab.ca\/#website","url":"https:\/\/acfa.ab.ca\/","name":"ACFA","description":"Association de tous les francophones en Alberta","publisher":{"@id":"https:\/\/acfa.ab.ca\/#organization"},"potentialAction":[{"@type":"SearchAction","target":{"@type":"EntryPoint","urlTemplate":"https:\/\/acfa.ab.ca\/?s={search_term_string}"},"query-input":{"@type":"PropertyValueSpecification","valueRequired":true,"valueName":"search_term_string"}}],"inLanguage":"en-US"},{"@type":"Organization","@id":"https:\/\/acfa.ab.ca\/#organization","name":"ACFA : Association canadienne-fran\u00e7aise de l'Alberta","url":"https:\/\/acfa.ab.ca\/","logo":{"@type":"ImageObject","inLanguage":"en-US","@id":"https:\/\/acfa.ab.ca\/#\/schema\/logo\/image\/","url":"https:\/\/acfa.ab.ca\/wp-content\/uploads\/2022\/07\/logo-white.png","contentUrl":"https:\/\/acfa.ab.ca\/wp-content\/uploads\/2022\/07\/logo-white.png","width":3414,"height":1228,"caption":"ACFA : Association canadienne-fran\u00e7aise de l'Alberta"},"image":{"@id":"https:\/\/acfa.ab.ca\/#\/schema\/logo\/image\/"}}]}},"_links":{"self":[{"href":"https:\/\/acfa.ab.ca\/en\/wp-json\/wp\/v2\/pages\/17607","targetHints":{"allow":["GET"]}}],"collection":[{"href":"https:\/\/acfa.ab.ca\/en\/wp-json\/wp\/v2\/pages"}],"about":[{"href":"https:\/\/acfa.ab.ca\/en\/wp-json\/wp\/v2\/types\/page"}],"author":[{"embeddable":true,"href":"https:\/\/acfa.ab.ca\/en\/wp-json\/wp\/v2\/users\/1"}],"replies":[{"embeddable":true,"href":"https:\/\/acfa.ab.ca\/en\/wp-json\/wp\/v2\/comments?post=17607"}],"version-history":[{"count":3,"href":"https:\/\/acfa.ab.ca\/en\/wp-json\/wp\/v2\/pages\/17607\/revisions"}],"predecessor-version":[{"id":17611,"href":"https:\/\/acfa.ab.ca\/en\/wp-json\/wp\/v2\/pages\/17607\/revisions\/17611"}],"wp:attachment":[{"href":"https:\/\/acfa.ab.ca\/en\/wp-json\/wp\/v2\/media?parent=17607"}],"curies":[{"name":"wp","href":"https:\/\/api.w.org\/{rel}","templated":true}]}}